{"id":171074,"date":"2023-11-14T18:52:13","date_gmt":"2023-11-14T15:52:13","guid":{"rendered":"https:\/\/oktamam.com\/%d8%aa%d8%b5%d8%b1%d9%8a%d8%ad-%d8%a7%d9%84%d8%b9%d9%85%d9%84-%d9%84%d9%84%d8%b7%d9%84%d8%a7%d8%a8-%d8%a7%d9%84%d8%a3%d8%ac%d8%a7%d9%86%d8%a8-%d9%81%d9%8a-%d9%85%d8%b5%d8%b1\/"},"modified":"2025-12-03T20:32:25","modified_gmt":"2025-12-03T17:32:25","slug":"permiso-de-trabajo-para-estudiantes-extranjeros-en-egipto","status":"publish","type":"page","link":"https:\/\/oktamam.com\/es\/permiso-de-trabajo-para-estudiantes-extranjeros-en-egipto\/","title":{"rendered":"Permiso de trabajo para estudiantes extranjeros en Egipto"},"content":{"rendered":"\t\t<div data-elementor-type=\"wp-page\" data-elementor-id=\"171074\" class=\"elementor elementor-171074 elementor-150906\" data-elementor-post-type=\"page\">\n\t\t\t\t\t\t<section class=\"elementor-section elementor-top-section elementor-element elementor-element-a22ec43 elementor-section-boxed elementor-section-height-default elementor-section-height-default\" data-id=\"a22ec43\" data-element_type=\"section\" data-e-type=\"section\">\n\t\t\t\t\t\t<div class=\"elementor-container elementor-column-gap-default\">\n\t\t\t\t\t<div class=\"elementor-column elementor-col-100 elementor-top-column elementor-element elementor-element-00cf7af\" data-id=\"00cf7af\" data-element_type=\"column\" data-e-type=\"column\">\n\t\t\t<div class=\"elementor-widget-wrap elementor-element-populated\">\n\t\t\t\t\t\t<div class=\"elementor-element elementor-element-4124d1c elementor-widget elementor-widget-template\" data-id=\"4124d1c\" data-element_type=\"widget\" data-e-type=\"widget\" data-widget_type=\"template.default\">\n\t\t\t\t<div class=\"elementor-widget-container\">\n\t\t\t\t\t\t\t<div class=\"elementor-template\">\n\t\t\t\t\t<div data-elementor-type=\"section\" data-elementor-id=\"171281\" class=\"elementor elementor-171281 elementor-918 elementor-918\" data-elementor-post-type=\"elementor_library\">\n\t\t\t\t\t<section class=\"elementor-section elementor-top-section elementor-element elementor-element-557f9a0b elementor-section-full_width elementor-section-height-default elementor-section-height-default\" data-id=\"557f9a0b\" data-element_type=\"section\" data-e-type=\"section\">\n\t\t\t\t\t\t<div class=\"elementor-container elementor-column-gap-default\">\n\t\t\t\t\t<div class=\"elementor-column elementor-col-100 elementor-top-column elementor-element elementor-element-53dc3970\" data-id=\"53dc3970\" data-element_type=\"column\" data-e-type=\"column\">\n\t\t\t<div class=\"elementor-widget-wrap elementor-element-populated\">\n\t\t\t\t\t\t<section class=\"elementor-section elementor-inner-section elementor-element elementor-element-5cc36d4b elementor-section-boxed elementor-section-height-default elementor-section-height-default\" data-id=\"5cc36d4b\" data-element_type=\"section\" data-e-type=\"section\">\n\t\t\t\t\t\t<div class=\"elementor-container elementor-column-gap-default\">\n\t\t\t\t\t<div class=\"elementor-column elementor-col-100 elementor-inner-column elementor-element elementor-element-169e9379\" data-id=\"169e9379\" data-element_type=\"column\" data-e-type=\"column\">\n\t\t\t<div class=\"elementor-widget-wrap elementor-element-populated\">\n\t\t\t\t\t\t<div data-dce-text-color=\"#FFFFFF\" class=\"elementor-element elementor-element-35becd01 elementor-align-left custom-breadcrumb elementor-widget elementor-widget-breadcrumbs\" data-id=\"35becd01\" data-element_type=\"widget\" data-e-type=\"widget\" data-widget_type=\"breadcrumbs.default\">\n\t\t\t\t<div class=\"elementor-widget-container\">\n\t\t\t\t\t<p id=\"breadcrumbs\"><span><span><a href=\"https:\/\/oktamam.com\/es\/\">Home<\/a><\/span><\/span><\/p>\t\t\t\t<\/div>\n\t\t\t\t<\/div>\n\t\t\t\t\t<\/div>\n\t\t<\/div>\n\t\t\t\t\t<\/div>\n\t\t<\/section>\n\t\t\t\t\t<\/div>\n\t\t<\/div>\n\t\t\t\t\t<\/div>\n\t\t<\/section>\n\t\t\t\t<\/div>\n\t\t\t\t<\/div>\n\t\t\t\t\t\t<\/div>\n\t\t\t\t<\/div>\n\t\t\t\t\t<\/div>\n\t\t<\/div>\n\t\t\t\t\t<\/div>\n\t\t<\/section>\n\t\t\t\t<section class=\"elementor-section elementor-top-section elementor-element elementor-element-eba3056 elementor-section-boxed elementor-section-height-default elementor-section-height-default\" data-id=\"eba3056\" data-element_type=\"section\" data-e-type=\"section\">\n\t\t\t\t\t\t<div class=\"elementor-container elementor-column-gap-default\">\n\t\t\t\t\t<div class=\"elementor-column elementor-col-50 elementor-top-column elementor-element elementor-element-35f962d\" data-id=\"35f962d\" data-element_type=\"column\" data-e-type=\"column\">\n\t\t\t<div class=\"elementor-widget-wrap elementor-element-populated\">\n\t\t\t\t\t\t<div class=\"elementor-element elementor-element-e1194c7 dce_masking-none elementor-widget elementor-widget-image\" data-id=\"e1194c7\" data-element_type=\"widget\" data-e-type=\"widget\" data-widget_type=\"image.default\">\n\t\t\t\t<div class=\"elementor-widget-container\">\n\t\t\t\t\t\t\t\t\t\t\t\t\t\t\t<img fetchpriority=\"high\" decoding=\"async\" width=\"480\" height=\"500\" src=\"https:\/\/oktamam.com\/wp-content\/uploads\/2023\/11\/\u062a\u0635\u0631\u064a\u062d-\u0627\u0644\u0639\u0645\u0644-\u0644\u0644\u0637\u0644\u0627\u0628-\u0641\u064a-\u0645\u0635\u0631.png\" class=\"attachment-full size-full wp-image-157597\" alt=\"\" srcset=\"https:\/\/oktamam.com\/wp-content\/uploads\/2023\/11\/\u062a\u0635\u0631\u064a\u062d-\u0627\u0644\u0639\u0645\u0644-\u0644\u0644\u0637\u0644\u0627\u0628-\u0641\u064a-\u0645\u0635\u0631.png 480w, https:\/\/oktamam.com\/wp-content\/uploads\/2023\/11\/\u062a\u0635\u0631\u064a\u062d-\u0627\u0644\u0639\u0645\u0644-\u0644\u0644\u0637\u0644\u0627\u0628-\u0641\u064a-\u0645\u0635\u0631-288x300.png 288w\" sizes=\"(max-width: 480px) 100vw, 480px\" \/>\t\t\t\t\t\t\t\t\t\t\t\t\t\t\t<\/div>\n\t\t\t\t<\/div>\n\t\t\t\t\t<\/div>\n\t\t<\/div>\n\t\t\t\t<div class=\"elementor-column elementor-col-50 elementor-top-column elementor-element elementor-element-66b4a96\" data-id=\"66b4a96\" data-element_type=\"column\" data-e-type=\"column\">\n\t\t\t<div class=\"elementor-widget-wrap elementor-element-populated\">\n\t\t\t\t\t\t<div class=\"elementor-element elementor-element-49dacd7 elementor-widget elementor-widget-heading\" data-id=\"49dacd7\" data-element_type=\"widget\" data-e-type=\"widget\" data-widget_type=\"heading.default\">\n\t\t\t\t<div class=\"elementor-widget-container\">\n\t\t\t\t\t<h1 class=\"elementor-heading-title elementor-size-default\">Permiso de trabajo para estudiantes extranjeros en Egipto<\/h1>\t\t\t\t<\/div>\n\t\t\t\t<\/div>\n\t\t\t\t<div class=\"elementor-element elementor-element-791fe80 elementor-widget elementor-widget-text-editor\" data-id=\"791fe80\" data-element_type=\"widget\" data-e-type=\"widget\" data-widget_type=\"text-editor.default\">\n\t\t\t\t<div class=\"elementor-widget-container\">\n\t\t\t\t\t\t\t\t\t<p dir=\"ltr\" style=\"text-align: left;\">Muchos estudiantes necesitan trabajar durante sus estudios para sus necesidades financieras, especialmente los estudiantes internacionales. Por eso, muchos estudiantes preguntan sobre la posibilidad de obtener un permiso de trabajo durante el per\u00edodo de estudios. A continuaci\u00f3n les damos la informaci\u00f3n m\u00e1s importante que necesitan saber sobre el permiso de trabajo para estudiantes internacionales en Egipto.<\/p>\t\t\t\t\t\t\t\t<\/div>\n\t\t\t\t<\/div>\n\t\t\t\t<div data-dce-title-color=\"#2595B3\" class=\"elementor-element elementor-element-65d32fc elementor-widget elementor-widget-heading\" data-id=\"65d32fc\" data-element_type=\"widget\" data-e-type=\"widget\" data-widget_type=\"heading.default\">\n\t\t\t\t<div class=\"elementor-widget-container\">\n\t\t\t\t\t<h2 class=\"elementor-heading-title elementor-size-default\">\u00bfPueden los estudiantes internacionales obtener un permiso de trabajo en Egipto?<\/h2>\t\t\t\t<\/div>\n\t\t\t\t<\/div>\n\t\t\t\t<div class=\"elementor-element elementor-element-5d4085e elementor-widget elementor-widget-text-editor\" data-id=\"5d4085e\" data-element_type=\"widget\" data-e-type=\"widget\" data-widget_type=\"text-editor.default\">\n\t\t\t\t<div class=\"elementor-widget-container\">\n\t\t\t\t\t\t\t\t\t<p dir=\"ltr\" style=\"text-align: left;\">S\u00ed, los estudiantes internacionales pueden trabajar durante sus estudios en Egipto, pero hay condiciones que deben cumplir:<\/p>\t\t\t\t\t\t\t\t<\/div>\n\t\t\t\t<\/div>\n\t\t\t\t<div data-dce-text-color=\"#6E6E6E\" class=\"elementor-element elementor-element-6bd484d elementor-align-start custom-only-list elementor-icon-list--layout-traditional elementor-list-item-link-full_width elementor-widget elementor-widget-icon-list\" data-id=\"6bd484d\" data-element_type=\"widget\" data-e-type=\"widget\" data-widget_type=\"icon-list.default\">\n\t\t\t\t<div class=\"elementor-widget-container\">\n\t\t\t\t\t\t\t<ul class=\"elementor-icon-list-items\">\n\t\t\t\t\t\t\t<li class=\"elementor-icon-list-item\">\n\t\t\t\t\t\t\t\t\t\t<span class=\"elementor-icon-list-text\">Obtener un permiso de trabajo del Ministerio de Trabajo, el permiso especifica el tipo y el per\u00edodo de tiempo permitido del trabajo.<\/span>\n\t\t\t\t\t\t\t\t\t<\/li>\n\t\t\t\t\t\t\t\t<li class=\"elementor-icon-list-item\">\n\t\t\t\t\t\t\t\t\t\t<span class=\"elementor-icon-list-text\">Compromiso de trabajar las horas establecidas durante el periodo de estudio.<\/span>\n\t\t\t\t\t\t\t\t\t<\/li>\n\t\t\t\t\t\t\t\t<li class=\"elementor-icon-list-item\">\n\t\t\t\t\t\t\t\t\t\t<span class=\"elementor-icon-list-text\">Trabajar \u00fanicamente en empleos permitidos, ya que hay lugares que no est\u00e1n permitidos para estudiantes extranjeros en Egipto.<\/span>\n\t\t\t\t\t\t\t\t\t<\/li>\n\t\t\t\t\t\t<\/ul>\n\t\t\t\t\t\t<\/div>\n\t\t\t\t<\/div>\n\t\t\t\t\t<\/div>\n\t\t<\/div>\n\t\t\t\t\t<\/div>\n\t\t<\/section>\n\t\t\t\t<section class=\"elementor-section elementor-top-section elementor-element elementor-element-f701cd6 elementor-section-boxed elementor-section-height-default elementor-section-height-default\" data-id=\"f701cd6\" data-element_type=\"section\" data-e-type=\"section\">\n\t\t\t\t\t\t<div class=\"elementor-container elementor-column-gap-default\">\n\t\t\t\t\t<div class=\"elementor-column elementor-col-100 elementor-top-column elementor-element elementor-element-9e6f09d\" data-id=\"9e6f09d\" data-element_type=\"column\" data-e-type=\"column\">\n\t\t\t<div class=\"elementor-widget-wrap elementor-element-populated\">\n\t\t\t\t\t\t<section class=\"elementor-section elementor-inner-section elementor-element elementor-element-82c45e3 elementor-section-content-top elementor-section-boxed elementor-section-height-default elementor-section-height-default\" data-id=\"82c45e3\" data-element_type=\"section\" data-e-type=\"section\">\n\t\t\t\t\t\t<div class=\"elementor-container elementor-column-gap-default\">\n\t\t\t\t\t<div class=\"elementor-column elementor-col-100 elementor-inner-column elementor-element elementor-element-d6f760d\" data-id=\"d6f760d\" data-element_type=\"column\" data-e-type=\"column\">\n\t\t\t<div class=\"elementor-widget-wrap elementor-element-populated\">\n\t\t\t\t\t\t<div data-dce-title-color=\"#FFCC00\" class=\"elementor-element elementor-element-c573924 elementor-widget__width-auto titles-bottom-border h-black elementor-widget elementor-widget-heading\" data-id=\"c573924\" data-element_type=\"widget\" data-e-type=\"widget\" data-widget_type=\"heading.default\">\n\t\t\t\t<div class=\"elementor-widget-container\">\n\t\t\t\t\t<h3 class=\"elementor-heading-title elementor-size-default\">\u00bfQu\u00e9 trabajos son adecuados para estudiantes internacionales en Egipto?<\/h3>\t\t\t\t<\/div>\n\t\t\t\t<\/div>\n\t\t\t\t<div class=\"elementor-element elementor-element-bb60009 elementor-widget elementor-widget-text-editor\" data-id=\"bb60009\" data-element_type=\"widget\" data-e-type=\"widget\" data-widget_type=\"text-editor.default\">\n\t\t\t\t<div class=\"elementor-widget-container\">\n\t\t\t\t\t\t\t\t\t<p dir=\"ltr\" style=\"text-align: left;\">Los estudiantes extranjeros en Egipto pueden trabajar en restaurantes y cafeter\u00edas, o trabajar en los campos de orientaci\u00f3n tur\u00edstica o de importaci\u00f3n y exportaci\u00f3n.<\/p><p dir=\"ltr\">\u00a0<\/p><p dir=\"ltr\" style=\"text-align: left;\">El estudiante tambi\u00e9n puede buscar trabajo independiente a trav\u00e9s de muchos sitios web que tienen diversas oportunidades laborales en muchos campos, incluidos los campos de: dise\u00f1o, programaci\u00f3n, contabilidad, redacci\u00f3n, edici\u00f3n, revisi\u00f3n ling\u00fc\u00edstica y otros campos que le permiten al estudiante cubrir sus necesidades econ\u00f3micas durante el per\u00edodo sus estudios en Egipto.<\/p>\t\t\t\t\t\t\t\t<\/div>\n\t\t\t\t<\/div>\n\t\t\t\t\t<\/div>\n\t\t<\/div>\n\t\t\t\t\t<\/div>\n\t\t<\/section>\n\t\t\t\t\t<\/div>\n\t\t<\/div>\n\t\t\t\t\t<\/div>\n\t\t<\/section>\n\t\t\t\t<\/div>\n\t\t","protected":false},"excerpt":{"rendered":"<p>Permiso de trabajo para estudiantes extranjeros en Egipto Muchos estudiantes necesitan trabajar durante sus estudios para sus necesidades financieras, especialmente los estudiantes internacionales. Por eso, [&hellip;]<\/p>\n","protected":false},"author":24,"featured_media":0,"parent":171081,"menu_order":0,"comment_status":"closed","ping_status":"closed","template":"","meta":{"_acf_changed":false,"footnotes":""},"class_list":["post-171074","page","type-page","status-publish","hentry"],"acf":[],"yoast_head":"<!-- This site is optimized with the Yoast SEO Premium plugin v27.1 (Yoast SEO v27.1.1) - https:\/\/yoast.com\/product\/yoast-seo-premium-wordpress\/ -->\n<title>Permiso de trabajo para estudiantes extranjeros en Egipto - \u0627\u0648\u0643\u064a \u062a\u0645\u0627\u0645<\/title>\n<meta name=\"robots\" content=\"index, follow, max-snippet:-1, max-image-preview:large, max-video-preview:-1\" \/>\n<link rel=\"canonical\" href=\"https:\/\/oktamam.com\/es\/permiso-de-trabajo-para-estudiantes-extranjeros-en-egipto\/\" \/>\n<meta property=\"og:locale\" content=\"es_ES\" \/>\n<meta property=\"og:type\" content=\"article\" \/>\n<meta property=\"og:title\" content=\"Permiso de trabajo para estudiantes extranjeros en Egipto\" \/>\n<meta property=\"og:description\" content=\"Permiso de trabajo para estudiantes extranjeros en Egipto Muchos estudiantes necesitan trabajar durante sus estudios para sus necesidades financieras, especialmente los estudiantes internacionales. Por eso, [&hellip;]\" \/>\n<meta property=\"og:url\" content=\"https:\/\/oktamam.com\/es\/permiso-de-trabajo-para-estudiantes-extranjeros-en-egipto\/\" \/>\n<meta property=\"og:site_name\" content=\"\u0627\u0648\u0643\u064a \u062a\u0645\u0627\u0645\" \/>\n<meta property=\"article:publisher\" content=\"https:\/\/www.facebook.com\/oktamamcom\" \/>\n<meta property=\"article:modified_time\" content=\"2025-12-03T17:32:25+00:00\" \/>\n<meta property=\"og:image\" content=\"https:\/\/oktamam.com\/wp-content\/uploads\/2023\/05\/seo_default_image_oktamam.webp\" \/>\n\t<meta property=\"og:image:width\" content=\"1200\" \/>\n\t<meta property=\"og:image:height\" content=\"628\" \/>\n\t<meta property=\"og:image:type\" content=\"image\/webp\" \/>\n<meta name=\"twitter:card\" content=\"summary_large_image\" \/>\n<meta name=\"twitter:site\" content=\"@ok_tamam\" \/>\n<script type=\"application\/ld+json\" class=\"yoast-schema-graph\">{\"@context\":\"https:\/\/schema.org\",\"@graph\":[{\"@type\":\"WebPage\",\"@id\":\"https:\/\/oktamam.com\/es\/permiso-de-trabajo-para-estudiantes-extranjeros-en-egipto\/\",\"url\":\"https:\/\/oktamam.com\/es\/permiso-de-trabajo-para-estudiantes-extranjeros-en-egipto\/\",\"name\":\"Permiso de trabajo para estudiantes extranjeros en Egipto - \u0627\u0648\u0643\u064a \u062a\u0645\u0627\u0645\",\"isPartOf\":{\"@id\":\"https:\/\/oktamam.com\/es\/#website\"},\"datePublished\":\"2023-11-14T15:52:13+00:00\",\"dateModified\":\"2025-12-03T17:32:25+00:00\",\"breadcrumb\":{\"@id\":\"https:\/\/oktamam.com\/es\/permiso-de-trabajo-para-estudiantes-extranjeros-en-egipto\/#breadcrumb\"},\"inLanguage\":\"es\",\"potentialAction\":[{\"@type\":\"ReadAction\",\"target\":[\"https:\/\/oktamam.com\/es\/permiso-de-trabajo-para-estudiantes-extranjeros-en-egipto\/\"]}]},{\"@type\":\"BreadcrumbList\",\"@id\":\"https:\/\/oktamam.com\/es\/permiso-de-trabajo-para-estudiantes-extranjeros-en-egipto\/#breadcrumb\",\"itemListElement\":[{\"@type\":\"ListItem\",\"position\":1,\"name\":\"Home\",\"item\":\"https:\/\/oktamam.com\/es\/\"},{\"@type\":\"ListItem\",\"position\":2,\"name\":\"Estudiar en Egipto\",\"item\":\"https:\/\/oktamam.com\/es\/egipto\/\"},{\"@type\":\"ListItem\",\"position\":3,\"name\":\"Permiso de trabajo para estudiantes extranjeros en Egipto\"}]},{\"@type\":\"WebSite\",\"@id\":\"https:\/\/oktamam.com\/es\/#website\",\"url\":\"https:\/\/oktamam.com\/es\/\",\"name\":\"\u0627\u0648\u0643\u064a \u062a\u0645\u0627\u0645\",\"description\":\"\u0627\u0644\u062f\u0631\u0627\u0633\u0629 \u0641\u064a \u0627\u0644\u062e\u0627\u0631\u062c\",\"publisher\":{\"@id\":\"https:\/\/oktamam.com\/es\/#organization\"},\"potentialAction\":[{\"@type\":\"SearchAction\",\"target\":{\"@type\":\"EntryPoint\",\"urlTemplate\":\"https:\/\/oktamam.com\/es\/?s={search_term_string}\"},\"query-input\":{\"@type\":\"PropertyValueSpecification\",\"valueRequired\":true,\"valueName\":\"search_term_string\"}}],\"inLanguage\":\"es\"},{\"@type\":\"Organization\",\"@id\":\"https:\/\/oktamam.com\/es\/#organization\",\"name\":\"\u0627\u0648\u0643\u064a \u062a\u0645\u0627\u0645\",\"url\":\"https:\/\/oktamam.com\/es\/\",\"logo\":{\"@type\":\"ImageObject\",\"inLanguage\":\"es\",\"@id\":\"https:\/\/oktamam.com\/es\/#\/schema\/logo\/image\/\",\"url\":\"https:\/\/oktamam.com\/wp-content\/uploads\/2023\/04\/oktamam_logo_v-01.png\",\"contentUrl\":\"https:\/\/oktamam.com\/wp-content\/uploads\/2023\/04\/oktamam_logo_v-01.png\",\"width\":1030,\"height\":1030,\"caption\":\"\u0627\u0648\u0643\u064a \u062a\u0645\u0627\u0645\"},\"image\":{\"@id\":\"https:\/\/oktamam.com\/es\/#\/schema\/logo\/image\/\"},\"sameAs\":[\"https:\/\/www.facebook.com\/oktamamcom\",\"https:\/\/x.com\/ok_tamam\",\"https:\/\/instagram.com\/oktamam\",\"https:\/\/www.linkedin.com\/company\/ok-tamam\",\"https:\/\/www.youtube.com\/ok-tamam-group\"]}]}<\/script>\n<!-- \/ Yoast SEO Premium plugin. -->","yoast_head_json":{"title":"Permiso de trabajo para estudiantes extranjeros en Egipto - \u0627\u0648\u0643\u064a \u062a\u0645\u0627\u0645","robots":{"index":"index","follow":"follow","max-snippet":"max-snippet:-1","max-image-preview":"max-image-preview:large","max-video-preview":"max-video-preview:-1"},"canonical":"https:\/\/oktamam.com\/es\/permiso-de-trabajo-para-estudiantes-extranjeros-en-egipto\/","og_locale":"es_ES","og_type":"article","og_title":"Permiso de trabajo para estudiantes extranjeros en Egipto","og_description":"Permiso de trabajo para estudiantes extranjeros en Egipto Muchos estudiantes necesitan trabajar durante sus estudios para sus necesidades financieras, especialmente los estudiantes internacionales. Por eso, [&hellip;]","og_url":"https:\/\/oktamam.com\/es\/permiso-de-trabajo-para-estudiantes-extranjeros-en-egipto\/","og_site_name":"\u0627\u0648\u0643\u064a \u062a\u0645\u0627\u0645","article_publisher":"https:\/\/www.facebook.com\/oktamamcom","article_modified_time":"2025-12-03T17:32:25+00:00","og_image":[{"width":1200,"height":628,"url":"https:\/\/oktamam.com\/wp-content\/uploads\/2023\/05\/seo_default_image_oktamam.webp","type":"image\/webp"}],"twitter_card":"summary_large_image","twitter_site":"@ok_tamam","schema":{"@context":"https:\/\/schema.org","@graph":[{"@type":"WebPage","@id":"https:\/\/oktamam.com\/es\/permiso-de-trabajo-para-estudiantes-extranjeros-en-egipto\/","url":"https:\/\/oktamam.com\/es\/permiso-de-trabajo-para-estudiantes-extranjeros-en-egipto\/","name":"Permiso de trabajo para estudiantes extranjeros en Egipto - \u0627\u0648\u0643\u064a \u062a\u0645\u0627\u0645","isPartOf":{"@id":"https:\/\/oktamam.com\/es\/#website"},"datePublished":"2023-11-14T15:52:13+00:00","dateModified":"2025-12-03T17:32:25+00:00","breadcrumb":{"@id":"https:\/\/oktamam.com\/es\/permiso-de-trabajo-para-estudiantes-extranjeros-en-egipto\/#breadcrumb"},"inLanguage":"es","potentialAction":[{"@type":"ReadAction","target":["https:\/\/oktamam.com\/es\/permiso-de-trabajo-para-estudiantes-extranjeros-en-egipto\/"]}]},{"@type":"BreadcrumbList","@id":"https:\/\/oktamam.com\/es\/permiso-de-trabajo-para-estudiantes-extranjeros-en-egipto\/#breadcrumb","itemListElement":[{"@type":"ListItem","position":1,"name":"Home","item":"https:\/\/oktamam.com\/es\/"},{"@type":"ListItem","position":2,"name":"Estudiar en Egipto","item":"https:\/\/oktamam.com\/es\/egipto\/"},{"@type":"ListItem","position":3,"name":"Permiso de trabajo para estudiantes extranjeros en Egipto"}]},{"@type":"WebSite","@id":"https:\/\/oktamam.com\/es\/#website","url":"https:\/\/oktamam.com\/es\/","name":"\u0627\u0648\u0643\u064a \u062a\u0645\u0627\u0645","description":"\u0627\u0644\u062f\u0631\u0627\u0633\u0629 \u0641\u064a \u0627\u0644\u062e\u0627\u0631\u062c","publisher":{"@id":"https:\/\/oktamam.com\/es\/#organization"},"potentialAction":[{"@type":"SearchAction","target":{"@type":"EntryPoint","urlTemplate":"https:\/\/oktamam.com\/es\/?s={search_term_string}"},"query-input":{"@type":"PropertyValueSpecification","valueRequired":true,"valueName":"search_term_string"}}],"inLanguage":"es"},{"@type":"Organization","@id":"https:\/\/oktamam.com\/es\/#organization","name":"\u0627\u0648\u0643\u064a \u062a\u0645\u0627\u0645","url":"https:\/\/oktamam.com\/es\/","logo":{"@type":"ImageObject","inLanguage":"es","@id":"https:\/\/oktamam.com\/es\/#\/schema\/logo\/image\/","url":"https:\/\/oktamam.com\/wp-content\/uploads\/2023\/04\/oktamam_logo_v-01.png","contentUrl":"https:\/\/oktamam.com\/wp-content\/uploads\/2023\/04\/oktamam_logo_v-01.png","width":1030,"height":1030,"caption":"\u0627\u0648\u0643\u064a \u062a\u0645\u0627\u0645"},"image":{"@id":"https:\/\/oktamam.com\/es\/#\/schema\/logo\/image\/"},"sameAs":["https:\/\/www.facebook.com\/oktamamcom","https:\/\/x.com\/ok_tamam","https:\/\/instagram.com\/oktamam","https:\/\/www.linkedin.com\/company\/ok-tamam","https:\/\/www.youtube.com\/ok-tamam-group"]}]}},"_links":{"self":[{"href":"https:\/\/oktamam.com\/es\/wp-json\/wp\/v2\/pages\/171074","targetHints":{"allow":["GET"]}}],"collection":[{"href":"https:\/\/oktamam.com\/es\/wp-json\/wp\/v2\/pages"}],"about":[{"href":"https:\/\/oktamam.com\/es\/wp-json\/wp\/v2\/types\/page"}],"author":[{"embeddable":true,"href":"https:\/\/oktamam.com\/es\/wp-json\/wp\/v2\/users\/24"}],"replies":[{"embeddable":true,"href":"https:\/\/oktamam.com\/es\/wp-json\/wp\/v2\/comments?post=171074"}],"version-history":[{"count":5,"href":"https:\/\/oktamam.com\/es\/wp-json\/wp\/v2\/pages\/171074\/revisions"}],"predecessor-version":[{"id":178994,"href":"https:\/\/oktamam.com\/es\/wp-json\/wp\/v2\/pages\/171074\/revisions\/178994"}],"up":[{"embeddable":true,"href":"https:\/\/oktamam.com\/es\/wp-json\/wp\/v2\/pages\/171081"}],"wp:attachment":[{"href":"https:\/\/oktamam.com\/es\/wp-json\/wp\/v2\/media?parent=171074"}],"curies":[{"name":"wp","href":"https:\/\/api.w.org\/{rel}","templated":true}]}}