{"id":168081,"date":"2023-05-21T05:31:32","date_gmt":"2023-05-21T02:31:32","guid":{"rendered":"https:\/\/oktamam.com\/%d8%a7%d8%ae%d8%aa%d8%a8%d8%a7%d8%b1-%d8%a7%d9%84%d9%8a%d9%88%d8%b3-yos\/"},"modified":"2025-12-03T20:43:57","modified_gmt":"2025-12-03T17:43:57","slug":"examen-del-yos","status":"publish","type":"page","link":"https:\/\/oktamam.com\/es\/examen-del-yos\/","title":{"rendered":"Examen del Y\u00d6S"},"content":{"rendered":"\t\t<div data-elementor-type=\"wp-page\" data-elementor-id=\"168081\" class=\"elementor elementor-168081 elementor-125274\" data-elementor-post-type=\"page\">\n\t\t\t\t\t\t<section class=\"elementor-section elementor-top-section elementor-element elementor-element-7416fb8 elementor-section-boxed elementor-section-height-default elementor-section-height-default\" data-id=\"7416fb8\" data-element_type=\"section\" data-e-type=\"section\">\n\t\t\t\t\t\t<div class=\"elementor-container elementor-column-gap-default\">\n\t\t\t\t\t<div class=\"elementor-column elementor-col-100 elementor-top-column elementor-element elementor-element-f5e51f2\" data-id=\"f5e51f2\" data-element_type=\"column\" data-e-type=\"column\">\n\t\t\t<div class=\"elementor-widget-wrap elementor-element-populated\">\n\t\t\t\t\t\t<div class=\"elementor-element elementor-element-46b8218 elementor-widget elementor-widget-template\" data-id=\"46b8218\" data-element_type=\"widget\" data-e-type=\"widget\" data-widget_type=\"template.default\">\n\t\t\t\t<div class=\"elementor-widget-container\">\n\t\t\t\t\t\t\t<div class=\"elementor-template\">\n\t\t\t\t\t<div data-elementor-type=\"section\" data-elementor-id=\"171281\" class=\"elementor elementor-171281 elementor-918 elementor-918\" data-elementor-post-type=\"elementor_library\">\n\t\t\t\t\t<section class=\"elementor-section elementor-top-section elementor-element elementor-element-557f9a0b elementor-section-full_width elementor-section-height-default elementor-section-height-default\" data-id=\"557f9a0b\" data-element_type=\"section\" data-e-type=\"section\">\n\t\t\t\t\t\t<div class=\"elementor-container elementor-column-gap-default\">\n\t\t\t\t\t<div class=\"elementor-column elementor-col-100 elementor-top-column elementor-element elementor-element-53dc3970\" data-id=\"53dc3970\" data-element_type=\"column\" data-e-type=\"column\">\n\t\t\t<div class=\"elementor-widget-wrap elementor-element-populated\">\n\t\t\t\t\t\t<section class=\"elementor-section elementor-inner-section elementor-element elementor-element-5cc36d4b elementor-section-boxed elementor-section-height-default elementor-section-height-default\" data-id=\"5cc36d4b\" data-element_type=\"section\" data-e-type=\"section\">\n\t\t\t\t\t\t<div class=\"elementor-container elementor-column-gap-default\">\n\t\t\t\t\t<div class=\"elementor-column elementor-col-100 elementor-inner-column elementor-element elementor-element-169e9379\" data-id=\"169e9379\" data-element_type=\"column\" data-e-type=\"column\">\n\t\t\t<div class=\"elementor-widget-wrap elementor-element-populated\">\n\t\t\t\t\t\t<div data-dce-text-color=\"#FFFFFF\" class=\"elementor-element elementor-element-35becd01 elementor-align-left custom-breadcrumb elementor-widget elementor-widget-breadcrumbs\" data-id=\"35becd01\" data-element_type=\"widget\" data-e-type=\"widget\" data-widget_type=\"breadcrumbs.default\">\n\t\t\t\t<div class=\"elementor-widget-container\">\n\t\t\t\t\t<p id=\"breadcrumbs\"><span><span><a href=\"https:\/\/oktamam.com\/es\/\">Home<\/a><\/span><\/span><\/p>\t\t\t\t<\/div>\n\t\t\t\t<\/div>\n\t\t\t\t\t<\/div>\n\t\t<\/div>\n\t\t\t\t\t<\/div>\n\t\t<\/section>\n\t\t\t\t\t<\/div>\n\t\t<\/div>\n\t\t\t\t\t<\/div>\n\t\t<\/section>\n\t\t\t\t<\/div>\n\t\t\t\t<\/div>\n\t\t\t\t\t\t<\/div>\n\t\t\t\t<\/div>\n\t\t\t\t\t<\/div>\n\t\t<\/div>\n\t\t\t\t\t<\/div>\n\t\t<\/section>\n\t\t\t\t<section class=\"elementor-section elementor-top-section elementor-element elementor-element-9ddb143 exam-second-text-block elementor-section-boxed elementor-section-height-default elementor-section-height-default\" data-id=\"9ddb143\" data-element_type=\"section\" data-e-type=\"section\">\n\t\t\t\t\t\t<div class=\"elementor-container elementor-column-gap-default\">\n\t\t\t\t\t<div class=\"elementor-column elementor-col-100 elementor-top-column elementor-element elementor-element-9a9abf3\" data-id=\"9a9abf3\" data-element_type=\"column\" data-e-type=\"column\">\n\t\t\t<div class=\"elementor-widget-wrap elementor-element-populated\">\n\t\t\t\t\t\t<div class=\"elementor-element elementor-element-96c0c96 elementor-widget elementor-widget-heading\" data-id=\"96c0c96\" data-element_type=\"widget\" data-e-type=\"widget\" data-widget_type=\"heading.default\">\n\t\t\t\t<div class=\"elementor-widget-container\">\n\t\t\t\t\t<h1 class=\"elementor-heading-title elementor-size-default\">Acerca del Examen del Y\u00d6S (Yabanc\u0131 Uyruklu \u00d6\u011frenci S\u0131nav\u0131)<\/h1>\t\t\t\t<\/div>\n\t\t\t\t<\/div>\n\t\t\t\t<div class=\"elementor-element elementor-element-e77f590 elementor-widget elementor-widget-text-editor\" data-id=\"e77f590\" data-element_type=\"widget\" data-e-type=\"widget\" data-widget_type=\"text-editor.default\">\n\t\t\t\t<div class=\"elementor-widget-container\">\n\t\t\t\t\t\t\t\t\t<p>Es un examen turco local que no est\u00e1 reconocida internacionalmente pero realizada por la mayor\u00eda de las universidades turcas. Es una abreviatura de \u00abYabanc\u0131 Uyruklu \u00d6\u011frenci S\u0131nav\u0131\u00bb, que en turco significa prueba para estudiantes extranjeros. El examen Y\u00d6S es un requisito previo para la admisi\u00f3n a las universidades p\u00fablicas turcas.<\/p><p>El promedio que los estudiantes obtienen del examen Y\u00d6S juega un papel importante en elevar el promedio obtenido por el estudiante en su certificado de escuela secundaria, lo que le brinda al estudiante la posibilidad de marticularese en universidades con altos promedios como medicina y farmacia.<\/p>\t\t\t\t\t\t\t\t<\/div>\n\t\t\t\t<\/div>\n\t\t\t\t\t<\/div>\n\t\t<\/div>\n\t\t\t\t\t<\/div>\n\t\t<\/section>\n\t\t\t\t<section class=\"elementor-section elementor-top-section elementor-element elementor-element-e6c36dc exam-first-text-block elementor-section-boxed elementor-section-height-default elementor-section-height-default\" data-id=\"e6c36dc\" data-element_type=\"section\" data-e-type=\"section\" data-settings=\"{&quot;background_background&quot;:&quot;classic&quot;}\">\n\t\t\t\t\t\t<div class=\"elementor-container elementor-column-gap-default\">\n\t\t\t\t\t<div class=\"elementor-column elementor-col-100 elementor-top-column elementor-element elementor-element-7aa4eef\" data-id=\"7aa4eef\" data-element_type=\"column\" data-e-type=\"column\" data-settings=\"{&quot;background_background&quot;:&quot;classic&quot;}\">\n\t\t\t<div class=\"elementor-widget-wrap elementor-element-populated\">\n\t\t\t\t\t\t<div class=\"elementor-element elementor-element-b385225 elementor-widget elementor-widget-text-editor\" data-id=\"b385225\" data-element_type=\"widget\" data-e-type=\"widget\" data-widget_type=\"text-editor.default\">\n\t\t\t\t<div class=\"elementor-widget-container\">\n\t\t\t\t\t\t\t\t\t<h3>\u00bfD\u00f3nde se realiza el Examen Y\u00d6S?<\/h3><p>Cada universidad determina el lugar donde se realiza el examen, y es dentro de su campus. El estudiante debe acudir personalmente al campus universitario para realizar este examen. La \u00fanica universidad en la que el estudiante puede presentarse a este examen en su pa\u00eds es la Universidad de Estambul, ya que hay 65 pa\u00edses en los que el estudiante puede tener el examen de la Universidad de Estambul. El coste del examen se var\u00eda de una universidad a otra, y se paga mediante transferencia bancaria a la cuenta de la universidad.<\/p>\t\t\t\t\t\t\t\t<\/div>\n\t\t\t\t<\/div>\n\t\t\t\t\t<\/div>\n\t\t<\/div>\n\t\t\t\t\t<\/div>\n\t\t<\/section>\n\t\t\t\t<section class=\"elementor-section elementor-top-section elementor-element elementor-element-7250eec exam-second-text-block elementor-section-boxed elementor-section-height-default elementor-section-height-default\" data-id=\"7250eec\" data-element_type=\"section\" data-e-type=\"section\">\n\t\t\t\t\t\t<div class=\"elementor-container elementor-column-gap-default\">\n\t\t\t\t\t<div class=\"elementor-column elementor-col-100 elementor-top-column elementor-element elementor-element-13ad1db\" data-id=\"13ad1db\" data-element_type=\"column\" data-e-type=\"column\">\n\t\t\t<div class=\"elementor-widget-wrap elementor-element-populated\">\n\t\t\t\t\t\t<div class=\"elementor-element elementor-element-cf38235 elementor-widget elementor-widget-text-editor\" data-id=\"cf38235\" data-element_type=\"widget\" data-e-type=\"widget\" data-widget_type=\"text-editor.default\">\n\t\t\t\t<div class=\"elementor-widget-container\">\n\t\t\t\t\t\t\t\t\t<h3><strong><span style=\"color: #2595b3; font-size: 22px;\">\u00bfC\u00f3mo puedo prepararme para el examen Y\u00d6S?<\/span><\/strong><\/h3><p>Los estudiantes pueden prepararse para el examen Y\u00d6S a trav\u00e9s de curr\u00edculo escolar y de muchos libros en turco e ingl\u00e9s, repartidos por las ciudades turcas, y cada materia tiene sus propios libros. La preparaci\u00f3n para este examen puede llevar de tres a cinco meses.<\/p><p>Debido a la importancia de este examen, existen muchos institutos educativos que ofrecen clases del curr\u00edculo escolar de Y\u00d6S, pero estas clases pueden durar entre 7 y 8 meses si son cursos regulares, o 4 meses en el caso de cursos intensivos.<\/p><p>*La inscripci\u00f3n para el examen Y\u00d6S est\u00e1 disponible cada a\u00f1o desde febrero o marzo hasta junio, y la fecha del examen de cada universidad se puede consultar a trav\u00e9s de su sitio web oficial, donde la universidad fija la fecha del examen y el estudiante debe cumplir con la fecha especificada.<\/p>\t\t\t\t\t\t\t\t<\/div>\n\t\t\t\t<\/div>\n\t\t\t\t\t<\/div>\n\t\t<\/div>\n\t\t\t\t\t<\/div>\n\t\t<\/section>\n\t\t\t\t<section class=\"elementor-section elementor-top-section elementor-element elementor-element-bbac492 exam-first-text-block elementor-section-boxed elementor-section-height-default elementor-section-height-default\" data-id=\"bbac492\" data-element_type=\"section\" data-e-type=\"section\" data-settings=\"{&quot;background_background&quot;:&quot;classic&quot;}\">\n\t\t\t\t\t\t<div class=\"elementor-container elementor-column-gap-default\">\n\t\t\t\t\t<div class=\"elementor-column elementor-col-100 elementor-top-column elementor-element elementor-element-b8c6bbc\" data-id=\"b8c6bbc\" data-element_type=\"column\" data-e-type=\"column\" data-settings=\"{&quot;background_background&quot;:&quot;classic&quot;}\">\n\t\t\t<div class=\"elementor-widget-wrap elementor-element-populated\">\n\t\t\t\t\t\t<div class=\"elementor-element elementor-element-f0905be elementor-widget elementor-widget-text-editor\" data-id=\"f0905be\" data-element_type=\"widget\" data-e-type=\"widget\" data-widget_type=\"text-editor.default\">\n\t\t\t\t<div class=\"elementor-widget-container\">\n\t\t\t\t\t\t\t\t\t<h3><strong><span style=\"color: #ffcc00; font-size: 25px;\">Preguntas del examen Y\u00d6S<\/span><\/strong><\/h3><p>En general, el examen Y\u00d6S consta de:<\/p>\t\t\t\t\t\t\t\t<\/div>\n\t\t\t\t<\/div>\n\t\t\t\t<div data-dce-text-color=\"#000000\" class=\"elementor-element elementor-element-df61f12 elementor-align-start english-text elementor-icon-list--layout-traditional elementor-list-item-link-full_width elementor-widget elementor-widget-icon-list\" data-id=\"df61f12\" data-element_type=\"widget\" data-e-type=\"widget\" data-widget_type=\"icon-list.default\">\n\t\t\t\t<div class=\"elementor-widget-container\">\n\t\t\t\t\t\t\t<ul class=\"elementor-icon-list-items\">\n\t\t\t\t\t\t\t<li class=\"elementor-icon-list-item\">\n\t\t\t\t\t\t\t\t\t\t<span class=\"elementor-icon-list-text\">Preguntas de matem\u00e1ticas: normalmente 80 preguntas<\/span>\n\t\t\t\t\t\t\t\t\t<\/li>\n\t\t\t\t\t\t\t\t<li class=\"elementor-icon-list-item\">\n\t\t\t\t\t\t\t\t\t\t<span class=\"elementor-icon-list-text\">Preguntas de l\u00f3gica e inteligencia: para medir las capacidades mentales y de pensamiento del alumno, y normalmente son 40 preguntas<\/span>\n\t\t\t\t\t\t\t\t\t<\/li>\n\t\t\t\t\t\t\t\t<li class=\"elementor-icon-list-item\">\n\t\t\t\t\t\t\t\t\t\t<span class=\"elementor-icon-list-text\">Temas de geometr\u00eda (incluye un libro), recientemente se agreg\u00f3 otro tema sobre preguntas que incluyen problemas de matem\u00e1ticas, esto se implement\u00f3 a partir del 2017 en varias universidades, y son 5 preguntas.<\/span>\n\t\t\t\t\t\t\t\t\t<\/li>\n\t\t\t\t\t\t<\/ul>\n\t\t\t\t\t\t<\/div>\n\t\t\t\t<\/div>\n\t\t\t\t<div class=\"elementor-element elementor-element-a8ec9f0 elementor-widget elementor-widget-text-editor\" data-id=\"a8ec9f0\" data-element_type=\"widget\" data-e-type=\"widget\" data-widget_type=\"text-editor.default\">\n\t\t\t\t<div class=\"elementor-widget-container\">\n\t\t\t\t\t\t\t\t\t<p>Cabe mencionar que no existe una distribuci\u00f3n fija de preguntas, ya que la distribuci\u00f3n de las preguntas en el examen Y\u00d6S var\u00eda de una universidad a otra, pero diferentes universidades ponen preguntas que giran en torno a evaluar el nivel de inteligencia intelectual del estudiante y su capacidad de an\u00e1lisis matem\u00e1tico. La diferencia en la distribuci\u00f3n de las preguntas se debe a la visi\u00f3n de cada universidad y al m\u00e9todo de clasificar a los estudiantes, conocer sus capacidades para poder realizar comparaciones en base a ellas. El estudiante debe conocer estos porcentajes y estos detalles para cada examen antes de iniciar la inscripci\u00f3n a la misma, y \u200b\u200bqu\u00e9 se requiere espec\u00edficamente de \u00e9l para obtener un resultado excelente que le d\u00e9 prioridad en la comparaci\u00f3n.<\/p>\t\t\t\t\t\t\t\t<\/div>\n\t\t\t\t<\/div>\n\t\t\t\t\t<\/div>\n\t\t<\/div>\n\t\t\t\t\t<\/div>\n\t\t<\/section>\n\t\t\t\t<section class=\"elementor-section elementor-top-section elementor-element elementor-element-323e03d exam-second-text-block elementor-section-boxed elementor-section-height-default elementor-section-height-default\" data-id=\"323e03d\" data-element_type=\"section\" data-e-type=\"section\">\n\t\t\t\t\t\t<div class=\"elementor-container elementor-column-gap-default\">\n\t\t\t\t\t<div class=\"elementor-column elementor-col-100 elementor-top-column elementor-element elementor-element-7b7afe7\" data-id=\"7b7afe7\" data-element_type=\"column\" data-e-type=\"column\">\n\t\t\t<div class=\"elementor-widget-wrap elementor-element-populated\">\n\t\t\t\t\t\t<div class=\"elementor-element elementor-element-538bec3 elementor-widget elementor-widget-text-editor\" data-id=\"538bec3\" data-element_type=\"widget\" data-e-type=\"widget\" data-widget_type=\"text-editor.default\">\n\t\t\t\t<div class=\"elementor-widget-container\">\n\t\t\t\t\t\t\t\t\t<p>En cuanto al tiempo asignado para realizar el examen Y\u00d6S en la mayor\u00eda de universidades, es de (100) minutos para responder (80) preguntas, lo que significa que el tiempo asignado para cada pregunta es de 1,15 minutos.<\/p><p>\u00a0<\/p><p>Probablemente el problema con el examen Y\u00d6S se reside en la independencia del examen y c\u00f3mo se presenta en cada universidad por separado, lo que resulta el problema de su reconocimiento entre las universidades turcas. Algunas universidades publican una lista con los nombres de las universidades que reconocen sus ex\u00e1menes. Mientras que las universidades con una gran demanda de estudiantes, especialmente en las ciudades de Estambul y Ankara, reconocen s\u00f3lo sus propios ex\u00e1menes y se niegan a aceptar cualquier examen relacionado con otra universidad.<\/p><p>En todos los casos, pasar el examen en la misma universidad es una prioridad de aceptaci\u00f3n del estudiante. Por lo tanto, muchos estudiantes recurren a inscribirse en m\u00e1s de un examen en varias universidad para aumentar sus posibilidades de obtener una puntuaci\u00f3n alta y obtener un porcentaje alto oportunidades.<\/p><p>\u00a0<\/p><p>*Las universidades utilizan diferentes abreviaturas para referirse a este examen, generalmente ponen las letras \u201cUS\u201d y antes de ellas ponen la abreviatura de la propia universidad para indicar que el examen es de la misma universidad y no a otras universidades.<\/p>\t\t\t\t\t\t\t\t<\/div>\n\t\t\t\t<\/div>\n\t\t\t\t\t<\/div>\n\t\t<\/div>\n\t\t\t\t\t<\/div>\n\t\t<\/section>\n\t\t\t\t<\/div>\n\t\t","protected":false},"excerpt":{"rendered":"<p>Acerca del Examen del Y\u00d6S (Yabanc\u0131 Uyruklu \u00d6\u011frenci S\u0131nav\u0131) Es un examen turco local que no est\u00e1 reconocida internacionalmente pero realizada por la mayor\u00eda de [&hellip;]<\/p>\n","protected":false},"author":24,"featured_media":168082,"parent":0,"menu_order":0,"comment_status":"open","ping_status":"closed","template":"","meta":{"_acf_changed":false,"footnotes":""},"class_list":["post-168081","page","type-page","status-publish","has-post-thumbnail","hentry"],"acf":[],"yoast_head":"<!-- This site is optimized with the Yoast SEO Premium plugin v27.1 (Yoast SEO v27.1.1) - https:\/\/yoast.com\/product\/yoast-seo-premium-wordpress\/ -->\n<title>Examen del Y\u00d6S - OK TAMAM<\/title>\n<meta name=\"robots\" content=\"index, follow, max-snippet:-1, max-image-preview:large, max-video-preview:-1\" \/>\n<link rel=\"canonical\" href=\"https:\/\/oktamam.com\/es\/examen-del-yos\/\" \/>\n<meta property=\"og:locale\" content=\"es_ES\" \/>\n<meta property=\"og:type\" content=\"article\" \/>\n<meta property=\"og:title\" content=\"Examen del Y\u00d6S\" \/>\n<meta property=\"og:description\" content=\"Acerca del Examen del Y\u00d6S (Yabanc\u0131 Uyruklu \u00d6\u011frenci S\u0131nav\u0131) Es un examen turco local que no est\u00e1 reconocida internacionalmente pero realizada por la mayor\u00eda de [&hellip;]\" \/>\n<meta property=\"og:url\" content=\"https:\/\/oktamam.com\/es\/examen-del-yos\/\" \/>\n<meta property=\"og:site_name\" content=\"\u0627\u0648\u0643\u064a \u062a\u0645\u0627\u0645\" \/>\n<meta property=\"article:publisher\" content=\"https:\/\/www.facebook.com\/oktamamcom\" \/>\n<meta property=\"article:modified_time\" content=\"2025-12-03T17:43:57+00:00\" \/>\n<meta property=\"og:image\" content=\"https:\/\/oktamam.com\/wp-content\/uploads\/2023\/06\/IMG_0249.jpg\" \/>\n\t<meta property=\"og:image:width\" content=\"1130\" \/>\n\t<meta property=\"og:image:height\" content=\"600\" \/>\n\t<meta property=\"og:image:type\" content=\"image\/jpeg\" \/>\n<meta name=\"twitter:card\" content=\"summary_large_image\" \/>\n<meta name=\"twitter:site\" content=\"@ok_tamam\" \/>\n<script type=\"application\/ld+json\" class=\"yoast-schema-graph\">{\"@context\":\"https:\/\/schema.org\",\"@graph\":[{\"@type\":\"WebPage\",\"@id\":\"https:\/\/oktamam.com\/es\/examen-del-yos\/\",\"url\":\"https:\/\/oktamam.com\/es\/examen-del-yos\/\",\"name\":\"Examen del Y\u00d6S - OK TAMAM\",\"isPartOf\":{\"@id\":\"https:\/\/oktamam.com\/es\/#website\"},\"primaryImageOfPage\":{\"@id\":\"https:\/\/oktamam.com\/es\/examen-del-yos\/#primaryimage\"},\"image\":{\"@id\":\"https:\/\/oktamam.com\/es\/examen-del-yos\/#primaryimage\"},\"thumbnailUrl\":\"https:\/\/oktamam.com\/wp-content\/uploads\/2023\/06\/IMG_0249.jpg\",\"datePublished\":\"2023-05-21T02:31:32+00:00\",\"dateModified\":\"2025-12-03T17:43:57+00:00\",\"breadcrumb\":{\"@id\":\"https:\/\/oktamam.com\/es\/examen-del-yos\/#breadcrumb\"},\"inLanguage\":\"es\",\"potentialAction\":[{\"@type\":\"ReadAction\",\"target\":[\"https:\/\/oktamam.com\/es\/examen-del-yos\/\"]}]},{\"@type\":\"ImageObject\",\"inLanguage\":\"es\",\"@id\":\"https:\/\/oktamam.com\/es\/examen-del-yos\/#primaryimage\",\"url\":\"https:\/\/oktamam.com\/wp-content\/uploads\/2023\/06\/IMG_0249.jpg\",\"contentUrl\":\"https:\/\/oktamam.com\/wp-content\/uploads\/2023\/06\/IMG_0249.jpg\",\"width\":1130,\"height\":600},{\"@type\":\"BreadcrumbList\",\"@id\":\"https:\/\/oktamam.com\/es\/examen-del-yos\/#breadcrumb\",\"itemListElement\":[{\"@type\":\"ListItem\",\"position\":1,\"name\":\"Home\",\"item\":\"https:\/\/oktamam.com\/es\/\"},{\"@type\":\"ListItem\",\"position\":2,\"name\":\"Examen del Y\u00d6S\"}]},{\"@type\":\"WebSite\",\"@id\":\"https:\/\/oktamam.com\/es\/#website\",\"url\":\"https:\/\/oktamam.com\/es\/\",\"name\":\"\u0627\u0648\u0643\u064a \u062a\u0645\u0627\u0645\",\"description\":\"\u0627\u0644\u062f\u0631\u0627\u0633\u0629 \u0641\u064a \u0627\u0644\u062e\u0627\u0631\u062c\",\"publisher\":{\"@id\":\"https:\/\/oktamam.com\/es\/#organization\"},\"potentialAction\":[{\"@type\":\"SearchAction\",\"target\":{\"@type\":\"EntryPoint\",\"urlTemplate\":\"https:\/\/oktamam.com\/es\/?s={search_term_string}\"},\"query-input\":{\"@type\":\"PropertyValueSpecification\",\"valueRequired\":true,\"valueName\":\"search_term_string\"}}],\"inLanguage\":\"es\"},{\"@type\":\"Organization\",\"@id\":\"https:\/\/oktamam.com\/es\/#organization\",\"name\":\"\u0627\u0648\u0643\u064a \u062a\u0645\u0627\u0645\",\"url\":\"https:\/\/oktamam.com\/es\/\",\"logo\":{\"@type\":\"ImageObject\",\"inLanguage\":\"es\",\"@id\":\"https:\/\/oktamam.com\/es\/#\/schema\/logo\/image\/\",\"url\":\"https:\/\/oktamam.com\/wp-content\/uploads\/2023\/04\/oktamam_logo_v-01.png\",\"contentUrl\":\"https:\/\/oktamam.com\/wp-content\/uploads\/2023\/04\/oktamam_logo_v-01.png\",\"width\":1030,\"height\":1030,\"caption\":\"\u0627\u0648\u0643\u064a \u062a\u0645\u0627\u0645\"},\"image\":{\"@id\":\"https:\/\/oktamam.com\/es\/#\/schema\/logo\/image\/\"},\"sameAs\":[\"https:\/\/www.facebook.com\/oktamamcom\",\"https:\/\/x.com\/ok_tamam\",\"https:\/\/instagram.com\/oktamam\",\"https:\/\/www.linkedin.com\/company\/ok-tamam\",\"https:\/\/www.youtube.com\/ok-tamam-group\"]}]}<\/script>\n<!-- \/ Yoast SEO Premium plugin. -->","yoast_head_json":{"title":"Examen del Y\u00d6S - OK TAMAM","robots":{"index":"index","follow":"follow","max-snippet":"max-snippet:-1","max-image-preview":"max-image-preview:large","max-video-preview":"max-video-preview:-1"},"canonical":"https:\/\/oktamam.com\/es\/examen-del-yos\/","og_locale":"es_ES","og_type":"article","og_title":"Examen del Y\u00d6S","og_description":"Acerca del Examen del Y\u00d6S (Yabanc\u0131 Uyruklu \u00d6\u011frenci S\u0131nav\u0131) Es un examen turco local que no est\u00e1 reconocida internacionalmente pero realizada por la mayor\u00eda de [&hellip;]","og_url":"https:\/\/oktamam.com\/es\/examen-del-yos\/","og_site_name":"\u0627\u0648\u0643\u064a \u062a\u0645\u0627\u0645","article_publisher":"https:\/\/www.facebook.com\/oktamamcom","article_modified_time":"2025-12-03T17:43:57+00:00","og_image":[{"width":1130,"height":600,"url":"https:\/\/oktamam.com\/wp-content\/uploads\/2023\/06\/IMG_0249.jpg","type":"image\/jpeg"}],"twitter_card":"summary_large_image","twitter_site":"@ok_tamam","schema":{"@context":"https:\/\/schema.org","@graph":[{"@type":"WebPage","@id":"https:\/\/oktamam.com\/es\/examen-del-yos\/","url":"https:\/\/oktamam.com\/es\/examen-del-yos\/","name":"Examen del Y\u00d6S - OK TAMAM","isPartOf":{"@id":"https:\/\/oktamam.com\/es\/#website"},"primaryImageOfPage":{"@id":"https:\/\/oktamam.com\/es\/examen-del-yos\/#primaryimage"},"image":{"@id":"https:\/\/oktamam.com\/es\/examen-del-yos\/#primaryimage"},"thumbnailUrl":"https:\/\/oktamam.com\/wp-content\/uploads\/2023\/06\/IMG_0249.jpg","datePublished":"2023-05-21T02:31:32+00:00","dateModified":"2025-12-03T17:43:57+00:00","breadcrumb":{"@id":"https:\/\/oktamam.com\/es\/examen-del-yos\/#breadcrumb"},"inLanguage":"es","potentialAction":[{"@type":"ReadAction","target":["https:\/\/oktamam.com\/es\/examen-del-yos\/"]}]},{"@type":"ImageObject","inLanguage":"es","@id":"https:\/\/oktamam.com\/es\/examen-del-yos\/#primaryimage","url":"https:\/\/oktamam.com\/wp-content\/uploads\/2023\/06\/IMG_0249.jpg","contentUrl":"https:\/\/oktamam.com\/wp-content\/uploads\/2023\/06\/IMG_0249.jpg","width":1130,"height":600},{"@type":"BreadcrumbList","@id":"https:\/\/oktamam.com\/es\/examen-del-yos\/#breadcrumb","itemListElement":[{"@type":"ListItem","position":1,"name":"Home","item":"https:\/\/oktamam.com\/es\/"},{"@type":"ListItem","position":2,"name":"Examen del Y\u00d6S"}]},{"@type":"WebSite","@id":"https:\/\/oktamam.com\/es\/#website","url":"https:\/\/oktamam.com\/es\/","name":"\u0627\u0648\u0643\u064a \u062a\u0645\u0627\u0645","description":"\u0627\u0644\u062f\u0631\u0627\u0633\u0629 \u0641\u064a \u0627\u0644\u062e\u0627\u0631\u062c","publisher":{"@id":"https:\/\/oktamam.com\/es\/#organization"},"potentialAction":[{"@type":"SearchAction","target":{"@type":"EntryPoint","urlTemplate":"https:\/\/oktamam.com\/es\/?s={search_term_string}"},"query-input":{"@type":"PropertyValueSpecification","valueRequired":true,"valueName":"search_term_string"}}],"inLanguage":"es"},{"@type":"Organization","@id":"https:\/\/oktamam.com\/es\/#organization","name":"\u0627\u0648\u0643\u064a \u062a\u0645\u0627\u0645","url":"https:\/\/oktamam.com\/es\/","logo":{"@type":"ImageObject","inLanguage":"es","@id":"https:\/\/oktamam.com\/es\/#\/schema\/logo\/image\/","url":"https:\/\/oktamam.com\/wp-content\/uploads\/2023\/04\/oktamam_logo_v-01.png","contentUrl":"https:\/\/oktamam.com\/wp-content\/uploads\/2023\/04\/oktamam_logo_v-01.png","width":1030,"height":1030,"caption":"\u0627\u0648\u0643\u064a \u062a\u0645\u0627\u0645"},"image":{"@id":"https:\/\/oktamam.com\/es\/#\/schema\/logo\/image\/"},"sameAs":["https:\/\/www.facebook.com\/oktamamcom","https:\/\/x.com\/ok_tamam","https:\/\/instagram.com\/oktamam","https:\/\/www.linkedin.com\/company\/ok-tamam","https:\/\/www.youtube.com\/ok-tamam-group"]}]}},"_links":{"self":[{"href":"https:\/\/oktamam.com\/es\/wp-json\/wp\/v2\/pages\/168081","targetHints":{"allow":["GET"]}}],"collection":[{"href":"https:\/\/oktamam.com\/es\/wp-json\/wp\/v2\/pages"}],"about":[{"href":"https:\/\/oktamam.com\/es\/wp-json\/wp\/v2\/types\/page"}],"author":[{"embeddable":true,"href":"https:\/\/oktamam.com\/es\/wp-json\/wp\/v2\/users\/24"}],"replies":[{"embeddable":true,"href":"https:\/\/oktamam.com\/es\/wp-json\/wp\/v2\/comments?post=168081"}],"version-history":[{"count":12,"href":"https:\/\/oktamam.com\/es\/wp-json\/wp\/v2\/pages\/168081\/revisions"}],"predecessor-version":[{"id":171957,"href":"https:\/\/oktamam.com\/es\/wp-json\/wp\/v2\/pages\/168081\/revisions\/171957"}],"wp:featuredmedia":[{"embeddable":true,"href":"https:\/\/oktamam.com\/es\/wp-json\/wp\/v2\/media\/168082"}],"wp:attachment":[{"href":"https:\/\/oktamam.com\/es\/wp-json\/wp\/v2\/media?parent=168081"}],"curies":[{"name":"wp","href":"https:\/\/api.w.org\/{rel}","templated":true}]}}