{"id":174127,"date":"2024-05-26T17:51:18","date_gmt":"2024-05-26T14:51:18","guid":{"rendered":"https:\/\/oktamam.com\/%d8%a7%d9%84%d8%ac%d8%a7%d9%85%d8%b9%d8%a7%d8%aa-%d8%a7%d9%84%d8%aa%d8%b1%d9%83%d9%8a%d8%a9-%d8%a7%d9%84%d9%85%d8%b9%d8%aa%d8%b1%d9%81-%d8%a8%d9%87%d8%a7-%d9%81%d9%8a-%d9%85%d8%b5%d8%b1\/"},"modified":"2024-05-27T16:11:20","modified_gmt":"2024-05-27T13:11:20","slug":"turkish-universities-recognized-in-egypt","status":"publish","type":"page","link":"https:\/\/oktamam.com\/en\/turkish-universities-recognized-in-egypt\/","title":{"rendered":"Turkish Universities Recognized in Egypt"},"content":{"rendered":"\t\t<div data-elementor-type=\"wp-page\" data-elementor-id=\"174127\" class=\"elementor elementor-174127 elementor-174031\" data-elementor-post-type=\"page\">\n\t\t\t\t\t\t<section class=\"elementor-section elementor-top-section elementor-element elementor-element-1c19278d elementor-section-boxed elementor-section-height-default elementor-section-height-default\" data-id=\"1c19278d\" data-element_type=\"section\" data-e-type=\"section\">\n\t\t\t\t\t\t<div class=\"elementor-container elementor-column-gap-default\">\n\t\t\t\t\t<div class=\"elementor-column elementor-col-100 elementor-top-column elementor-element elementor-element-54158b89\" data-id=\"54158b89\" data-element_type=\"column\" data-e-type=\"column\">\n\t\t\t<div class=\"elementor-widget-wrap elementor-element-populated\">\n\t\t\t\t\t\t<div class=\"elementor-element elementor-element-1b1d9549 elementor-widget elementor-widget-template\" data-id=\"1b1d9549\" data-element_type=\"widget\" data-e-type=\"widget\" data-widget_type=\"template.default\">\n\t\t\t\t<div class=\"elementor-widget-container\">\n\t\t\t\t\t\t\t<div class=\"elementor-template\">\n\t\t\t\t\t<div data-elementor-type=\"section\" data-elementor-id=\"131893\" class=\"elementor elementor-131893 elementor-918 elementor-918\" data-elementor-post-type=\"elementor_library\">\n\t\t\t\t\t<section class=\"elementor-section elementor-top-section elementor-element elementor-element-557f9a0b elementor-section-full_width elementor-section-height-default elementor-section-height-default\" data-id=\"557f9a0b\" data-element_type=\"section\" data-e-type=\"section\">\n\t\t\t\t\t\t<div class=\"elementor-container elementor-column-gap-default\">\n\t\t\t\t\t<div class=\"elementor-column elementor-col-100 elementor-top-column elementor-element elementor-element-53dc3970\" data-id=\"53dc3970\" data-element_type=\"column\" data-e-type=\"column\">\n\t\t\t<div class=\"elementor-widget-wrap elementor-element-populated\">\n\t\t\t\t\t\t<section class=\"elementor-section elementor-inner-section elementor-element elementor-element-5cc36d4b elementor-section-boxed elementor-section-height-default elementor-section-height-default\" data-id=\"5cc36d4b\" data-element_type=\"section\" data-e-type=\"section\">\n\t\t\t\t\t\t<div class=\"elementor-container elementor-column-gap-default\">\n\t\t\t\t\t<div class=\"elementor-column elementor-col-100 elementor-inner-column elementor-element elementor-element-169e9379\" data-id=\"169e9379\" data-element_type=\"column\" data-e-type=\"column\">\n\t\t\t<div class=\"elementor-widget-wrap elementor-element-populated\">\n\t\t\t\t\t\t<div data-dce-text-color=\"#FFFFFF\" class=\"elementor-element elementor-element-35becd01 elementor-align-right custom-breadcrumb elementor-widget elementor-widget-breadcrumbs\" data-id=\"35becd01\" data-element_type=\"widget\" data-e-type=\"widget\" data-widget_type=\"breadcrumbs.default\">\n\t\t\t\t<div class=\"elementor-widget-container\">\n\t\t\t\t\t<p id=\"breadcrumbs\"><span><span><a href=\"https:\/\/oktamam.com\/en\/\">Home<\/a><\/span><\/span><\/p>\t\t\t\t<\/div>\n\t\t\t\t<\/div>\n\t\t\t\t\t<\/div>\n\t\t<\/div>\n\t\t\t\t\t<\/div>\n\t\t<\/section>\n\t\t\t\t\t<\/div>\n\t\t<\/div>\n\t\t\t\t\t<\/div>\n\t\t<\/section>\n\t\t\t\t<\/div>\n\t\t\t\t<\/div>\n\t\t\t\t\t\t<\/div>\n\t\t\t\t<\/div>\n\t\t\t\t\t<\/div>\n\t\t<\/div>\n\t\t\t\t\t<\/div>\n\t\t<\/section>\n\t\t\t\t<section class=\"elementor-section elementor-top-section elementor-element elementor-element-4adff27 elementor-reverse-mobile elementor-section-boxed elementor-section-height-default elementor-section-height-default\" data-id=\"4adff27\" data-element_type=\"section\" data-e-type=\"section\">\n\t\t\t\t\t\t<div class=\"elementor-container elementor-column-gap-default\">\n\t\t\t\t\t<div class=\"elementor-column elementor-col-50 elementor-top-column elementor-element elementor-element-768465f1 UniInCountry-text-block\" data-id=\"768465f1\" data-element_type=\"column\" data-e-type=\"column\">\n\t\t\t<div class=\"elementor-widget-wrap elementor-element-populated\">\n\t\t\t\t\t\t<div class=\"elementor-element elementor-element-390fcd9b elementor-widget elementor-widget-heading\" data-id=\"390fcd9b\" data-element_type=\"widget\" data-e-type=\"widget\" data-widget_type=\"heading.default\">\n\t\t\t\t<div class=\"elementor-widget-container\">\n\t\t\t\t\t<h1 class=\"elementor-heading-title elementor-size-default\">Turkish Universities Recognized in Egypt<\/h1>\t\t\t\t<\/div>\n\t\t\t\t<\/div>\n\t\t\t\t<div class=\"elementor-element elementor-element-262712f3 elementor-widget elementor-widget-text-editor\" data-id=\"262712f3\" data-element_type=\"widget\" data-e-type=\"widget\" data-widget_type=\"text-editor.default\">\n\t\t\t\t<div class=\"elementor-widget-container\">\n\t\t\t\t\t\t\t\t\t<p dir=\"ltr\" style=\"text-align: left;\">Turkey welcomes students from around the world, offering them many outstanding facilities. These include state-of-the-art infrastructure, a well-developed transportation network that ensures easy mobility, and special student cards such as the transportation card that allows students to use public transport at reduced prices. Additionally, modern student residences provide a comfortable environment that makes them feel at home. Moreover, the Turkish people are known for their warm hospitality towards all nationalities and respect for cultural diversity, making the study experience in Turkey unique and enjoyable.<\/p><p dir=\"ltr\" style=\"text-align: left;\">Turkey attracts many Egyptian students to its universities, where they receive a comprehensive educational experience that integrates scientific and academic aspects with an entertaining student life. Turkish universities offer high-quality education and advanced educational facilities and pay attention to recreational aspects by providing sports facilities, including fields and fitness centers, as well as diverse student clubs, cinemas, theaters, and cafeterias.<\/p><p dir=\"ltr\" style=\"text-align: left;\">One of the most important factors students consider before choosing a university is its recognition in their home country. Here, let\u2019s discuss the Turkish universities recognized in Egypt.<\/p>\t\t\t\t\t\t\t\t<\/div>\n\t\t\t\t<\/div>\n\t\t\t\t\t<\/div>\n\t\t<\/div>\n\t\t\t\t<div data-dce-background-color=\"#FFFFFF00\" class=\"elementor-column elementor-col-50 elementor-top-column elementor-element elementor-element-5842f0e6\" data-id=\"5842f0e6\" data-element_type=\"column\" data-e-type=\"column\" data-settings=\"{&quot;background_background&quot;:&quot;gradient&quot;}\">\n\t\t\t<div class=\"elementor-widget-wrap elementor-element-populated\">\n\t\t\t\t\t\t<div class=\"elementor-element elementor-element-6edd423b UniInCountry-featured-img elementor-widget elementor-widget-theme-post-featured-image elementor-widget-image\" data-id=\"6edd423b\" data-element_type=\"widget\" data-e-type=\"widget\" data-widget_type=\"theme-post-featured-image.default\">\n\t\t\t\t<div class=\"elementor-widget-container\">\n\t\t\t\t\t\t\t\t\t\t\t\t\t\t\t<img fetchpriority=\"high\" decoding=\"async\" width=\"300\" height=\"508\" src=\"https:\/\/oktamam.com\/wp-content\/uploads\/2024\/05\/ok-tamam-egyptian-flag-01.png\" class=\"attachment-2048x2048 size-2048x2048 wp-image-174064\" alt=\"\u0627\u0644\u062c\u0627\u0645\u0639\u0627\u062a \u0627\u0644\u062a\u0631\u0643\u064a\u0629 \u0627\u0644\u0645\u0639\u062a\u0631\u0641 \u0628\u0647\u0627 \u0641\u064a \u0645\u0635\u0631\" srcset=\"https:\/\/oktamam.com\/wp-content\/uploads\/2024\/05\/ok-tamam-egyptian-flag-01.png 300w, https:\/\/oktamam.com\/wp-content\/uploads\/2024\/05\/ok-tamam-egyptian-flag-01-177x300.png 177w\" sizes=\"(max-width: 300px) 100vw, 300px\" \/>\t\t\t\t\t\t\t\t\t\t\t\t\t\t\t<\/div>\n\t\t\t\t<\/div>\n\t\t\t\t\t<\/div>\n\t\t<\/div>\n\t\t\t\t\t<\/div>\n\t\t<\/section>\n\t\t\t\t<section class=\"elementor-section elementor-top-section elementor-element elementor-element-690e6065 elementor-section-boxed elementor-section-height-default elementor-section-height-default\" data-id=\"690e6065\" data-element_type=\"section\" data-e-type=\"section\">\n\t\t\t\t\t\t<div class=\"elementor-container elementor-column-gap-default\">\n\t\t\t\t\t<div class=\"elementor-column elementor-col-100 elementor-top-column elementor-element elementor-element-3fc40692 UniInCountry-university-list\" data-id=\"3fc40692\" data-element_type=\"column\" data-e-type=\"column\">\n\t\t\t<div class=\"elementor-widget-wrap elementor-element-populated\">\n\t\t\t\t\t\t<div class=\"elementor-element elementor-element-36cdf52 elementor-widget elementor-widget-heading\" data-id=\"36cdf52\" data-element_type=\"widget\" data-e-type=\"widget\" data-widget_type=\"heading.default\">\n\t\t\t\t<div class=\"elementor-widget-container\">\n\t\t\t\t\t<h2 class=\"elementor-heading-title elementor-size-default\">Turkish Universities Recognized in Egypt<\/h2>\t\t\t\t<\/div>\n\t\t\t\t<\/div>\n\t\t\t\t<div class=\"elementor-element elementor-element-2b92a16c elementor-widget elementor-widget-text-editor\" data-id=\"2b92a16c\" data-element_type=\"widget\" data-e-type=\"widget\" data-widget_type=\"text-editor.default\">\n\t\t\t\t<div class=\"elementor-widget-container\">\n\t\t\t\t\t\t\t\t\t<ul><li><a href=\"https:\/\/oktamam.com\/en\/bahcesehir-university\/\">Bahcesehir University<\/a><\/li><li><a href=\"https:\/\/oktamam.com\/en\/istanbul-aydin-university\/\">Istanbul Aydin University <\/a><\/li><li><a href=\"https:\/\/oktamam.com\/en\/istanbul-medipol-university\/\">Istanbul Medipol University<\/a><\/li><li><a href=\"https:\/\/oktamam.com\/en\/altinbas-university\/\"><span style=\"font-weight: 400;\">Altinbas Universit<\/span><\/a>y<\/li><li><a href=\"https:\/\/oktamam.com\/en\/istanbul-gelisim-university\/\"><span style=\"font-weight: 400;\">Geli\u015fim University<\/span><\/a><\/li><li style=\"font-weight: 400;\" aria-level=\"1\"><a href=\"https:\/\/oktamam.com\/en\/istanbul-okan-university\/\"><span style=\"font-weight: 400;\">i\u0307stanbul okan Universit<\/span><\/a>y<\/li><li style=\"font-weight: 400;\" aria-level=\"1\"><a href=\"https:\/\/oktamam.com\/en\/istinye-university\/\"><span style=\"font-weight: 400;\">\u00a0istinye Universit<\/span><\/a><\/li><li style=\"font-weight: 400;\" aria-level=\"1\"><a href=\"https:\/\/oktamam.com\/en\/sabanci-university\/\"><span style=\"font-weight: 400;\">sabanci University<\/span><\/a><\/li><li style=\"font-weight: 400;\" aria-level=\"1\"><a href=\"https:\/\/oktamam.com\/en\/biruni-university\/\"><span style=\"font-weight: 400;\">Biruni Universit<\/span><\/a>y<\/li><li aria-level=\"1\"><span style=\"font-weight: 400;\">Istanbul University<\/span><\/li><li style=\"font-weight: 400;\" aria-level=\"1\"><span style=\"font-weight: 400;\">maltepe University<\/span><\/li><li><span dir=\"ltr\">\u00c7ank\u0131r\u0131 Karatekin <span style=\"font-weight: 400;\">University<\/span><\/span><\/li><li style=\"font-weight: 400;\" aria-level=\"1\"><span style=\"font-weight: 400;\">Ahi Evran University<\/span><\/li><li style=\"font-weight: 400;\" aria-level=\"1\"><span style=\"font-weight: 400;\">Akdeniz University<\/span><\/li><li style=\"font-weight: 400;\" aria-level=\"1\"><span style=\"font-weight: 400;\">Aksaray University<\/span><\/li><li style=\"font-weight: 400;\" aria-level=\"1\"><span style=\"font-weight: 400;\">Amasya University<\/span><\/li><li style=\"font-weight: 400;\" aria-level=\"1\"><span style=\"font-weight: 400;\">Agri dagi University<\/span><\/li><li style=\"font-weight: 400;\" aria-level=\"1\"><span style=\"font-weight: 400;\">Ardahan University<\/span><\/li><li style=\"font-weight: 400;\" aria-level=\"1\"><span style=\"font-weight: 400;\">Artvin oruh University<\/span><\/li><li style=\"font-weight: 400;\" aria-level=\"1\"><span style=\"font-weight: 400;\">Bingl University<\/span><\/li><li style=\"font-weight: 400;\" aria-level=\"1\"><span style=\"font-weight: 400;\">Batman University<\/span><\/li><li style=\"font-weight: 400;\" aria-level=\"1\"><span style=\"font-weight: 400;\">Anadolu University<\/span><\/li><li style=\"font-weight: 400;\" aria-level=\"1\"><span style=\"font-weight: 400;\">Ad\u0131yaman University<\/span><\/li><li style=\"font-weight: 400;\" aria-level=\"1\"><span style=\"font-weight: 400;\">Bayburt University<\/span><\/li><li style=\"font-weight: 400;\" aria-level=\"1\"><span style=\"font-weight: 400;\">Bilecik \u015feyh edebali University<\/span><\/li><li style=\"font-weight: 400;\" aria-level=\"1\"><span style=\"font-weight: 400;\">Bitlis eren University<\/span><\/li><li style=\"font-weight: 400;\" aria-level=\"1\"><span style=\"font-weight: 400;\">Yozgat bozok University<\/span><\/li><li style=\"font-weight: 400;\" aria-level=\"1\"><span style=\"font-weight: 400;\">Bursa teknik University<\/span><\/li><li style=\"font-weight: 400;\" aria-level=\"1\"><span style=\"font-weight: 400;\">Manisa celal bayar University<\/span><\/li><li style=\"font-weight: 400;\" aria-level=\"1\"><span style=\"font-weight: 400;\">Dumlup\u0131nar University<\/span><\/li><li style=\"font-weight: 400;\" aria-level=\"1\"><span style=\"font-weight: 400;\">I\u011fd\u0131r niversitesi<\/span><\/li><li style=\"font-weight: 400;\" aria-level=\"1\"><span style=\"font-weight: 400;\">Bart\u0131n University<\/span><\/li><li style=\"font-weight: 400;\" aria-level=\"1\"><span style=\"font-weight: 400;\">Anakkale 18 mart University<\/span><\/li><li style=\"font-weight: 400;\" aria-level=\"1\"><span style=\"font-weight: 400;\">Afyon kocatepe University<\/span><\/li><li style=\"font-weight: 400;\" aria-level=\"1\"><span style=\"font-weight: 400;\">Bal\u0131kesir University<\/span><\/li><li style=\"font-weight: 400;\" aria-level=\"1\"><span style=\"font-weight: 400;\">Galatasaray University<\/span><\/li><li style=\"font-weight: 400;\" aria-level=\"1\"><span style=\"font-weight: 400;\">Dzce University<\/span><\/li><li style=\"font-weight: 400;\" aria-level=\"1\"><span style=\"font-weight: 400;\">Abant izzet baysal University<\/span><\/li><li style=\"font-weight: 400;\" aria-level=\"1\"><span style=\"font-weight: 400;\">Erzurum teknik University<\/span><\/li><li style=\"font-weight: 400;\" aria-level=\"1\"><span style=\"font-weight: 400;\">Erzincan binali y\u0131ld\u0131r\u0131m University<\/span><\/li><li style=\"font-weight: 400;\" aria-level=\"1\"><span style=\"font-weight: 400;\">Ankara University<\/span><\/li><li style=\"font-weight: 400;\" aria-level=\"1\"><span style=\"font-weight: 400;\">Ataturk University<\/span><\/li><li style=\"font-weight: 400;\" aria-level=\"1\"><span style=\"font-weight: 400;\">\u00c7ukurova University<\/span><\/li><li style=\"font-weight: 400;\" aria-level=\"1\"><span style=\"font-weight: 400;\">Ege niversitesi<\/span><\/li><li style=\"font-weight: 400;\" aria-level=\"1\"><span style=\"font-weight: 400;\">Gazi University<\/span><\/li><li style=\"font-weight: 400;\" aria-level=\"1\"><span style=\"font-weight: 400;\">hacettepe University<\/span><\/li><li style=\"font-weight: 400;\" aria-level=\"1\"><span style=\"font-weight: 400;\">Istanbul technical University<\/span><\/li><li style=\"font-weight: 400;\" aria-level=\"1\"><span style=\"font-weight: 400;\">Gaziantep University<\/span><\/li><li style=\"font-weight: 400;\" aria-level=\"1\"><span style=\"font-weight: 400;\">Erciyes University<\/span><\/li><li style=\"font-weight: 400;\" aria-level=\"1\"><span style=\"font-weight: 400;\">Izmir yksek teknoloji<\/span><\/li><li style=\"font-weight: 400;\" aria-level=\"1\"><span style=\"font-weight: 400;\">Cumhuriyet University<\/span><\/li><li style=\"font-weight: 400;\" aria-level=\"1\"><span style=\"font-weight: 400;\">Ayd\u0131n adnan menderes University<\/span><\/li><\/ul>\t\t\t\t\t\t\t\t<\/div>\n\t\t\t\t<\/div>\n\t\t\t\t\t<\/div>\n\t\t<\/div>\n\t\t\t\t\t<\/div>\n\t\t<\/section>\n\t\t\t\t<\/div>\n\t\t","protected":false},"excerpt":{"rendered":"<p>Turkey welcomes students from around the world, offering them many outstanding facilities. These include state-of-the-art infrastructure, a well-developed transportation network that ensures easy mobility, and [&hellip;]<\/p>\n","protected":false},"author":14,"featured_media":174064,"parent":0,"menu_order":0,"comment_status":"open","ping_status":"closed","template":"","meta":{"_acf_changed":false,"footnotes":""},"class_list":["post-174127","page","type-page","status-publish","has-post-thumbnail","hentry"],"acf":[],"yoast_head":"<!-- This site is optimized with the Yoast SEO Premium plugin v27.1 (Yoast SEO v27.1.1) - https:\/\/yoast.com\/product\/yoast-seo-premium-wordpress\/ -->\n<title>Turkish Universities Recognized in Egypt<\/title>\n<meta name=\"robots\" content=\"index, follow, max-snippet:-1, max-image-preview:large, max-video-preview:-1\" \/>\n<link rel=\"canonical\" href=\"https:\/\/oktamam.com\/en\/turkish-universities-recognized-in-egypt\/\" \/>\n<meta property=\"og:locale\" content=\"en_US\" \/>\n<meta property=\"og:type\" content=\"article\" \/>\n<meta property=\"og:title\" content=\"Turkish Universities Recognized in Egypt\" \/>\n<meta property=\"og:description\" content=\"Turkey welcomes students from around the world, offering them many outstanding facilities. These include state-of-the-art infrastructure, a well-developed transportation network that ensures easy mobility, and [&hellip;]\" \/>\n<meta property=\"og:url\" content=\"https:\/\/oktamam.com\/en\/turkish-universities-recognized-in-egypt\/\" \/>\n<meta property=\"og:site_name\" content=\"\u0627\u0648\u0643\u064a \u062a\u0645\u0627\u0645\" \/>\n<meta property=\"article:publisher\" content=\"https:\/\/www.facebook.com\/oktamamcom\" \/>\n<meta property=\"article:modified_time\" content=\"2024-05-27T13:11:20+00:00\" \/>\n<meta property=\"og:image\" content=\"https:\/\/oktamam.com\/wp-content\/uploads\/2024\/05\/ok-tamam-egyptian-flag-01.png\" \/>\n\t<meta property=\"og:image:width\" content=\"300\" \/>\n\t<meta property=\"og:image:height\" content=\"508\" \/>\n\t<meta property=\"og:image:type\" content=\"image\/png\" \/>\n<meta name=\"twitter:card\" content=\"summary_large_image\" \/>\n<meta name=\"twitter:site\" content=\"@ok_tamam\" \/>\n<script type=\"application\/ld+json\" class=\"yoast-schema-graph\">{\"@context\":\"https:\/\/schema.org\",\"@graph\":[{\"@type\":\"WebPage\",\"@id\":\"https:\/\/oktamam.com\/en\/turkish-universities-recognized-in-egypt\/\",\"url\":\"https:\/\/oktamam.com\/en\/turkish-universities-recognized-in-egypt\/\",\"name\":\"Turkish Universities Recognized in Egypt\",\"isPartOf\":{\"@id\":\"https:\/\/oktamam.com\/en\/#website\"},\"primaryImageOfPage\":{\"@id\":\"https:\/\/oktamam.com\/en\/turkish-universities-recognized-in-egypt\/#primaryimage\"},\"image\":{\"@id\":\"https:\/\/oktamam.com\/en\/turkish-universities-recognized-in-egypt\/#primaryimage\"},\"thumbnailUrl\":\"https:\/\/oktamam.com\/wp-content\/uploads\/2024\/05\/ok-tamam-egyptian-flag-01.png\",\"datePublished\":\"2024-05-26T14:51:18+00:00\",\"dateModified\":\"2024-05-27T13:11:20+00:00\",\"breadcrumb\":{\"@id\":\"https:\/\/oktamam.com\/en\/turkish-universities-recognized-in-egypt\/#breadcrumb\"},\"inLanguage\":\"en-US\",\"potentialAction\":[{\"@type\":\"ReadAction\",\"target\":[\"https:\/\/oktamam.com\/en\/turkish-universities-recognized-in-egypt\/\"]}]},{\"@type\":\"ImageObject\",\"inLanguage\":\"en-US\",\"@id\":\"https:\/\/oktamam.com\/en\/turkish-universities-recognized-in-egypt\/#primaryimage\",\"url\":\"https:\/\/oktamam.com\/wp-content\/uploads\/2024\/05\/ok-tamam-egyptian-flag-01.png\",\"contentUrl\":\"https:\/\/oktamam.com\/wp-content\/uploads\/2024\/05\/ok-tamam-egyptian-flag-01.png\",\"width\":300,\"height\":508,\"caption\":\"\u0627\u0644\u062c\u0627\u0645\u0639\u0627\u062a \u0627\u0644\u062a\u0631\u0643\u064a\u0629 \u0627\u0644\u0645\u0639\u062a\u0631\u0641 \u0628\u0647\u0627 \u0641\u064a \u0645\u0635\u0631\"},{\"@type\":\"BreadcrumbList\",\"@id\":\"https:\/\/oktamam.com\/en\/turkish-universities-recognized-in-egypt\/#breadcrumb\",\"itemListElement\":[{\"@type\":\"ListItem\",\"position\":1,\"name\":\"Home\",\"item\":\"https:\/\/oktamam.com\/en\/\"},{\"@type\":\"ListItem\",\"position\":2,\"name\":\"Turkish Universities Recognized in Egypt\"}]},{\"@type\":\"WebSite\",\"@id\":\"https:\/\/oktamam.com\/en\/#website\",\"url\":\"https:\/\/oktamam.com\/en\/\",\"name\":\"\u0627\u0648\u0643\u064a \u062a\u0645\u0627\u0645\",\"description\":\"\u0627\u0644\u062f\u0631\u0627\u0633\u0629 \u0641\u064a \u0627\u0644\u062e\u0627\u0631\u062c\",\"publisher\":{\"@id\":\"https:\/\/oktamam.com\/en\/#organization\"},\"potentialAction\":[{\"@type\":\"SearchAction\",\"target\":{\"@type\":\"EntryPoint\",\"urlTemplate\":\"https:\/\/oktamam.com\/en\/?s={search_term_string}\"},\"query-input\":{\"@type\":\"PropertyValueSpecification\",\"valueRequired\":true,\"valueName\":\"search_term_string\"}}],\"inLanguage\":\"en-US\"},{\"@type\":\"Organization\",\"@id\":\"https:\/\/oktamam.com\/en\/#organization\",\"name\":\"\u0627\u0648\u0643\u064a \u062a\u0645\u0627\u0645\",\"url\":\"https:\/\/oktamam.com\/en\/\",\"logo\":{\"@type\":\"ImageObject\",\"inLanguage\":\"en-US\",\"@id\":\"https:\/\/oktamam.com\/en\/#\/schema\/logo\/image\/\",\"url\":\"https:\/\/oktamam.com\/wp-content\/uploads\/2023\/04\/oktamam_logo_v-01.png\",\"contentUrl\":\"https:\/\/oktamam.com\/wp-content\/uploads\/2023\/04\/oktamam_logo_v-01.png\",\"width\":1030,\"height\":1030,\"caption\":\"\u0627\u0648\u0643\u064a \u062a\u0645\u0627\u0645\"},\"image\":{\"@id\":\"https:\/\/oktamam.com\/en\/#\/schema\/logo\/image\/\"},\"sameAs\":[\"https:\/\/www.facebook.com\/oktamamcom\",\"https:\/\/x.com\/ok_tamam\",\"https:\/\/instagram.com\/oktamam\",\"https:\/\/www.linkedin.com\/company\/ok-tamam\",\"https:\/\/www.youtube.com\/ok-tamam-group\"]}]}<\/script>\n<!-- \/ Yoast SEO Premium plugin. -->","yoast_head_json":{"title":"Turkish Universities Recognized in Egypt","robots":{"index":"index","follow":"follow","max-snippet":"max-snippet:-1","max-image-preview":"max-image-preview:large","max-video-preview":"max-video-preview:-1"},"canonical":"https:\/\/oktamam.com\/en\/turkish-universities-recognized-in-egypt\/","og_locale":"en_US","og_type":"article","og_title":"Turkish Universities Recognized in Egypt","og_description":"Turkey welcomes students from around the world, offering them many outstanding facilities. These include state-of-the-art infrastructure, a well-developed transportation network that ensures easy mobility, and [&hellip;]","og_url":"https:\/\/oktamam.com\/en\/turkish-universities-recognized-in-egypt\/","og_site_name":"\u0627\u0648\u0643\u064a \u062a\u0645\u0627\u0645","article_publisher":"https:\/\/www.facebook.com\/oktamamcom","article_modified_time":"2024-05-27T13:11:20+00:00","og_image":[{"width":300,"height":508,"url":"https:\/\/oktamam.com\/wp-content\/uploads\/2024\/05\/ok-tamam-egyptian-flag-01.png","type":"image\/png"}],"twitter_card":"summary_large_image","twitter_site":"@ok_tamam","schema":{"@context":"https:\/\/schema.org","@graph":[{"@type":"WebPage","@id":"https:\/\/oktamam.com\/en\/turkish-universities-recognized-in-egypt\/","url":"https:\/\/oktamam.com\/en\/turkish-universities-recognized-in-egypt\/","name":"Turkish Universities Recognized in Egypt","isPartOf":{"@id":"https:\/\/oktamam.com\/en\/#website"},"primaryImageOfPage":{"@id":"https:\/\/oktamam.com\/en\/turkish-universities-recognized-in-egypt\/#primaryimage"},"image":{"@id":"https:\/\/oktamam.com\/en\/turkish-universities-recognized-in-egypt\/#primaryimage"},"thumbnailUrl":"https:\/\/oktamam.com\/wp-content\/uploads\/2024\/05\/ok-tamam-egyptian-flag-01.png","datePublished":"2024-05-26T14:51:18+00:00","dateModified":"2024-05-27T13:11:20+00:00","breadcrumb":{"@id":"https:\/\/oktamam.com\/en\/turkish-universities-recognized-in-egypt\/#breadcrumb"},"inLanguage":"en-US","potentialAction":[{"@type":"ReadAction","target":["https:\/\/oktamam.com\/en\/turkish-universities-recognized-in-egypt\/"]}]},{"@type":"ImageObject","inLanguage":"en-US","@id":"https:\/\/oktamam.com\/en\/turkish-universities-recognized-in-egypt\/#primaryimage","url":"https:\/\/oktamam.com\/wp-content\/uploads\/2024\/05\/ok-tamam-egyptian-flag-01.png","contentUrl":"https:\/\/oktamam.com\/wp-content\/uploads\/2024\/05\/ok-tamam-egyptian-flag-01.png","width":300,"height":508,"caption":"\u0627\u0644\u062c\u0627\u0645\u0639\u0627\u062a \u0627\u0644\u062a\u0631\u0643\u064a\u0629 \u0627\u0644\u0645\u0639\u062a\u0631\u0641 \u0628\u0647\u0627 \u0641\u064a \u0645\u0635\u0631"},{"@type":"BreadcrumbList","@id":"https:\/\/oktamam.com\/en\/turkish-universities-recognized-in-egypt\/#breadcrumb","itemListElement":[{"@type":"ListItem","position":1,"name":"Home","item":"https:\/\/oktamam.com\/en\/"},{"@type":"ListItem","position":2,"name":"Turkish Universities Recognized in Egypt"}]},{"@type":"WebSite","@id":"https:\/\/oktamam.com\/en\/#website","url":"https:\/\/oktamam.com\/en\/","name":"\u0627\u0648\u0643\u064a \u062a\u0645\u0627\u0645","description":"\u0627\u0644\u062f\u0631\u0627\u0633\u0629 \u0641\u064a \u0627\u0644\u062e\u0627\u0631\u062c","publisher":{"@id":"https:\/\/oktamam.com\/en\/#organization"},"potentialAction":[{"@type":"SearchAction","target":{"@type":"EntryPoint","urlTemplate":"https:\/\/oktamam.com\/en\/?s={search_term_string}"},"query-input":{"@type":"PropertyValueSpecification","valueRequired":true,"valueName":"search_term_string"}}],"inLanguage":"en-US"},{"@type":"Organization","@id":"https:\/\/oktamam.com\/en\/#organization","name":"\u0627\u0648\u0643\u064a \u062a\u0645\u0627\u0645","url":"https:\/\/oktamam.com\/en\/","logo":{"@type":"ImageObject","inLanguage":"en-US","@id":"https:\/\/oktamam.com\/en\/#\/schema\/logo\/image\/","url":"https:\/\/oktamam.com\/wp-content\/uploads\/2023\/04\/oktamam_logo_v-01.png","contentUrl":"https:\/\/oktamam.com\/wp-content\/uploads\/2023\/04\/oktamam_logo_v-01.png","width":1030,"height":1030,"caption":"\u0627\u0648\u0643\u064a \u062a\u0645\u0627\u0645"},"image":{"@id":"https:\/\/oktamam.com\/en\/#\/schema\/logo\/image\/"},"sameAs":["https:\/\/www.facebook.com\/oktamamcom","https:\/\/x.com\/ok_tamam","https:\/\/instagram.com\/oktamam","https:\/\/www.linkedin.com\/company\/ok-tamam","https:\/\/www.youtube.com\/ok-tamam-group"]}]}},"_links":{"self":[{"href":"https:\/\/oktamam.com\/en\/wp-json\/wp\/v2\/pages\/174127","targetHints":{"allow":["GET"]}}],"collection":[{"href":"https:\/\/oktamam.com\/en\/wp-json\/wp\/v2\/pages"}],"about":[{"href":"https:\/\/oktamam.com\/en\/wp-json\/wp\/v2\/types\/page"}],"author":[{"embeddable":true,"href":"https:\/\/oktamam.com\/en\/wp-json\/wp\/v2\/users\/14"}],"replies":[{"embeddable":true,"href":"https:\/\/oktamam.com\/en\/wp-json\/wp\/v2\/comments?post=174127"}],"version-history":[{"count":4,"href":"https:\/\/oktamam.com\/en\/wp-json\/wp\/v2\/pages\/174127\/revisions"}],"predecessor-version":[{"id":174183,"href":"https:\/\/oktamam.com\/en\/wp-json\/wp\/v2\/pages\/174127\/revisions\/174183"}],"wp:featuredmedia":[{"embeddable":true,"href":"https:\/\/oktamam.com\/en\/wp-json\/wp\/v2\/media\/174064"}],"wp:attachment":[{"href":"https:\/\/oktamam.com\/en\/wp-json\/wp\/v2\/media?parent=174127"}],"curies":[{"name":"wp","href":"https:\/\/api.w.org\/{rel}","templated":true}]}}