{"id":172678,"date":"2023-05-21T00:21:24","date_gmt":"2023-05-20T21:21:24","guid":{"rendered":"https:\/\/oktamam.com\/%d8%a7%d8%ae%d8%aa%d8%a8%d8%a7%d8%b1-uds\/"},"modified":"2024-04-28T12:16:11","modified_gmt":"2024-04-28T09:16:11","slug":"uds-test","status":"publish","type":"page","link":"https:\/\/oktamam.com\/en\/uds-test\/","title":{"rendered":"UDS Test"},"content":{"rendered":"\t\t<div data-elementor-type=\"wp-page\" data-elementor-id=\"172678\" class=\"elementor elementor-172678 elementor-125183\" data-elementor-post-type=\"page\">\n\t\t\t\t\t\t<section class=\"elementor-section elementor-top-section elementor-element elementor-element-2dc61bdd elementor-section-full_width elementor-section-height-default elementor-section-height-default\" data-id=\"2dc61bdd\" data-element_type=\"section\" data-e-type=\"section\">\n\t\t\t\t\t\t<div class=\"elementor-container elementor-column-gap-default\">\n\t\t\t\t\t<div class=\"elementor-column elementor-col-100 elementor-top-column elementor-element elementor-element-227f43cf\" data-id=\"227f43cf\" data-element_type=\"column\" data-e-type=\"column\">\n\t\t\t<div class=\"elementor-widget-wrap elementor-element-populated\">\n\t\t\t\t\t\t<section class=\"elementor-section elementor-inner-section elementor-element elementor-element-365d8194 elementor-section-boxed elementor-section-height-default elementor-section-height-default\" data-id=\"365d8194\" data-element_type=\"section\" data-e-type=\"section\">\n\t\t\t\t\t\t<div class=\"elementor-container elementor-column-gap-default\">\n\t\t\t\t\t<div class=\"elementor-column elementor-col-100 elementor-inner-column elementor-element elementor-element-2396cfe1\" data-id=\"2396cfe1\" data-element_type=\"column\" data-e-type=\"column\">\n\t\t\t<div class=\"elementor-widget-wrap elementor-element-populated\">\n\t\t\t\t\t\t<div data-dce-text-color=\"#FFFFFF\" class=\"elementor-element elementor-element-2630ae6a elementor-align-right custom-breadcrumb elementor-widget elementor-widget-breadcrumbs\" data-id=\"2630ae6a\" data-element_type=\"widget\" data-e-type=\"widget\" data-widget_type=\"breadcrumbs.default\">\n\t\t\t\t<div class=\"elementor-widget-container\">\n\t\t\t\t\t<p id=\"breadcrumbs\"><span><span><a href=\"https:\/\/oktamam.com\/en\/\">Home<\/a><\/span><\/span><\/p>\t\t\t\t<\/div>\n\t\t\t\t<\/div>\n\t\t\t\t\t<\/div>\n\t\t<\/div>\n\t\t\t\t\t<\/div>\n\t\t<\/section>\n\t\t\t\t\t<\/div>\n\t\t<\/div>\n\t\t\t\t\t<\/div>\n\t\t<\/section>\n\t\t\t\t<section class=\"elementor-section elementor-top-section elementor-element elementor-element-0d3f101 elementor-section-boxed elementor-section-height-default elementor-section-height-default\" data-id=\"0d3f101\" data-element_type=\"section\" data-e-type=\"section\">\n\t\t\t\t\t\t<div class=\"elementor-container elementor-column-gap-default\">\n\t\t\t\t\t<div class=\"elementor-column elementor-col-100 elementor-top-column elementor-element elementor-element-2a5915a\" data-id=\"2a5915a\" data-element_type=\"column\" data-e-type=\"column\">\n\t\t\t<div class=\"elementor-widget-wrap elementor-element-populated\">\n\t\t\t\t\t\t<div class=\"elementor-element elementor-element-1041706 exams-featured-img dce_masking-none elementor-widget elementor-widget-image\" data-id=\"1041706\" data-element_type=\"widget\" data-e-type=\"widget\" data-widget_type=\"image.default\">\n\t\t\t\t<div class=\"elementor-widget-container\">\n\t\t\t\t\t\t\t\t\t\t\t\t\t\t\t<img fetchpriority=\"high\" decoding=\"async\" width=\"1130\" height=\"600\" src=\"https:\/\/oktamam.com\/wp-content\/uploads\/2023\/06\/IMG_0251.jpg\" class=\"attachment-full size-full wp-image-140509\" alt=\"\u0627\u062e\u062a\u0628\u0627\u0631 UDS\" srcset=\"https:\/\/oktamam.com\/wp-content\/uploads\/2023\/06\/IMG_0251.jpg 1130w, https:\/\/oktamam.com\/wp-content\/uploads\/2023\/06\/IMG_0251-300x159.jpg 300w, https:\/\/oktamam.com\/wp-content\/uploads\/2023\/06\/IMG_0251-1024x544.jpg 1024w, https:\/\/oktamam.com\/wp-content\/uploads\/2023\/06\/IMG_0251-768x408.jpg 768w\" sizes=\"(max-width: 1130px) 100vw, 1130px\" \/>\t\t\t\t\t\t\t\t\t\t\t\t\t\t\t<\/div>\n\t\t\t\t<\/div>\n\t\t\t\t\t<\/div>\n\t\t<\/div>\n\t\t\t\t\t<\/div>\n\t\t<\/section>\n\t\t\t\t<section class=\"elementor-section elementor-top-section elementor-element elementor-element-2a6d3e0 elementor-section-boxed elementor-section-height-default elementor-section-height-default\" data-id=\"2a6d3e0\" data-element_type=\"section\" data-e-type=\"section\">\n\t\t\t\t\t\t<div class=\"elementor-container elementor-column-gap-default\">\n\t\t\t\t\t<div class=\"elementor-column elementor-col-100 elementor-top-column elementor-element elementor-element-135d16c\" data-id=\"135d16c\" data-element_type=\"column\" data-e-type=\"column\">\n\t\t\t<div class=\"elementor-widget-wrap elementor-element-populated\">\n\t\t\t\t\t\t<div class=\"elementor-element elementor-element-8c99a16 exam-titles elementor-widget elementor-widget-text-editor\" data-id=\"8c99a16\" data-element_type=\"widget\" data-e-type=\"widget\" data-widget_type=\"text-editor.default\">\n\t\t\t\t<div class=\"elementor-widget-container\">\n\t\t\t\t\t\t\t\t\t<h1>UDS Test<\/h1><h2><strong>\u00dcniversiteleraras\u0131 Kurul Yabanc\u0131\u00a0Dil\u00a0S\u0131nav\u0131<\/strong><\/h2>\t\t\t\t\t\t\t\t<\/div>\n\t\t\t\t<\/div>\n\t\t\t\t<div class=\"elementor-element elementor-element-1297351 elementor-widget elementor-widget-text-editor\" data-id=\"1297351\" data-element_type=\"widget\" data-e-type=\"widget\" data-widget_type=\"text-editor.default\">\n\t\t\t\t<div class=\"elementor-widget-container\">\n\t\t\t\t\t\t\t\t\t<p style=\"text-align: center;\">Interuniversity Board Foreign Language Exam<\/p>\t\t\t\t\t\t\t\t<\/div>\n\t\t\t\t<\/div>\n\t\t\t\t\t<\/div>\n\t\t<\/div>\n\t\t\t\t\t<\/div>\n\t\t<\/section>\n\t\t\t\t<section class=\"elementor-section elementor-top-section elementor-element elementor-element-1a5189f6 elementor-section-boxed elementor-section-height-default elementor-section-height-default\" data-id=\"1a5189f6\" data-element_type=\"section\" data-e-type=\"section\">\n\t\t\t\t\t\t<div class=\"elementor-container elementor-column-gap-default\">\n\t\t\t\t\t<div class=\"elementor-column elementor-col-100 elementor-top-column elementor-element elementor-element-1394b458 exam-second-text-block\" data-id=\"1394b458\" data-element_type=\"column\" data-e-type=\"column\">\n\t\t\t<div class=\"elementor-widget-wrap elementor-element-populated\">\n\t\t\t\t\t\t<div class=\"elementor-element elementor-element-3f5c04b6 elementor-widget elementor-widget-text-editor\" data-id=\"3f5c04b6\" data-element_type=\"widget\" data-e-type=\"widget\" data-widget_type=\"text-editor.default\">\n\t\t\t\t<div class=\"elementor-widget-container\">\n\t\t\t\t\t\t\t\t\t<h3 class=\"fusion-responsive-typography-calculated\" dir=\"ltr\" style=\"text-align: left;\" data-fontsize=\"30.6\" data-lineheight=\"52.02px\"><strong>Overview of the UDS Test<\/strong><\/h3><p dir=\"ltr\" style=\"text-align: left;\">This test is specifically designed to qualify postdoctoral students, as stipulated in Turkish law. However, it also allows undergraduate students who are interested in pursuing postgraduate studies (Master&#8217;s and PhD) to qualify for obtaining the necessary foreign language certification for those studies. Students must first consult the universities where they aspire to study for their Master&#8217;s or PhD to inquire whether this certification is accepted.<\/p>\t\t\t\t\t\t\t\t<\/div>\n\t\t\t\t<\/div>\n\t\t\t\t\t<\/div>\n\t\t<\/div>\n\t\t\t\t\t<\/div>\n\t\t<\/section>\n\t\t\t\t<section class=\"elementor-section elementor-top-section elementor-element elementor-element-65f95917 elementor-section-boxed elementor-section-height-default elementor-section-height-default\" data-id=\"65f95917\" data-element_type=\"section\" data-e-type=\"section\" data-settings=\"{&quot;background_background&quot;:&quot;classic&quot;}\">\n\t\t\t\t\t\t<div class=\"elementor-container elementor-column-gap-default\">\n\t\t\t\t\t<div class=\"elementor-column elementor-col-100 elementor-top-column elementor-element elementor-element-667841c6 exam-first-text-block\" data-id=\"667841c6\" data-element_type=\"column\" data-e-type=\"column\" data-settings=\"{&quot;background_background&quot;:&quot;classic&quot;}\">\n\t\t\t<div class=\"elementor-widget-wrap elementor-element-populated\">\n\t\t\t\t\t\t<div class=\"elementor-element elementor-element-40390156 elementor-widget-tablet__width-initial elementor-widget elementor-widget-text-editor\" data-id=\"40390156\" data-element_type=\"widget\" data-e-type=\"widget\" data-widget_type=\"text-editor.default\">\n\t\t\t\t<div class=\"elementor-widget-container\">\n\t\t\t\t\t\t\t\t\t<h3 class=\"fusion-responsive-typography-calculated\" dir=\"ltr\" style=\"text-align: left;\" data-fontsize=\"30.6\" data-lineheight=\"52.02px\"><strong>Sections of the UDS Test<\/strong><\/h3><p dir=\"ltr\" style=\"text-align: left;\">The exam covers various fields such as science, social sciences, and medicine, and is available in several languages including English, German, French, Arabic, Greek, Persian, Spanish, and Italian.<\/p><table style=\"width: 69.3971%; height: 363px;\"><tbody><tr><td style=\"width: 25.8555%;\">Question areas<\/td><td style=\"width: 27.3764%;\">Number of questions<\/td><td style=\"width: 20.9125%;\">applicants for the final admission exam<\/td><td style=\"width: 21.2928%;\">Admitted<\/td><\/tr><tr><td style=\"width: 25.8555%;\">Scientific materials (English)<\/td><td style=\"width: 27.3764%;\">80<\/td><td style=\"width: 20.9125%;\">32.647<\/td><td style=\"width: 21.2928%;\">30.808<\/td><\/tr><tr><td style=\"width: 25.8555%;\">Medical Materials (English)<\/td><td style=\"width: 27.3764%;\">80<\/td><td style=\"width: 20.9125%;\">16.192<\/td><td style=\"width: 21.2928%;\">14.844<\/td><\/tr><tr><td style=\"width: 25.8555%;\">Social Materials (English)<\/td><td style=\"width: 27.3764%;\">80<\/td><td style=\"width: 20.9125%;\">33.668<\/td><td style=\"width: 21.2928%;\">31.418<\/td><\/tr><\/tbody><\/table>\t\t\t\t\t\t\t\t<\/div>\n\t\t\t\t<\/div>\n\t\t\t\t\t<\/div>\n\t\t<\/div>\n\t\t\t\t\t<\/div>\n\t\t<\/section>\n\t\t\t\t<section class=\"elementor-section elementor-top-section elementor-element elementor-element-a1eb424 elementor-section-boxed elementor-section-height-default elementor-section-height-default\" data-id=\"a1eb424\" data-element_type=\"section\" data-e-type=\"section\" data-settings=\"{&quot;background_background&quot;:&quot;classic&quot;}\">\n\t\t\t\t\t\t<div class=\"elementor-container elementor-column-gap-default\">\n\t\t\t\t\t<div class=\"elementor-column elementor-col-100 elementor-top-column elementor-element elementor-element-71ab2db exam-second-text-block\" data-id=\"71ab2db\" data-element_type=\"column\" data-e-type=\"column\" data-settings=\"{&quot;background_background&quot;:&quot;classic&quot;}\">\n\t\t\t<div class=\"elementor-widget-wrap elementor-element-populated\">\n\t\t\t\t\t\t<div class=\"elementor-element elementor-element-c1aa8c2 elementor-widget elementor-widget-text-editor\" data-id=\"c1aa8c2\" data-element_type=\"widget\" data-e-type=\"widget\" data-widget_type=\"text-editor.default\">\n\t\t\t\t<div class=\"elementor-widget-container\">\n\t\t\t\t\t\t\t\t\t<p dir=\"ltr\" style=\"text-align: left;\">Foreign language testing at university level<\/p><p dir=\"ltr\" style=\"text-align: left;\">UDS Test,\u00a0Foreign Language Test, Study in T\u00fcrkiye,\u00a0University English Test,<\/p><p dir=\"ltr\" style=\"text-align: left;\">Language test for universities, study in T\u00fcrkiye 2015, study abroad 2015<\/p>\t\t\t\t\t\t\t\t<\/div>\n\t\t\t\t<\/div>\n\t\t\t\t\t<\/div>\n\t\t<\/div>\n\t\t\t\t\t<\/div>\n\t\t<\/section>\n\t\t\t\t<\/div>\n\t\t","protected":false},"excerpt":{"rendered":"<p>UDS Test \u00dcniversiteleraras\u0131 Kurul Yabanc\u0131\u00a0Dil\u00a0S\u0131nav\u0131 Interuniversity Board Foreign Language Exam Overview of the UDS Test This test is specifically designed to qualify postdoctoral students, as [&hellip;]<\/p>\n","protected":false},"author":24,"featured_media":140509,"parent":0,"menu_order":0,"comment_status":"open","ping_status":"closed","template":"","meta":{"_acf_changed":false,"footnotes":""},"class_list":["post-172678","page","type-page","status-publish","has-post-thumbnail","hentry"],"acf":[],"yoast_head":"<!-- This site is optimized with the Yoast SEO Premium plugin v27.1 (Yoast SEO v27.1.1) - https:\/\/yoast.com\/product\/yoast-seo-premium-wordpress\/ -->\n<title>UDS Test<\/title>\n<meta name=\"robots\" content=\"index, follow, max-snippet:-1, max-image-preview:large, max-video-preview:-1\" \/>\n<link rel=\"canonical\" href=\"https:\/\/oktamam.com\/en\/uds-test\/\" \/>\n<meta property=\"og:locale\" content=\"en_US\" \/>\n<meta property=\"og:type\" content=\"article\" \/>\n<meta property=\"og:title\" content=\"UDS Test\" \/>\n<meta property=\"og:description\" content=\"UDS Test \u00dcniversiteleraras\u0131 Kurul Yabanc\u0131\u00a0Dil\u00a0S\u0131nav\u0131 Interuniversity Board Foreign Language Exam Overview of the UDS Test This test is specifically designed to qualify postdoctoral students, as [&hellip;]\" \/>\n<meta property=\"og:url\" content=\"https:\/\/oktamam.com\/en\/uds-test\/\" \/>\n<meta property=\"og:site_name\" content=\"\u0627\u0648\u0643\u064a \u062a\u0645\u0627\u0645\" \/>\n<meta property=\"article:publisher\" content=\"https:\/\/www.facebook.com\/oktamamcom\" \/>\n<meta property=\"article:modified_time\" content=\"2024-04-28T09:16:11+00:00\" \/>\n<meta property=\"og:image\" content=\"https:\/\/oktamam.com\/wp-content\/uploads\/2023\/06\/IMG_0251.jpg\" \/>\n\t<meta property=\"og:image:width\" content=\"1130\" \/>\n\t<meta property=\"og:image:height\" content=\"600\" \/>\n\t<meta property=\"og:image:type\" content=\"image\/jpeg\" \/>\n<meta name=\"twitter:card\" content=\"summary_large_image\" \/>\n<meta name=\"twitter:site\" content=\"@ok_tamam\" \/>\n<script type=\"application\/ld+json\" class=\"yoast-schema-graph\">{\"@context\":\"https:\/\/schema.org\",\"@graph\":[{\"@type\":\"WebPage\",\"@id\":\"https:\/\/oktamam.com\/en\/uds-test\/\",\"url\":\"https:\/\/oktamam.com\/en\/uds-test\/\",\"name\":\"UDS Test\",\"isPartOf\":{\"@id\":\"https:\/\/oktamam.com\/en\/#website\"},\"primaryImageOfPage\":{\"@id\":\"https:\/\/oktamam.com\/en\/uds-test\/#primaryimage\"},\"image\":{\"@id\":\"https:\/\/oktamam.com\/en\/uds-test\/#primaryimage\"},\"thumbnailUrl\":\"https:\/\/oktamam.com\/wp-content\/uploads\/2023\/06\/IMG_0251.jpg\",\"datePublished\":\"2023-05-20T21:21:24+00:00\",\"dateModified\":\"2024-04-28T09:16:11+00:00\",\"breadcrumb\":{\"@id\":\"https:\/\/oktamam.com\/en\/uds-test\/#breadcrumb\"},\"inLanguage\":\"en-US\",\"potentialAction\":[{\"@type\":\"ReadAction\",\"target\":[\"https:\/\/oktamam.com\/en\/uds-test\/\"]}]},{\"@type\":\"ImageObject\",\"inLanguage\":\"en-US\",\"@id\":\"https:\/\/oktamam.com\/en\/uds-test\/#primaryimage\",\"url\":\"https:\/\/oktamam.com\/wp-content\/uploads\/2023\/06\/IMG_0251.jpg\",\"contentUrl\":\"https:\/\/oktamam.com\/wp-content\/uploads\/2023\/06\/IMG_0251.jpg\",\"width\":1130,\"height\":600,\"caption\":\"\u0627\u062e\u062a\u0628\u0627\u0631 UDS\"},{\"@type\":\"BreadcrumbList\",\"@id\":\"https:\/\/oktamam.com\/en\/uds-test\/#breadcrumb\",\"itemListElement\":[{\"@type\":\"ListItem\",\"position\":1,\"name\":\"Home\",\"item\":\"https:\/\/oktamam.com\/en\/\"},{\"@type\":\"ListItem\",\"position\":2,\"name\":\"UDS Test\"}]},{\"@type\":\"WebSite\",\"@id\":\"https:\/\/oktamam.com\/en\/#website\",\"url\":\"https:\/\/oktamam.com\/en\/\",\"name\":\"\u0627\u0648\u0643\u064a \u062a\u0645\u0627\u0645\",\"description\":\"\u0627\u0644\u062f\u0631\u0627\u0633\u0629 \u0641\u064a \u0627\u0644\u062e\u0627\u0631\u062c\",\"publisher\":{\"@id\":\"https:\/\/oktamam.com\/en\/#organization\"},\"potentialAction\":[{\"@type\":\"SearchAction\",\"target\":{\"@type\":\"EntryPoint\",\"urlTemplate\":\"https:\/\/oktamam.com\/en\/?s={search_term_string}\"},\"query-input\":{\"@type\":\"PropertyValueSpecification\",\"valueRequired\":true,\"valueName\":\"search_term_string\"}}],\"inLanguage\":\"en-US\"},{\"@type\":\"Organization\",\"@id\":\"https:\/\/oktamam.com\/en\/#organization\",\"name\":\"\u0627\u0648\u0643\u064a \u062a\u0645\u0627\u0645\",\"url\":\"https:\/\/oktamam.com\/en\/\",\"logo\":{\"@type\":\"ImageObject\",\"inLanguage\":\"en-US\",\"@id\":\"https:\/\/oktamam.com\/en\/#\/schema\/logo\/image\/\",\"url\":\"https:\/\/oktamam.com\/wp-content\/uploads\/2023\/04\/oktamam_logo_v-01.png\",\"contentUrl\":\"https:\/\/oktamam.com\/wp-content\/uploads\/2023\/04\/oktamam_logo_v-01.png\",\"width\":1030,\"height\":1030,\"caption\":\"\u0627\u0648\u0643\u064a \u062a\u0645\u0627\u0645\"},\"image\":{\"@id\":\"https:\/\/oktamam.com\/en\/#\/schema\/logo\/image\/\"},\"sameAs\":[\"https:\/\/www.facebook.com\/oktamamcom\",\"https:\/\/x.com\/ok_tamam\",\"https:\/\/instagram.com\/oktamam\",\"https:\/\/www.linkedin.com\/company\/ok-tamam\",\"https:\/\/www.youtube.com\/ok-tamam-group\"]}]}<\/script>\n<!-- \/ Yoast SEO Premium plugin. -->","yoast_head_json":{"title":"UDS Test","robots":{"index":"index","follow":"follow","max-snippet":"max-snippet:-1","max-image-preview":"max-image-preview:large","max-video-preview":"max-video-preview:-1"},"canonical":"https:\/\/oktamam.com\/en\/uds-test\/","og_locale":"en_US","og_type":"article","og_title":"UDS Test","og_description":"UDS Test \u00dcniversiteleraras\u0131 Kurul Yabanc\u0131\u00a0Dil\u00a0S\u0131nav\u0131 Interuniversity Board Foreign Language Exam Overview of the UDS Test This test is specifically designed to qualify postdoctoral students, as [&hellip;]","og_url":"https:\/\/oktamam.com\/en\/uds-test\/","og_site_name":"\u0627\u0648\u0643\u064a \u062a\u0645\u0627\u0645","article_publisher":"https:\/\/www.facebook.com\/oktamamcom","article_modified_time":"2024-04-28T09:16:11+00:00","og_image":[{"width":1130,"height":600,"url":"https:\/\/oktamam.com\/wp-content\/uploads\/2023\/06\/IMG_0251.jpg","type":"image\/jpeg"}],"twitter_card":"summary_large_image","twitter_site":"@ok_tamam","schema":{"@context":"https:\/\/schema.org","@graph":[{"@type":"WebPage","@id":"https:\/\/oktamam.com\/en\/uds-test\/","url":"https:\/\/oktamam.com\/en\/uds-test\/","name":"UDS Test","isPartOf":{"@id":"https:\/\/oktamam.com\/en\/#website"},"primaryImageOfPage":{"@id":"https:\/\/oktamam.com\/en\/uds-test\/#primaryimage"},"image":{"@id":"https:\/\/oktamam.com\/en\/uds-test\/#primaryimage"},"thumbnailUrl":"https:\/\/oktamam.com\/wp-content\/uploads\/2023\/06\/IMG_0251.jpg","datePublished":"2023-05-20T21:21:24+00:00","dateModified":"2024-04-28T09:16:11+00:00","breadcrumb":{"@id":"https:\/\/oktamam.com\/en\/uds-test\/#breadcrumb"},"inLanguage":"en-US","potentialAction":[{"@type":"ReadAction","target":["https:\/\/oktamam.com\/en\/uds-test\/"]}]},{"@type":"ImageObject","inLanguage":"en-US","@id":"https:\/\/oktamam.com\/en\/uds-test\/#primaryimage","url":"https:\/\/oktamam.com\/wp-content\/uploads\/2023\/06\/IMG_0251.jpg","contentUrl":"https:\/\/oktamam.com\/wp-content\/uploads\/2023\/06\/IMG_0251.jpg","width":1130,"height":600,"caption":"\u0627\u062e\u062a\u0628\u0627\u0631 UDS"},{"@type":"BreadcrumbList","@id":"https:\/\/oktamam.com\/en\/uds-test\/#breadcrumb","itemListElement":[{"@type":"ListItem","position":1,"name":"Home","item":"https:\/\/oktamam.com\/en\/"},{"@type":"ListItem","position":2,"name":"UDS Test"}]},{"@type":"WebSite","@id":"https:\/\/oktamam.com\/en\/#website","url":"https:\/\/oktamam.com\/en\/","name":"\u0627\u0648\u0643\u064a \u062a\u0645\u0627\u0645","description":"\u0627\u0644\u062f\u0631\u0627\u0633\u0629 \u0641\u064a \u0627\u0644\u062e\u0627\u0631\u062c","publisher":{"@id":"https:\/\/oktamam.com\/en\/#organization"},"potentialAction":[{"@type":"SearchAction","target":{"@type":"EntryPoint","urlTemplate":"https:\/\/oktamam.com\/en\/?s={search_term_string}"},"query-input":{"@type":"PropertyValueSpecification","valueRequired":true,"valueName":"search_term_string"}}],"inLanguage":"en-US"},{"@type":"Organization","@id":"https:\/\/oktamam.com\/en\/#organization","name":"\u0627\u0648\u0643\u064a \u062a\u0645\u0627\u0645","url":"https:\/\/oktamam.com\/en\/","logo":{"@type":"ImageObject","inLanguage":"en-US","@id":"https:\/\/oktamam.com\/en\/#\/schema\/logo\/image\/","url":"https:\/\/oktamam.com\/wp-content\/uploads\/2023\/04\/oktamam_logo_v-01.png","contentUrl":"https:\/\/oktamam.com\/wp-content\/uploads\/2023\/04\/oktamam_logo_v-01.png","width":1030,"height":1030,"caption":"\u0627\u0648\u0643\u064a \u062a\u0645\u0627\u0645"},"image":{"@id":"https:\/\/oktamam.com\/en\/#\/schema\/logo\/image\/"},"sameAs":["https:\/\/www.facebook.com\/oktamamcom","https:\/\/x.com\/ok_tamam","https:\/\/instagram.com\/oktamam","https:\/\/www.linkedin.com\/company\/ok-tamam","https:\/\/www.youtube.com\/ok-tamam-group"]}]}},"_links":{"self":[{"href":"https:\/\/oktamam.com\/en\/wp-json\/wp\/v2\/pages\/172678","targetHints":{"allow":["GET"]}}],"collection":[{"href":"https:\/\/oktamam.com\/en\/wp-json\/wp\/v2\/pages"}],"about":[{"href":"https:\/\/oktamam.com\/en\/wp-json\/wp\/v2\/types\/page"}],"author":[{"embeddable":true,"href":"https:\/\/oktamam.com\/en\/wp-json\/wp\/v2\/users\/24"}],"replies":[{"embeddable":true,"href":"https:\/\/oktamam.com\/en\/wp-json\/wp\/v2\/comments?post=172678"}],"version-history":[{"count":5,"href":"https:\/\/oktamam.com\/en\/wp-json\/wp\/v2\/pages\/172678\/revisions"}],"predecessor-version":[{"id":172684,"href":"https:\/\/oktamam.com\/en\/wp-json\/wp\/v2\/pages\/172678\/revisions\/172684"}],"wp:featuredmedia":[{"embeddable":true,"href":"https:\/\/oktamam.com\/en\/wp-json\/wp\/v2\/media\/140509"}],"wp:attachment":[{"href":"https:\/\/oktamam.com\/en\/wp-json\/wp\/v2\/media?parent=172678"}],"curies":[{"name":"wp","href":"https:\/\/api.w.org\/{rel}","templated":true}]}}