{"id":167974,"date":"2023-05-28T15:57:47","date_gmt":"2023-05-28T12:57:47","guid":{"rendered":"https:\/\/oktamam.com\/%d8%a7%d9%84%d8%ac%d8%a7%d9%85%d8%b9%d8%a7%d8%aa-%d8%a7%d9%84%d8%aa%d8%b1%d9%83%d9%8a%d8%a9-%d8%a7%d9%84%d9%85%d8%b9%d8%aa%d8%b1%d9%81-%d8%a8%d9%87%d8%a7-%d9%81%d9%8a-%d8%b3%d9%88%d8%b1%d9%8a%d8%a7\/"},"modified":"2024-09-05T13:17:05","modified_gmt":"2024-09-05T10:17:05","slug":"turkish-universities-recognized-in-syria","status":"publish","type":"page","link":"https:\/\/oktamam.com\/en\/turkish-universities-recognized-in-syria\/","title":{"rendered":"Turkish Universities Recognized in Syria"},"content":{"rendered":"\t\t<div data-elementor-type=\"wp-page\" data-elementor-id=\"167974\" class=\"elementor elementor-167974 elementor-130884\" data-elementor-post-type=\"page\">\n\t\t\t\t\t\t<section class=\"elementor-section elementor-top-section elementor-element elementor-element-1c19278d elementor-section-boxed elementor-section-height-default elementor-section-height-default\" data-id=\"1c19278d\" data-element_type=\"section\" data-e-type=\"section\">\n\t\t\t\t\t\t<div class=\"elementor-container elementor-column-gap-default\">\n\t\t\t\t\t<div class=\"elementor-column elementor-col-100 elementor-top-column elementor-element elementor-element-54158b89\" data-id=\"54158b89\" data-element_type=\"column\" data-e-type=\"column\">\n\t\t\t<div class=\"elementor-widget-wrap elementor-element-populated\">\n\t\t\t\t\t\t<div class=\"elementor-element elementor-element-1b1d9549 elementor-widget elementor-widget-template\" data-id=\"1b1d9549\" data-element_type=\"widget\" data-e-type=\"widget\" data-widget_type=\"template.default\">\n\t\t\t\t<div class=\"elementor-widget-container\">\n\t\t\t\t\t\t\t<div class=\"elementor-template\">\n\t\t\t\t\t<div data-elementor-type=\"section\" data-elementor-id=\"131893\" class=\"elementor elementor-131893 elementor-918 elementor-918\" data-elementor-post-type=\"elementor_library\">\n\t\t\t\t\t<section class=\"elementor-section elementor-top-section elementor-element elementor-element-557f9a0b elementor-section-full_width elementor-section-height-default elementor-section-height-default\" data-id=\"557f9a0b\" data-element_type=\"section\" data-e-type=\"section\">\n\t\t\t\t\t\t<div class=\"elementor-container elementor-column-gap-default\">\n\t\t\t\t\t<div class=\"elementor-column elementor-col-100 elementor-top-column elementor-element elementor-element-53dc3970\" data-id=\"53dc3970\" data-element_type=\"column\" data-e-type=\"column\">\n\t\t\t<div class=\"elementor-widget-wrap elementor-element-populated\">\n\t\t\t\t\t\t<section class=\"elementor-section elementor-inner-section elementor-element elementor-element-5cc36d4b elementor-section-boxed elementor-section-height-default elementor-section-height-default\" data-id=\"5cc36d4b\" data-element_type=\"section\" data-e-type=\"section\">\n\t\t\t\t\t\t<div class=\"elementor-container elementor-column-gap-default\">\n\t\t\t\t\t<div class=\"elementor-column elementor-col-100 elementor-inner-column elementor-element elementor-element-169e9379\" data-id=\"169e9379\" data-element_type=\"column\" data-e-type=\"column\">\n\t\t\t<div class=\"elementor-widget-wrap elementor-element-populated\">\n\t\t\t\t\t\t<div data-dce-text-color=\"#FFFFFF\" class=\"elementor-element elementor-element-35becd01 elementor-align-right custom-breadcrumb elementor-widget elementor-widget-breadcrumbs\" data-id=\"35becd01\" data-element_type=\"widget\" data-e-type=\"widget\" data-widget_type=\"breadcrumbs.default\">\n\t\t\t\t<div class=\"elementor-widget-container\">\n\t\t\t\t\t<p id=\"breadcrumbs\"><span><span><a href=\"https:\/\/oktamam.com\/en\/\">Home<\/a><\/span><\/span><\/p>\t\t\t\t<\/div>\n\t\t\t\t<\/div>\n\t\t\t\t\t<\/div>\n\t\t<\/div>\n\t\t\t\t\t<\/div>\n\t\t<\/section>\n\t\t\t\t\t<\/div>\n\t\t<\/div>\n\t\t\t\t\t<\/div>\n\t\t<\/section>\n\t\t\t\t<\/div>\n\t\t\t\t<\/div>\n\t\t\t\t\t\t<\/div>\n\t\t\t\t<\/div>\n\t\t\t\t\t<\/div>\n\t\t<\/div>\n\t\t\t\t\t<\/div>\n\t\t<\/section>\n\t\t\t\t<section class=\"elementor-section elementor-top-section elementor-element elementor-element-4adff27 elementor-reverse-mobile elementor-section-boxed elementor-section-height-default elementor-section-height-default\" data-id=\"4adff27\" data-element_type=\"section\" data-e-type=\"section\">\n\t\t\t\t\t\t<div class=\"elementor-container elementor-column-gap-default\">\n\t\t\t\t\t<div data-dce-background-color=\"#FFFFFF00\" class=\"elementor-column elementor-col-50 elementor-top-column elementor-element elementor-element-5842f0e6\" data-id=\"5842f0e6\" data-element_type=\"column\" data-e-type=\"column\" data-settings=\"{&quot;background_background&quot;:&quot;gradient&quot;}\">\n\t\t\t<div class=\"elementor-widget-wrap elementor-element-populated\">\n\t\t\t\t\t\t<div class=\"elementor-element elementor-element-6edd423b UniInCountry-featured-img elementor-widget elementor-widget-theme-post-featured-image elementor-widget-image\" data-id=\"6edd423b\" data-element_type=\"widget\" data-e-type=\"widget\" data-widget_type=\"theme-post-featured-image.default\">\n\t\t\t\t<div class=\"elementor-widget-container\">\n\t\t\t\t\t\t\t\t\t\t\t\t\t\t\t<img fetchpriority=\"high\" decoding=\"async\" width=\"600\" height=\"400\" src=\"https:\/\/oktamam.com\/wp-content\/uploads\/2023\/05\/Flag_of_Syria.svg-600x400-1.webp\" class=\"attachment-medium_large size-medium_large wp-image-130886\" alt=\"Syria&#039;s flag\" srcset=\"https:\/\/oktamam.com\/wp-content\/uploads\/2023\/05\/Flag_of_Syria.svg-600x400-1.webp 600w, https:\/\/oktamam.com\/wp-content\/uploads\/2023\/05\/Flag_of_Syria.svg-600x400-1-300x200.webp 300w\" sizes=\"(max-width: 600px) 100vw, 600px\" \/>\t\t\t\t\t\t\t\t\t\t\t\t\t\t\t<\/div>\n\t\t\t\t<\/div>\n\t\t\t\t\t<\/div>\n\t\t<\/div>\n\t\t\t\t<div class=\"elementor-column elementor-col-50 elementor-top-column elementor-element elementor-element-768465f1 UniInCountry-text-block\" data-id=\"768465f1\" data-element_type=\"column\" data-e-type=\"column\">\n\t\t\t<div class=\"elementor-widget-wrap elementor-element-populated\">\n\t\t\t\t\t\t<div class=\"elementor-element elementor-element-390fcd9b header-border elementor-widget elementor-widget-heading\" data-id=\"390fcd9b\" data-element_type=\"widget\" data-e-type=\"widget\" data-widget_type=\"heading.default\">\n\t\t\t\t<div class=\"elementor-widget-container\">\n\t\t\t\t\t<h1 class=\"elementor-heading-title elementor-size-default\">Turkish Universities Recognized in Syria<\/h1>\t\t\t\t<\/div>\n\t\t\t\t<\/div>\n\t\t\t\t<div class=\"elementor-element elementor-element-262712f3 elementor-widget elementor-widget-text-editor\" data-id=\"262712f3\" data-element_type=\"widget\" data-e-type=\"widget\" data-widget_type=\"text-editor.default\">\n\t\t\t\t<div class=\"elementor-widget-container\">\n\t\t\t\t\t\t\t\t\t<p dir=\"ltr\" style=\"text-align: left;\">Syrian students have been significantly impacted by the war in Syria, which may be the primary reason why many of them have been deprived of achieving their dreams and ambitions. At the same time, Turkey has become a gateway for Syrian students to realize their dreams and reach their ambitions. Turkey has provided many facilities for students coming from Syria, where they can study in distinguished Turkish universities easily and without difficult conditions. In fact, there are universities that offer special discounts for Syrian students.<\/p>\n<p dir=\"ltr\" style=\"text-align: left;\">Syrian students achieve success and excellence in Turkey through studying at Turkish universities known for their academic quality, which provide various opportunities to participate in different cultural, sports, and recreational activities, and to practice practical applications inside and outside the university campuses. Universities in Turkey also offer many opportunities for student exchange and study at partner universities around the world.<\/p>\n<div class=\"w-full text-token-text-primary\" dir=\"ltr\" data-testid=\"conversation-turn-3\" data-scroll-anchor=\"true\">\n<div class=\"px-4 py-2 justify-center text-base md:gap-6 m-auto\">\n<div class=\"flex flex-1 text-base mx-auto gap-3 juice:gap-4 juice:md:gap-6 md:px-5 lg:px-1 xl:px-5 md:max-w-3xl lg:max-w-[40rem] xl:max-w-[48rem]\">\n<div class=\"relative flex w-full min-w-0 flex-col agent-turn\">\n<div class=\"flex-col gap-1 md:gap-3\">\n<div class=\"flex flex-grow flex-col max-w-full\">\n<div class=\"min-h-[20px] text-message flex flex-col items-start gap-3 whitespace-pre-wrap break-words [.text-message+&amp;]:mt-5 overflow-x-auto\" dir=\"auto\" data-message-author-role=\"assistant\" data-message-id=\"3863cee0-70be-45ee-bb07-8aa11fa22c01\">\n<div class=\"markdown prose w-full break-words dark:prose-invert dark\">\n<p style=\"text-align: left;\">In the following lines, students will learn about the list of Turkish universities recognized in Syria, so they can choose the university that is right for them.<\/p>\n<\/div>\n<\/div>\n<\/div>\n<\/div>\n<\/div>\n<\/div>\n<\/div>\n<\/div>\t\t\t\t\t\t\t\t<\/div>\n\t\t\t\t<\/div>\n\t\t\t\t\t<\/div>\n\t\t<\/div>\n\t\t\t\t\t<\/div>\n\t\t<\/section>\n\t\t\t\t<section class=\"elementor-section elementor-top-section elementor-element elementor-element-690e6065 elementor-section-boxed elementor-section-height-default elementor-section-height-default\" data-id=\"690e6065\" data-element_type=\"section\" data-e-type=\"section\">\n\t\t\t\t\t\t<div class=\"elementor-container elementor-column-gap-default\">\n\t\t\t\t\t<div class=\"elementor-column elementor-col-100 elementor-top-column elementor-element elementor-element-3fc40692 english-text other-pages-content\" data-id=\"3fc40692\" data-element_type=\"column\" data-e-type=\"column\">\n\t\t\t<div class=\"elementor-widget-wrap elementor-element-populated\">\n\t\t\t\t\t\t<div class=\"elementor-element elementor-element-36cdf52 elementor-widget elementor-widget-heading\" data-id=\"36cdf52\" data-element_type=\"widget\" data-e-type=\"widget\" data-widget_type=\"heading.default\">\n\t\t\t\t<div class=\"elementor-widget-container\">\n\t\t\t\t\t<h2 class=\"elementor-heading-title elementor-size-default\">Turkish Universities Recognized in Syria<\/h2>\t\t\t\t<\/div>\n\t\t\t\t<\/div>\n\t\t\t\t<div class=\"elementor-element elementor-element-2b92a16c elementor-widget elementor-widget-text-editor\" data-id=\"2b92a16c\" data-element_type=\"widget\" data-e-type=\"widget\" data-widget_type=\"text-editor.default\">\n\t\t\t\t<div class=\"elementor-widget-container\">\n\t\t\t\t\t\t\t\t\t<ul><li><a href=\"https:\/\/oktamam.com\/en\/istanbul-kultur-university\/\">Istanbul Kultur University<\/a><\/li><li><a href=\"https:\/\/oktamam.com\/en\/bahcesehir-university\/\">Bahcesehir University<\/a><\/li><li><a href=\"https:\/\/oktamam.com\/en\/sabanci-university\/\">Sabanci University<\/a><\/li><li><a href=\"https:\/\/oktamam.com\/en\/halic-university\/\">Halic University<\/a><\/li><li><a href=\"https:\/\/oktamam.com\/en\/kadir-has-university\/\">Kadir Has University\u00a0<\/a><\/li><li><a href=\"https:\/\/oktamam.com\/en\/isik-university\/\">Isik University<\/a><\/li><li><a href=\"https:\/\/oktamam.com\/en\/altinbas-university\/\">Altinbas University\u00a0<\/a><\/li><li><a href=\"https:\/\/oktamam.com\/en\/istanbul-aydin-university\/\">Istanbul Aydin University<\/a><\/li><li><a href=\"https:\/\/oktamam.com\/en\/istanbul-bilgi-university\/\">Istanbul Bilgi University<\/a><\/li><li><a href=\"https:\/\/oktamam.com\/en\/beykent-university\/\">Beykent University<\/a><\/li><li><a href=\"https:\/\/oktamam.com\/en\/bilkent-university\/\">Bilkent University<\/a><\/li><li><a href=\"https:\/\/oktamam.com\/en\/biruni-university\/\">Biruni University<\/a><\/li><li><a href=\"https:\/\/oktamam.com\/en\/yeditepe-university\/\">Yeditepe University<\/a><\/li><li><a href=\"https:\/\/oktamam.com\/en\/atilim-university\/\">Atilim University<\/a><\/li><li><a href=\"https:\/\/oktamam.com\/en\/maltepe-university\/\">Maltepe University<\/a><\/li><li><a href=\"https:\/\/oktamam.com\/en\/dogus-university\/\">Do\u011fu\u015f University<\/a><\/li><li><a href=\"https:\/\/oktamam.com\/en\/istanbul-technical-university\/\">Istanbul Technical University<\/a><\/li><li><a href=\"https:\/\/oktamam.com\/en\/marmara-university\/\">Marmara University<\/a><\/li><li>Middle East Technical University\u00a0<\/li><li>Adnan Menderes University<\/li><li>Afyon Kocatepe University<\/li><li>Ahmet Yesevi University<\/li><li>Akdeniz University<\/li><li>Ankara University<\/li><li>Atat\u00fcrk University<\/li><li>Bal\u0131kesir University<\/li><li>Bo\u011fazi\u00e7i University<\/li><li>\u00c7a\u011f University<\/li><li>\u00c7anakkale Onsekiz Mart University<\/li><li>\u00c7ankaya University<\/li><li>Manisa Celal Bayar University<\/li><li>Sivas Cumhuriyet University<\/li><li>Karadeniz Technical University\u00a0<\/li><li>Kirikkale University<\/li><li>S\u00fcleyman Demirel University<\/li><li>TOBB University of Economics and Technology\u00a0<\/li><li>Trakya University<\/li><li>Turkish Air Force Academy<\/li><li>Uluda\u011f University\u00a0<\/li><li>Anadolu University\u00a0<\/li><li>Gaziantep University<\/li><li>Mersin University<\/li><li>F\u0131rat University<\/li><li>Galatasaray University<\/li><li>Gazi University<\/li><li>Gaziosmanpasa University\u00a0<\/li><li>Gebze Technical University<\/li><li>Hacettepe University\u00a0<\/li><li>Inonu University\u00a0<\/li><li>Istanbul University<\/li><li>Istanbul Yeni Y\u00fczy\u0131l University\u00a0<\/li><li>\u0130zmir Institute of Technology<\/li><li>Mu\u011fla S\u0131tk\u0131 Ko\u00e7man University\u00a0<\/li><li>Mustafa Kemal University<\/li><li>Necmettin Erbakan University\u00a0<\/li><li>Nigde Omer Halisdemir University\u00a0<\/li><li>Eskisehir Osmangazi University\u00a0<\/li><li>Pamukkale University<\/li><li>Sakarya University\u00a0<\/li><li>Van Y\u00fcz\u00fcnc\u00fc Y\u0131l University<\/li><li>Y\u0131ld\u0131z Technical University<\/li><li>Zonguldak B\u00fclent Ecevit University<\/li><li>Dicle University\u00a0<\/li><li>Dokuz Eylul University\u00a0<\/li><li>Dumlupinar University<\/li><li>Duzce University\u00a0<\/li><li>Ege University<\/li><li>Erciyes University\u00a0<\/li><li>Kafkas University\u00a0<\/li><li>Kahramanmara\u015f S\u00fct\u00e7\u00fc \u0130mam University\u00a0<\/li><li>Karabuk University<\/li><\/ul>\t\t\t\t\t\t\t\t<\/div>\n\t\t\t\t<\/div>\n\t\t\t\t\t<\/div>\n\t\t<\/div>\n\t\t\t\t\t<\/div>\n\t\t<\/section>\n\t\t\t\t<\/div>\n\t\t","protected":false},"excerpt":{"rendered":"<p>Syrian students have been significantly impacted by the war in Syria, which may be the primary reason why many of them have been deprived of [&hellip;]<\/p>\n","protected":false},"author":24,"featured_media":130886,"parent":0,"menu_order":0,"comment_status":"open","ping_status":"closed","template":"","meta":{"_acf_changed":false,"footnotes":""},"class_list":["post-167974","page","type-page","status-publish","has-post-thumbnail","hentry"],"acf":[],"yoast_head":"<!-- This site is optimized with the Yoast SEO Premium plugin v27.1 (Yoast SEO v27.1.1) - https:\/\/yoast.com\/product\/yoast-seo-premium-wordpress\/ -->\n<title>Turkish Universities Recognized in Syria<\/title>\n<meta name=\"description\" content=\"\u0627\u0648\u0643\u064a \u062a\u0645\u0627\u0645\" \/>\n<meta name=\"robots\" content=\"index, follow, max-snippet:-1, max-image-preview:large, max-video-preview:-1\" \/>\n<link rel=\"canonical\" href=\"https:\/\/oktamam.com\/en\/turkish-universities-recognized-in-syria\/\" \/>\n<meta property=\"og:locale\" content=\"en_US\" \/>\n<meta property=\"og:type\" content=\"article\" \/>\n<meta property=\"og:title\" content=\"Turkish Universities Recognized in Syria\" \/>\n<meta property=\"og:description\" content=\"\u0627\u0648\u0643\u064a \u062a\u0645\u0627\u0645\" \/>\n<meta property=\"og:url\" content=\"https:\/\/oktamam.com\/en\/turkish-universities-recognized-in-syria\/\" \/>\n<meta property=\"og:site_name\" content=\"\u0627\u0648\u0643\u064a \u062a\u0645\u0627\u0645\" \/>\n<meta property=\"article:publisher\" content=\"https:\/\/www.facebook.com\/oktamamcom\" \/>\n<meta property=\"article:modified_time\" content=\"2024-09-05T10:17:05+00:00\" \/>\n<meta property=\"og:image\" content=\"https:\/\/oktamam.com\/wp-content\/uploads\/2023\/05\/Flag_of_Syria.svg-600x400-1.webp\" \/>\n\t<meta property=\"og:image:width\" content=\"600\" \/>\n\t<meta property=\"og:image:height\" content=\"400\" \/>\n\t<meta property=\"og:image:type\" content=\"image\/webp\" \/>\n<meta name=\"twitter:card\" content=\"summary_large_image\" \/>\n<meta name=\"twitter:site\" content=\"@ok_tamam\" \/>\n<script type=\"application\/ld+json\" class=\"yoast-schema-graph\">{\"@context\":\"https:\/\/schema.org\",\"@graph\":[{\"@type\":\"WebPage\",\"@id\":\"https:\/\/oktamam.com\/en\/turkish-universities-recognized-in-syria\/\",\"url\":\"https:\/\/oktamam.com\/en\/turkish-universities-recognized-in-syria\/\",\"name\":\"Turkish Universities Recognized in Syria\",\"isPartOf\":{\"@id\":\"https:\/\/oktamam.com\/en\/#website\"},\"primaryImageOfPage\":{\"@id\":\"https:\/\/oktamam.com\/en\/turkish-universities-recognized-in-syria\/#primaryimage\"},\"image\":{\"@id\":\"https:\/\/oktamam.com\/en\/turkish-universities-recognized-in-syria\/#primaryimage\"},\"thumbnailUrl\":\"https:\/\/oktamam.com\/wp-content\/uploads\/2023\/05\/Flag_of_Syria.svg-600x400-1.webp\",\"datePublished\":\"2023-05-28T12:57:47+00:00\",\"dateModified\":\"2024-09-05T10:17:05+00:00\",\"description\":\"\u0627\u0648\u0643\u064a \u062a\u0645\u0627\u0645\",\"breadcrumb\":{\"@id\":\"https:\/\/oktamam.com\/en\/turkish-universities-recognized-in-syria\/#breadcrumb\"},\"inLanguage\":\"en-US\",\"potentialAction\":[{\"@type\":\"ReadAction\",\"target\":[\"https:\/\/oktamam.com\/en\/turkish-universities-recognized-in-syria\/\"]}]},{\"@type\":\"ImageObject\",\"inLanguage\":\"en-US\",\"@id\":\"https:\/\/oktamam.com\/en\/turkish-universities-recognized-in-syria\/#primaryimage\",\"url\":\"https:\/\/oktamam.com\/wp-content\/uploads\/2023\/05\/Flag_of_Syria.svg-600x400-1.webp\",\"contentUrl\":\"https:\/\/oktamam.com\/wp-content\/uploads\/2023\/05\/Flag_of_Syria.svg-600x400-1.webp\",\"width\":600,\"height\":400,\"caption\":\"Syria's flag\"},{\"@type\":\"BreadcrumbList\",\"@id\":\"https:\/\/oktamam.com\/en\/turkish-universities-recognized-in-syria\/#breadcrumb\",\"itemListElement\":[{\"@type\":\"ListItem\",\"position\":1,\"name\":\"Home\",\"item\":\"https:\/\/oktamam.com\/en\/\"},{\"@type\":\"ListItem\",\"position\":2,\"name\":\"Turkish Universities Recognized in Syria\"}]},{\"@type\":\"WebSite\",\"@id\":\"https:\/\/oktamam.com\/en\/#website\",\"url\":\"https:\/\/oktamam.com\/en\/\",\"name\":\"\u0627\u0648\u0643\u064a \u062a\u0645\u0627\u0645\",\"description\":\"\u0627\u0644\u062f\u0631\u0627\u0633\u0629 \u0641\u064a \u0627\u0644\u062e\u0627\u0631\u062c\",\"publisher\":{\"@id\":\"https:\/\/oktamam.com\/en\/#organization\"},\"potentialAction\":[{\"@type\":\"SearchAction\",\"target\":{\"@type\":\"EntryPoint\",\"urlTemplate\":\"https:\/\/oktamam.com\/en\/?s={search_term_string}\"},\"query-input\":{\"@type\":\"PropertyValueSpecification\",\"valueRequired\":true,\"valueName\":\"search_term_string\"}}],\"inLanguage\":\"en-US\"},{\"@type\":\"Organization\",\"@id\":\"https:\/\/oktamam.com\/en\/#organization\",\"name\":\"\u0627\u0648\u0643\u064a \u062a\u0645\u0627\u0645\",\"url\":\"https:\/\/oktamam.com\/en\/\",\"logo\":{\"@type\":\"ImageObject\",\"inLanguage\":\"en-US\",\"@id\":\"https:\/\/oktamam.com\/en\/#\/schema\/logo\/image\/\",\"url\":\"https:\/\/oktamam.com\/wp-content\/uploads\/2023\/04\/oktamam_logo_v-01.png\",\"contentUrl\":\"https:\/\/oktamam.com\/wp-content\/uploads\/2023\/04\/oktamam_logo_v-01.png\",\"width\":1030,\"height\":1030,\"caption\":\"\u0627\u0648\u0643\u064a \u062a\u0645\u0627\u0645\"},\"image\":{\"@id\":\"https:\/\/oktamam.com\/en\/#\/schema\/logo\/image\/\"},\"sameAs\":[\"https:\/\/www.facebook.com\/oktamamcom\",\"https:\/\/x.com\/ok_tamam\",\"https:\/\/instagram.com\/oktamam\",\"https:\/\/www.linkedin.com\/company\/ok-tamam\",\"https:\/\/www.youtube.com\/ok-tamam-group\"]}]}<\/script>\n<!-- \/ Yoast SEO Premium plugin. -->","yoast_head_json":{"title":"Turkish Universities Recognized in Syria","description":"\u0627\u0648\u0643\u064a \u062a\u0645\u0627\u0645","robots":{"index":"index","follow":"follow","max-snippet":"max-snippet:-1","max-image-preview":"max-image-preview:large","max-video-preview":"max-video-preview:-1"},"canonical":"https:\/\/oktamam.com\/en\/turkish-universities-recognized-in-syria\/","og_locale":"en_US","og_type":"article","og_title":"Turkish Universities Recognized in Syria","og_description":"\u0627\u0648\u0643\u064a \u062a\u0645\u0627\u0645","og_url":"https:\/\/oktamam.com\/en\/turkish-universities-recognized-in-syria\/","og_site_name":"\u0627\u0648\u0643\u064a \u062a\u0645\u0627\u0645","article_publisher":"https:\/\/www.facebook.com\/oktamamcom","article_modified_time":"2024-09-05T10:17:05+00:00","og_image":[{"width":600,"height":400,"url":"https:\/\/oktamam.com\/wp-content\/uploads\/2023\/05\/Flag_of_Syria.svg-600x400-1.webp","type":"image\/webp"}],"twitter_card":"summary_large_image","twitter_site":"@ok_tamam","schema":{"@context":"https:\/\/schema.org","@graph":[{"@type":"WebPage","@id":"https:\/\/oktamam.com\/en\/turkish-universities-recognized-in-syria\/","url":"https:\/\/oktamam.com\/en\/turkish-universities-recognized-in-syria\/","name":"Turkish Universities Recognized in Syria","isPartOf":{"@id":"https:\/\/oktamam.com\/en\/#website"},"primaryImageOfPage":{"@id":"https:\/\/oktamam.com\/en\/turkish-universities-recognized-in-syria\/#primaryimage"},"image":{"@id":"https:\/\/oktamam.com\/en\/turkish-universities-recognized-in-syria\/#primaryimage"},"thumbnailUrl":"https:\/\/oktamam.com\/wp-content\/uploads\/2023\/05\/Flag_of_Syria.svg-600x400-1.webp","datePublished":"2023-05-28T12:57:47+00:00","dateModified":"2024-09-05T10:17:05+00:00","description":"\u0627\u0648\u0643\u064a \u062a\u0645\u0627\u0645","breadcrumb":{"@id":"https:\/\/oktamam.com\/en\/turkish-universities-recognized-in-syria\/#breadcrumb"},"inLanguage":"en-US","potentialAction":[{"@type":"ReadAction","target":["https:\/\/oktamam.com\/en\/turkish-universities-recognized-in-syria\/"]}]},{"@type":"ImageObject","inLanguage":"en-US","@id":"https:\/\/oktamam.com\/en\/turkish-universities-recognized-in-syria\/#primaryimage","url":"https:\/\/oktamam.com\/wp-content\/uploads\/2023\/05\/Flag_of_Syria.svg-600x400-1.webp","contentUrl":"https:\/\/oktamam.com\/wp-content\/uploads\/2023\/05\/Flag_of_Syria.svg-600x400-1.webp","width":600,"height":400,"caption":"Syria's flag"},{"@type":"BreadcrumbList","@id":"https:\/\/oktamam.com\/en\/turkish-universities-recognized-in-syria\/#breadcrumb","itemListElement":[{"@type":"ListItem","position":1,"name":"Home","item":"https:\/\/oktamam.com\/en\/"},{"@type":"ListItem","position":2,"name":"Turkish Universities Recognized in Syria"}]},{"@type":"WebSite","@id":"https:\/\/oktamam.com\/en\/#website","url":"https:\/\/oktamam.com\/en\/","name":"\u0627\u0648\u0643\u064a \u062a\u0645\u0627\u0645","description":"\u0627\u0644\u062f\u0631\u0627\u0633\u0629 \u0641\u064a \u0627\u0644\u062e\u0627\u0631\u062c","publisher":{"@id":"https:\/\/oktamam.com\/en\/#organization"},"potentialAction":[{"@type":"SearchAction","target":{"@type":"EntryPoint","urlTemplate":"https:\/\/oktamam.com\/en\/?s={search_term_string}"},"query-input":{"@type":"PropertyValueSpecification","valueRequired":true,"valueName":"search_term_string"}}],"inLanguage":"en-US"},{"@type":"Organization","@id":"https:\/\/oktamam.com\/en\/#organization","name":"\u0627\u0648\u0643\u064a \u062a\u0645\u0627\u0645","url":"https:\/\/oktamam.com\/en\/","logo":{"@type":"ImageObject","inLanguage":"en-US","@id":"https:\/\/oktamam.com\/en\/#\/schema\/logo\/image\/","url":"https:\/\/oktamam.com\/wp-content\/uploads\/2023\/04\/oktamam_logo_v-01.png","contentUrl":"https:\/\/oktamam.com\/wp-content\/uploads\/2023\/04\/oktamam_logo_v-01.png","width":1030,"height":1030,"caption":"\u0627\u0648\u0643\u064a \u062a\u0645\u0627\u0645"},"image":{"@id":"https:\/\/oktamam.com\/en\/#\/schema\/logo\/image\/"},"sameAs":["https:\/\/www.facebook.com\/oktamamcom","https:\/\/x.com\/ok_tamam","https:\/\/instagram.com\/oktamam","https:\/\/www.linkedin.com\/company\/ok-tamam","https:\/\/www.youtube.com\/ok-tamam-group"]}]}},"_links":{"self":[{"href":"https:\/\/oktamam.com\/en\/wp-json\/wp\/v2\/pages\/167974","targetHints":{"allow":["GET"]}}],"collection":[{"href":"https:\/\/oktamam.com\/en\/wp-json\/wp\/v2\/pages"}],"about":[{"href":"https:\/\/oktamam.com\/en\/wp-json\/wp\/v2\/types\/page"}],"author":[{"embeddable":true,"href":"https:\/\/oktamam.com\/en\/wp-json\/wp\/v2\/users\/24"}],"replies":[{"embeddable":true,"href":"https:\/\/oktamam.com\/en\/wp-json\/wp\/v2\/comments?post=167974"}],"version-history":[{"count":31,"href":"https:\/\/oktamam.com\/en\/wp-json\/wp\/v2\/pages\/167974\/revisions"}],"predecessor-version":[{"id":176719,"href":"https:\/\/oktamam.com\/en\/wp-json\/wp\/v2\/pages\/167974\/revisions\/176719"}],"wp:featuredmedia":[{"embeddable":true,"href":"https:\/\/oktamam.com\/en\/wp-json\/wp\/v2\/media\/130886"}],"wp:attachment":[{"href":"https:\/\/oktamam.com\/en\/wp-json\/wp\/v2\/media?parent=167974"}],"curies":[{"name":"wp","href":"https:\/\/api.w.org\/{rel}","templated":true}]}}