{"id":167966,"date":"2023-05-28T14:56:09","date_gmt":"2023-05-28T11:56:09","guid":{"rendered":"https:\/\/oktamam.com\/%d8%a7%d9%84%d8%ac%d8%a7%d9%85%d8%b9%d8%a7%d8%aa-%d8%a7%d9%84%d8%aa%d8%b1%d9%83%d9%8a%d8%a9-%d8%a7%d9%84%d9%85%d8%b9%d8%aa%d8%b1%d9%81-%d8%a8%d9%87%d8%a7-%d8%a7%d9%84%d8%b9%d8%b1%d8%a7%d9%82\/"},"modified":"2024-09-04T19:29:20","modified_gmt":"2024-09-04T16:29:20","slug":"turkish-universities-recognized-in-iraq","status":"publish","type":"page","link":"https:\/\/oktamam.com\/en\/turkish-universities-recognized-in-iraq\/","title":{"rendered":"Turkish Universities Recognized in Iraq"},"content":{"rendered":"\t\t<div data-elementor-type=\"wp-page\" data-elementor-id=\"167966\" class=\"elementor elementor-167966 elementor-130722\" data-elementor-post-type=\"page\">\n\t\t\t\t\t\t<section class=\"elementor-section elementor-top-section elementor-element elementor-element-1c19278d elementor-section-boxed elementor-section-height-default elementor-section-height-default\" data-id=\"1c19278d\" data-element_type=\"section\" data-e-type=\"section\">\n\t\t\t\t\t\t<div class=\"elementor-container elementor-column-gap-default\">\n\t\t\t\t\t<div class=\"elementor-column elementor-col-100 elementor-top-column elementor-element elementor-element-54158b89\" data-id=\"54158b89\" data-element_type=\"column\" data-e-type=\"column\">\n\t\t\t<div class=\"elementor-widget-wrap elementor-element-populated\">\n\t\t\t\t\t\t<div class=\"elementor-element elementor-element-1b1d9549 elementor-widget elementor-widget-template\" data-id=\"1b1d9549\" data-element_type=\"widget\" data-e-type=\"widget\" data-widget_type=\"template.default\">\n\t\t\t\t<div class=\"elementor-widget-container\">\n\t\t\t\t\t\t\t<div class=\"elementor-template\">\n\t\t\t\t\t<div data-elementor-type=\"section\" data-elementor-id=\"131893\" class=\"elementor elementor-131893 elementor-918 elementor-918\" data-elementor-post-type=\"elementor_library\">\n\t\t\t\t\t<section class=\"elementor-section elementor-top-section elementor-element elementor-element-557f9a0b elementor-section-full_width elementor-section-height-default elementor-section-height-default\" data-id=\"557f9a0b\" data-element_type=\"section\" data-e-type=\"section\">\n\t\t\t\t\t\t<div class=\"elementor-container elementor-column-gap-default\">\n\t\t\t\t\t<div class=\"elementor-column elementor-col-100 elementor-top-column elementor-element elementor-element-53dc3970\" data-id=\"53dc3970\" data-element_type=\"column\" data-e-type=\"column\">\n\t\t\t<div class=\"elementor-widget-wrap elementor-element-populated\">\n\t\t\t\t\t\t<section class=\"elementor-section elementor-inner-section elementor-element elementor-element-5cc36d4b elementor-section-boxed elementor-section-height-default elementor-section-height-default\" data-id=\"5cc36d4b\" data-element_type=\"section\" data-e-type=\"section\">\n\t\t\t\t\t\t<div class=\"elementor-container elementor-column-gap-default\">\n\t\t\t\t\t<div class=\"elementor-column elementor-col-100 elementor-inner-column elementor-element elementor-element-169e9379\" data-id=\"169e9379\" data-element_type=\"column\" data-e-type=\"column\">\n\t\t\t<div class=\"elementor-widget-wrap elementor-element-populated\">\n\t\t\t\t\t\t<div data-dce-text-color=\"#FFFFFF\" class=\"elementor-element elementor-element-35becd01 elementor-align-right custom-breadcrumb elementor-widget elementor-widget-breadcrumbs\" data-id=\"35becd01\" data-element_type=\"widget\" data-e-type=\"widget\" data-widget_type=\"breadcrumbs.default\">\n\t\t\t\t<div class=\"elementor-widget-container\">\n\t\t\t\t\t<p id=\"breadcrumbs\"><span><span><a href=\"https:\/\/oktamam.com\/en\/\">Home<\/a><\/span><\/span><\/p>\t\t\t\t<\/div>\n\t\t\t\t<\/div>\n\t\t\t\t\t<\/div>\n\t\t<\/div>\n\t\t\t\t\t<\/div>\n\t\t<\/section>\n\t\t\t\t\t<\/div>\n\t\t<\/div>\n\t\t\t\t\t<\/div>\n\t\t<\/section>\n\t\t\t\t<\/div>\n\t\t\t\t<\/div>\n\t\t\t\t\t\t<\/div>\n\t\t\t\t<\/div>\n\t\t\t\t\t<\/div>\n\t\t<\/div>\n\t\t\t\t\t<\/div>\n\t\t<\/section>\n\t\t\t\t<section class=\"elementor-section elementor-top-section elementor-element elementor-element-4adff27 elementor-reverse-mobile elementor-section-boxed elementor-section-height-default elementor-section-height-default\" data-id=\"4adff27\" data-element_type=\"section\" data-e-type=\"section\">\n\t\t\t\t\t\t<div class=\"elementor-container elementor-column-gap-default\">\n\t\t\t\t\t<div data-dce-background-color=\"#FFFFFF00\" class=\"elementor-column elementor-col-50 elementor-top-column elementor-element elementor-element-5842f0e6\" data-id=\"5842f0e6\" data-element_type=\"column\" data-e-type=\"column\" data-settings=\"{&quot;background_background&quot;:&quot;gradient&quot;}\">\n\t\t\t<div class=\"elementor-widget-wrap elementor-element-populated\">\n\t\t\t\t\t\t<div class=\"elementor-element elementor-element-6edd423b UniInCountry-featured-img elementor-widget elementor-widget-theme-post-featured-image elementor-widget-image\" data-id=\"6edd423b\" data-element_type=\"widget\" data-e-type=\"widget\" data-widget_type=\"theme-post-featured-image.default\">\n\t\t\t\t<div class=\"elementor-widget-container\">\n\t\t\t\t\t\t\t\t\t\t\t\t\t\t\t<img fetchpriority=\"high\" decoding=\"async\" width=\"300\" height=\"508\" src=\"https:\/\/oktamam.com\/wp-content\/uploads\/2023\/05\/oktamam-flag-2.jpg\" class=\"attachment-medium_large size-medium_large wp-image-130725\" alt=\"Recognized Turkish universities in Iraq\" srcset=\"https:\/\/oktamam.com\/wp-content\/uploads\/2023\/05\/oktamam-flag-2.jpg 300w, https:\/\/oktamam.com\/wp-content\/uploads\/2023\/05\/oktamam-flag-2-177x300.jpg 177w\" sizes=\"(max-width: 300px) 100vw, 300px\" \/>\t\t\t\t\t\t\t\t\t\t\t\t\t\t\t<\/div>\n\t\t\t\t<\/div>\n\t\t\t\t\t<\/div>\n\t\t<\/div>\n\t\t\t\t<div class=\"elementor-column elementor-col-50 elementor-top-column elementor-element elementor-element-768465f1 UniInCountry-text-block\" data-id=\"768465f1\" data-element_type=\"column\" data-e-type=\"column\">\n\t\t\t<div class=\"elementor-widget-wrap elementor-element-populated\">\n\t\t\t\t\t\t<div class=\"elementor-element elementor-element-390fcd9b header-border elementor-widget elementor-widget-heading\" data-id=\"390fcd9b\" data-element_type=\"widget\" data-e-type=\"widget\" data-widget_type=\"heading.default\">\n\t\t\t\t<div class=\"elementor-widget-container\">\n\t\t\t\t\t<h1 class=\"elementor-heading-title elementor-size-default\">Turkish Universities Recognized in Iraq<\/h1>\t\t\t\t<\/div>\n\t\t\t\t<\/div>\n\t\t\t\t<div class=\"elementor-element elementor-element-262712f3 elementor-widget elementor-widget-text-editor\" data-id=\"262712f3\" data-element_type=\"widget\" data-e-type=\"widget\" data-widget_type=\"text-editor.default\">\n\t\t\t\t<div class=\"elementor-widget-container\">\n\t\t\t\t\t\t\t\t\t<p><span data-preserver-spaces=\"true\">The number of Iraqi students<\/span><span data-preserver-spaces=\"true\">\u00a0in Turkey is continuously increasing. Turkey is becoming an important study destination for many Iraqi students due to the availability of Turkish universities recognized in Iraq. What distinguishes Turkish universities is the quality of education and high academic standards, in addition to having highly trained teaching staff and laboratories equipped with the latest technologies students use in practical training.<\/span><\/p><p><span data-preserver-spaces=\"true\">On the other hand,<\/span><span data-preserver-spaces=\"true\">\u00a0the Turkish government and the Ministry of Higher Education remove all obstacles for Iraqi students to study in Turkey. OK TAMAM also assists Arab students in Turkey and provides support from the moment of contact until graduation. According to statistics, the number of Iraqi students studying in Turkey has increased in recent years, reaching more than 1500 students approximately. In Turkey, especially Istanbul, there are many Turkish universities which are recognized internationally and in Iraq.<\/span><\/p><p><span data-preserver-spaces=\"true\">Iraqi students also find that life in Turkey is easy to adapt to. The Turkish people are friendly and welcoming to young people and help them adjust to their new lives. Moreover, Turkish culture is not far from Arab and Islamic culture.<\/span><\/p>\t\t\t\t\t\t\t\t<\/div>\n\t\t\t\t<\/div>\n\t\t\t\t\t<\/div>\n\t\t<\/div>\n\t\t\t\t\t<\/div>\n\t\t<\/section>\n\t\t\t\t<section class=\"elementor-section elementor-top-section elementor-element elementor-element-690e6065 elementor-section-boxed elementor-section-height-default elementor-section-height-default\" data-id=\"690e6065\" data-element_type=\"section\" data-e-type=\"section\">\n\t\t\t\t\t\t<div class=\"elementor-container elementor-column-gap-default\">\n\t\t\t\t\t<div class=\"elementor-column elementor-col-100 elementor-top-column elementor-element elementor-element-3fc40692 text-editor-items other-pages-content\" data-id=\"3fc40692\" data-element_type=\"column\" data-e-type=\"column\">\n\t\t\t<div class=\"elementor-widget-wrap elementor-element-populated\">\n\t\t\t\t\t\t<div class=\"elementor-element elementor-element-36cdf52 elementor-widget elementor-widget-heading\" data-id=\"36cdf52\" data-element_type=\"widget\" data-e-type=\"widget\" data-widget_type=\"heading.default\">\n\t\t\t\t<div class=\"elementor-widget-container\">\n\t\t\t\t\t<h2 class=\"elementor-heading-title elementor-size-default\">Turkish Universities Recognized in Iraq<\/h2>\t\t\t\t<\/div>\n\t\t\t\t<\/div>\n\t\t\t\t<div class=\"elementor-element elementor-element-2b92a16c english-text elementor-widget elementor-widget-text-editor\" data-id=\"2b92a16c\" data-element_type=\"widget\" data-e-type=\"widget\" data-widget_type=\"text-editor.default\">\n\t\t\t\t<div class=\"elementor-widget-container\">\n\t\t\t\t\t\t\t\t\t<ul><li><a href=\"https:\/\/oktamam.com\/en\/istanbul-aydin-university\/\">Istanbul Aydin University<\/a><\/li><li><a href=\"https:\/\/oktamam.com\/en\/fenerbache-university\/\">Fenerbahce University<\/a><\/li><li><a href=\"https:\/\/oktamam.com\/en\/uskudar-university\/\">Uskudar university<\/a><\/li><li><a href=\"https:\/\/oktamam.com\/en\/kadir-has-university\/\">Kadir Has university<\/a><\/li><li><a href=\"https:\/\/oktamam.com\/en\/istanbul-gelisim-university\/\">Istanbul gelisim university<\/a><\/li><li><a href=\"https:\/\/oktamam.com\/en\/istanbul-sabahattin-zaim-university\/\">Istanbul Sabahattin Zaim University<\/a><\/li><li><a href=\"https:\/\/oktamam.com\/en\/nisantasi-university\/\">Nisantasi University<\/a><\/li><li><a href=\"https:\/\/oktamam.com\/en\/izmir-university-of-economics\/\">Izmir University of Economics<\/a><\/li><li><a href=\"https:\/\/oktamam.com\/en\/yeditepe-university\/\">Yeditepe University<\/a><\/li><li><a href=\"https:\/\/oktamam.com\/en\/istanbul-bilgi-university\/\">Istanbul Bilgi University<\/a><\/li><li><a href=\"https:\/\/oktamam.com\/en\/bilkent-university\/\">Bilkent University<\/a><\/li><li><a href=\"https:\/\/oktamam.com\/en\/istanbul-technical-university\/\">Istanbul Technical University<\/a><\/li><li><a href=\"https:\/\/oktamam.com\/en\/gazi-university\/\">Gazi University<\/a><\/li><li><a href=\"https:\/\/oktamam.com\/en\/bosphorus-university\/\">Bogazici University<\/a><\/li><li><a href=\"https:\/\/oktamam.com\/en\/abdullah-gul-university\/\">Abdullah Gul university<\/a><\/li><li>Istanbul University<\/li><li>Akdeniz University<\/li><li>Koc University<\/li><li>firat university<\/li><li>Erciyes University<\/li><li>Aksaray university<\/li><li>Amasya university<\/li><li>Afyon Kocatepe University<\/li><li>Adnan Menderes university<\/li><li>Anadolu University<\/li><li>Ankara university Saglik Bilimleri &#8211; Ankara University Health Sciences<\/li><li>Ankara Yildirim Beyazit University<\/li><li>Antalya Bilim University<\/li><li>Recep Tayyip Erdogan University<\/li><li>Ataturk University<\/li><li>Balikesir University<\/li><li>Bartin University<\/li><li>Batman University<\/li><li>Bayburt University<\/li><li>Bilecik Seyh Edebali University<\/li><li>Bolu Abant Izzet Baysal University<\/li><li>Izmir Katip Celebi University<\/li><li>Inonu university<\/li><li>I\u011fd\u0131r University<\/li><li>\u0130bn Haldun university<\/li><li>hitit university<\/li><li>mustafa kemal university<\/li><li>Hasan Kalyoncu University<\/li><li>Harran university<\/li><li>Gebze Technical University<\/li><li>Fatih Sultan Mehmet university<\/li><li>Eskidhehir Osman Gazi University<\/li><li>Erzurum Technical university<\/li><li>Izmir Higher Technology University<\/li><li>Kafkas University<\/li><li>Kahramanmaras S\u00fct\u00e7\u00fc Imam University<\/li><li>Karadeniz Technical University<\/li><li>Karamano\u011flu Mehmetbey \u00dcniversitesi<\/li><li>Karatay University<\/li><li>Kirikkale University<\/li><li>kirklareli university<\/li><li>Kirsehir Ahi Evran University<\/li><li>Kocaeli University<\/li><li>Celal bayer University<\/li><li>Mardin Artuklu University<\/li><li>Mersin University<\/li><li>Mimar Sinan university<\/li><li>Mugle Sitki Kocaman University<\/li><li>Munzur University<\/li><li>Namik Kemal University<\/li><li>Necmettin Erbakan University<\/li><li>Nigde Omer Halisdemir university<\/li><li>Ondokuz Mayis University<\/li><li>Ordu University<\/li><li>Osmaniye Korkut Ata University<\/li><li>Pamukkale University<\/li><li>Sakarya University<\/li><li>Selcuk University<\/li><li>Siirt University<\/li><li>sinop \u00fcniversitesi<\/li><li>Sivas Cumhuriyet University<\/li><li>S\u00fcleyman Demirel University<\/li><li>TOBB University of Economics and Technology<\/li><li>Tokat university<\/li><li>Tarakya university<\/li><li>Uludag University<\/li><li>university of health sciences<\/li><li>Usak university<\/li><li>Van Yuzuncu Yil University<\/li><li>Yasar University<\/li><li>Yalova university<\/li><li>Erzincan Binali Y\u0131ld\u0131r\u0131m \u00dcniversitesi<\/li><li>dumlupinar university<\/li><li>Dokuz Eylul University<\/li><li>Dicle university<\/li><li>\u00c7ukurova University<\/li><li>Bursa Technical University<\/li><li>Canakkale Onsekiz Mart University<\/li><li>Zonguldak B\u00fclent Ecevit University<\/li><\/ul>\t\t\t\t\t\t\t\t<\/div>\n\t\t\t\t<\/div>\n\t\t\t\t\t<\/div>\n\t\t<\/div>\n\t\t\t\t\t<\/div>\n\t\t<\/section>\n\t\t\t\t<\/div>\n\t\t","protected":false},"excerpt":{"rendered":"<p>The number of Iraqi students\u00a0in Turkey is continuously increasing. Turkey is becoming an important study destination for many Iraqi students due to the availability of [&hellip;]<\/p>\n","protected":false},"author":24,"featured_media":130725,"parent":0,"menu_order":0,"comment_status":"open","ping_status":"closed","template":"","meta":{"_acf_changed":false,"footnotes":""},"class_list":["post-167966","page","type-page","status-publish","has-post-thumbnail","hentry"],"acf":[],"yoast_head":"<!-- This site is optimized with the Yoast SEO Premium plugin v27.1 (Yoast SEO v27.1.1) - https:\/\/yoast.com\/product\/yoast-seo-premium-wordpress\/ -->\n<title>Turkish universities recognized in Iraq - Study in Turkey - OK TAMAM Group<\/title>\n<meta name=\"description\" content=\"Learn about the list of recognized Turkish universities in Iraq. Visit the universities pages on our website to learn about all the details\" \/>\n<meta name=\"robots\" content=\"index, follow, max-snippet:-1, max-image-preview:large, max-video-preview:-1\" \/>\n<link rel=\"canonical\" href=\"https:\/\/oktamam.com\/en\/turkish-universities-recognized-in-iraq\/\" \/>\n<meta property=\"og:locale\" content=\"en_US\" \/>\n<meta property=\"og:type\" content=\"article\" \/>\n<meta property=\"og:title\" content=\"Turkish Universities Recognized in Iraq\" \/>\n<meta property=\"og:description\" content=\"Learn about the list of recognized Turkish universities in Iraq. Visit the universities pages on our website to learn about all the details\" \/>\n<meta property=\"og:url\" content=\"https:\/\/oktamam.com\/en\/turkish-universities-recognized-in-iraq\/\" \/>\n<meta property=\"og:site_name\" content=\"\u0627\u0648\u0643\u064a \u062a\u0645\u0627\u0645\" \/>\n<meta property=\"article:publisher\" content=\"https:\/\/www.facebook.com\/oktamamcom\" \/>\n<meta property=\"article:modified_time\" content=\"2024-09-04T16:29:20+00:00\" \/>\n<meta property=\"og:image\" content=\"https:\/\/oktamam.com\/wp-content\/uploads\/2023\/05\/oktamam-flag-2.jpg\" \/>\n\t<meta property=\"og:image:width\" content=\"300\" \/>\n\t<meta property=\"og:image:height\" content=\"508\" \/>\n\t<meta property=\"og:image:type\" content=\"image\/jpeg\" \/>\n<meta name=\"twitter:card\" content=\"summary_large_image\" \/>\n<meta name=\"twitter:site\" content=\"@ok_tamam\" \/>\n<script type=\"application\/ld+json\" class=\"yoast-schema-graph\">{\"@context\":\"https:\/\/schema.org\",\"@graph\":[{\"@type\":\"WebPage\",\"@id\":\"https:\/\/oktamam.com\/en\/turkish-universities-recognized-in-iraq\/\",\"url\":\"https:\/\/oktamam.com\/en\/turkish-universities-recognized-in-iraq\/\",\"name\":\"Turkish universities recognized in Iraq - Study in Turkey - OK TAMAM Group\",\"isPartOf\":{\"@id\":\"https:\/\/oktamam.com\/en\/#website\"},\"primaryImageOfPage\":{\"@id\":\"https:\/\/oktamam.com\/en\/turkish-universities-recognized-in-iraq\/#primaryimage\"},\"image\":{\"@id\":\"https:\/\/oktamam.com\/en\/turkish-universities-recognized-in-iraq\/#primaryimage\"},\"thumbnailUrl\":\"https:\/\/oktamam.com\/wp-content\/uploads\/2023\/05\/oktamam-flag-2.jpg\",\"datePublished\":\"2023-05-28T11:56:09+00:00\",\"dateModified\":\"2024-09-04T16:29:20+00:00\",\"description\":\"Learn about the list of recognized Turkish universities in Iraq. Visit the universities pages on our website to learn about all the details\",\"breadcrumb\":{\"@id\":\"https:\/\/oktamam.com\/en\/turkish-universities-recognized-in-iraq\/#breadcrumb\"},\"inLanguage\":\"en-US\",\"potentialAction\":[{\"@type\":\"ReadAction\",\"target\":[\"https:\/\/oktamam.com\/en\/turkish-universities-recognized-in-iraq\/\"]}]},{\"@type\":\"ImageObject\",\"inLanguage\":\"en-US\",\"@id\":\"https:\/\/oktamam.com\/en\/turkish-universities-recognized-in-iraq\/#primaryimage\",\"url\":\"https:\/\/oktamam.com\/wp-content\/uploads\/2023\/05\/oktamam-flag-2.jpg\",\"contentUrl\":\"https:\/\/oktamam.com\/wp-content\/uploads\/2023\/05\/oktamam-flag-2.jpg\",\"width\":300,\"height\":508,\"caption\":\"Recognized Turkish universities in Iraq\"},{\"@type\":\"BreadcrumbList\",\"@id\":\"https:\/\/oktamam.com\/en\/turkish-universities-recognized-in-iraq\/#breadcrumb\",\"itemListElement\":[{\"@type\":\"ListItem\",\"position\":1,\"name\":\"Home\",\"item\":\"https:\/\/oktamam.com\/en\/\"},{\"@type\":\"ListItem\",\"position\":2,\"name\":\"Turkish Universities Recognized in Iraq\"}]},{\"@type\":\"WebSite\",\"@id\":\"https:\/\/oktamam.com\/en\/#website\",\"url\":\"https:\/\/oktamam.com\/en\/\",\"name\":\"\u0627\u0648\u0643\u064a \u062a\u0645\u0627\u0645\",\"description\":\"\u0627\u0644\u062f\u0631\u0627\u0633\u0629 \u0641\u064a \u0627\u0644\u062e\u0627\u0631\u062c\",\"publisher\":{\"@id\":\"https:\/\/oktamam.com\/en\/#organization\"},\"potentialAction\":[{\"@type\":\"SearchAction\",\"target\":{\"@type\":\"EntryPoint\",\"urlTemplate\":\"https:\/\/oktamam.com\/en\/?s={search_term_string}\"},\"query-input\":{\"@type\":\"PropertyValueSpecification\",\"valueRequired\":true,\"valueName\":\"search_term_string\"}}],\"inLanguage\":\"en-US\"},{\"@type\":\"Organization\",\"@id\":\"https:\/\/oktamam.com\/en\/#organization\",\"name\":\"\u0627\u0648\u0643\u064a \u062a\u0645\u0627\u0645\",\"url\":\"https:\/\/oktamam.com\/en\/\",\"logo\":{\"@type\":\"ImageObject\",\"inLanguage\":\"en-US\",\"@id\":\"https:\/\/oktamam.com\/en\/#\/schema\/logo\/image\/\",\"url\":\"https:\/\/oktamam.com\/wp-content\/uploads\/2023\/04\/oktamam_logo_v-01.png\",\"contentUrl\":\"https:\/\/oktamam.com\/wp-content\/uploads\/2023\/04\/oktamam_logo_v-01.png\",\"width\":1030,\"height\":1030,\"caption\":\"\u0627\u0648\u0643\u064a \u062a\u0645\u0627\u0645\"},\"image\":{\"@id\":\"https:\/\/oktamam.com\/en\/#\/schema\/logo\/image\/\"},\"sameAs\":[\"https:\/\/www.facebook.com\/oktamamcom\",\"https:\/\/x.com\/ok_tamam\",\"https:\/\/instagram.com\/oktamam\",\"https:\/\/www.linkedin.com\/company\/ok-tamam\",\"https:\/\/www.youtube.com\/ok-tamam-group\"]}]}<\/script>\n<!-- \/ Yoast SEO Premium plugin. -->","yoast_head_json":{"title":"Turkish universities recognized in Iraq - Study in Turkey - OK TAMAM Group","description":"Learn about the list of recognized Turkish universities in Iraq. Visit the universities pages on our website to learn about all the details","robots":{"index":"index","follow":"follow","max-snippet":"max-snippet:-1","max-image-preview":"max-image-preview:large","max-video-preview":"max-video-preview:-1"},"canonical":"https:\/\/oktamam.com\/en\/turkish-universities-recognized-in-iraq\/","og_locale":"en_US","og_type":"article","og_title":"Turkish Universities Recognized in Iraq","og_description":"Learn about the list of recognized Turkish universities in Iraq. Visit the universities pages on our website to learn about all the details","og_url":"https:\/\/oktamam.com\/en\/turkish-universities-recognized-in-iraq\/","og_site_name":"\u0627\u0648\u0643\u064a \u062a\u0645\u0627\u0645","article_publisher":"https:\/\/www.facebook.com\/oktamamcom","article_modified_time":"2024-09-04T16:29:20+00:00","og_image":[{"width":300,"height":508,"url":"https:\/\/oktamam.com\/wp-content\/uploads\/2023\/05\/oktamam-flag-2.jpg","type":"image\/jpeg"}],"twitter_card":"summary_large_image","twitter_site":"@ok_tamam","schema":{"@context":"https:\/\/schema.org","@graph":[{"@type":"WebPage","@id":"https:\/\/oktamam.com\/en\/turkish-universities-recognized-in-iraq\/","url":"https:\/\/oktamam.com\/en\/turkish-universities-recognized-in-iraq\/","name":"Turkish universities recognized in Iraq - Study in Turkey - OK TAMAM Group","isPartOf":{"@id":"https:\/\/oktamam.com\/en\/#website"},"primaryImageOfPage":{"@id":"https:\/\/oktamam.com\/en\/turkish-universities-recognized-in-iraq\/#primaryimage"},"image":{"@id":"https:\/\/oktamam.com\/en\/turkish-universities-recognized-in-iraq\/#primaryimage"},"thumbnailUrl":"https:\/\/oktamam.com\/wp-content\/uploads\/2023\/05\/oktamam-flag-2.jpg","datePublished":"2023-05-28T11:56:09+00:00","dateModified":"2024-09-04T16:29:20+00:00","description":"Learn about the list of recognized Turkish universities in Iraq. Visit the universities pages on our website to learn about all the details","breadcrumb":{"@id":"https:\/\/oktamam.com\/en\/turkish-universities-recognized-in-iraq\/#breadcrumb"},"inLanguage":"en-US","potentialAction":[{"@type":"ReadAction","target":["https:\/\/oktamam.com\/en\/turkish-universities-recognized-in-iraq\/"]}]},{"@type":"ImageObject","inLanguage":"en-US","@id":"https:\/\/oktamam.com\/en\/turkish-universities-recognized-in-iraq\/#primaryimage","url":"https:\/\/oktamam.com\/wp-content\/uploads\/2023\/05\/oktamam-flag-2.jpg","contentUrl":"https:\/\/oktamam.com\/wp-content\/uploads\/2023\/05\/oktamam-flag-2.jpg","width":300,"height":508,"caption":"Recognized Turkish universities in Iraq"},{"@type":"BreadcrumbList","@id":"https:\/\/oktamam.com\/en\/turkish-universities-recognized-in-iraq\/#breadcrumb","itemListElement":[{"@type":"ListItem","position":1,"name":"Home","item":"https:\/\/oktamam.com\/en\/"},{"@type":"ListItem","position":2,"name":"Turkish Universities Recognized in Iraq"}]},{"@type":"WebSite","@id":"https:\/\/oktamam.com\/en\/#website","url":"https:\/\/oktamam.com\/en\/","name":"\u0627\u0648\u0643\u064a \u062a\u0645\u0627\u0645","description":"\u0627\u0644\u062f\u0631\u0627\u0633\u0629 \u0641\u064a \u0627\u0644\u062e\u0627\u0631\u062c","publisher":{"@id":"https:\/\/oktamam.com\/en\/#organization"},"potentialAction":[{"@type":"SearchAction","target":{"@type":"EntryPoint","urlTemplate":"https:\/\/oktamam.com\/en\/?s={search_term_string}"},"query-input":{"@type":"PropertyValueSpecification","valueRequired":true,"valueName":"search_term_string"}}],"inLanguage":"en-US"},{"@type":"Organization","@id":"https:\/\/oktamam.com\/en\/#organization","name":"\u0627\u0648\u0643\u064a \u062a\u0645\u0627\u0645","url":"https:\/\/oktamam.com\/en\/","logo":{"@type":"ImageObject","inLanguage":"en-US","@id":"https:\/\/oktamam.com\/en\/#\/schema\/logo\/image\/","url":"https:\/\/oktamam.com\/wp-content\/uploads\/2023\/04\/oktamam_logo_v-01.png","contentUrl":"https:\/\/oktamam.com\/wp-content\/uploads\/2023\/04\/oktamam_logo_v-01.png","width":1030,"height":1030,"caption":"\u0627\u0648\u0643\u064a \u062a\u0645\u0627\u0645"},"image":{"@id":"https:\/\/oktamam.com\/en\/#\/schema\/logo\/image\/"},"sameAs":["https:\/\/www.facebook.com\/oktamamcom","https:\/\/x.com\/ok_tamam","https:\/\/instagram.com\/oktamam","https:\/\/www.linkedin.com\/company\/ok-tamam","https:\/\/www.youtube.com\/ok-tamam-group"]}]}},"_links":{"self":[{"href":"https:\/\/oktamam.com\/en\/wp-json\/wp\/v2\/pages\/167966","targetHints":{"allow":["GET"]}}],"collection":[{"href":"https:\/\/oktamam.com\/en\/wp-json\/wp\/v2\/pages"}],"about":[{"href":"https:\/\/oktamam.com\/en\/wp-json\/wp\/v2\/types\/page"}],"author":[{"embeddable":true,"href":"https:\/\/oktamam.com\/en\/wp-json\/wp\/v2\/users\/24"}],"replies":[{"embeddable":true,"href":"https:\/\/oktamam.com\/en\/wp-json\/wp\/v2\/comments?post=167966"}],"version-history":[{"count":58,"href":"https:\/\/oktamam.com\/en\/wp-json\/wp\/v2\/pages\/167966\/revisions"}],"predecessor-version":[{"id":178877,"href":"https:\/\/oktamam.com\/en\/wp-json\/wp\/v2\/pages\/167966\/revisions\/178877"}],"wp:featuredmedia":[{"embeddable":true,"href":"https:\/\/oktamam.com\/en\/wp-json\/wp\/v2\/media\/130725"}],"wp:attachment":[{"href":"https:\/\/oktamam.com\/en\/wp-json\/wp\/v2\/media?parent=167966"}],"curies":[{"name":"wp","href":"https:\/\/api.w.org\/{rel}","templated":true}]}}