{"id":167959,"date":"2023-05-28T14:41:49","date_gmt":"2023-05-28T11:41:49","guid":{"rendered":"https:\/\/oktamam.com\/%d8%ac%d8%a7%d9%85%d8%b9%d8%a7%d8%aa-%d8%aa%d8%b1%d9%83%d9%8a%d8%a9-%d9%85%d8%b9%d8%aa%d8%b1%d9%81-%d8%a8%d9%87%d8%a7-%d8%a8%d8%a7%d9%84%d8%b3%d8%b9%d9%88%d8%af%d9%8a%d8%a9\/"},"modified":"2024-09-04T17:48:49","modified_gmt":"2024-09-04T14:48:49","slug":"turkish-universities-recognized-in-saudi-arabia","status":"publish","type":"page","link":"https:\/\/oktamam.com\/en\/turkish-universities-recognized-in-saudi-arabia\/","title":{"rendered":"Turkish Universities Recognized in Saudi Arabia"},"content":{"rendered":"\t\t<div data-elementor-type=\"wp-page\" data-elementor-id=\"167959\" class=\"elementor elementor-167959 elementor-130645\" data-elementor-post-type=\"page\">\n\t\t\t\t\t\t<section class=\"elementor-section elementor-top-section elementor-element elementor-element-1c19278d elementor-section-boxed elementor-section-height-default elementor-section-height-default\" data-id=\"1c19278d\" data-element_type=\"section\" data-e-type=\"section\">\n\t\t\t\t\t\t<div class=\"elementor-container elementor-column-gap-default\">\n\t\t\t\t\t<div class=\"elementor-column elementor-col-100 elementor-top-column elementor-element elementor-element-54158b89\" data-id=\"54158b89\" data-element_type=\"column\" data-e-type=\"column\">\n\t\t\t<div class=\"elementor-widget-wrap elementor-element-populated\">\n\t\t\t\t\t\t<div class=\"elementor-element elementor-element-1b1d9549 elementor-widget elementor-widget-template\" data-id=\"1b1d9549\" data-element_type=\"widget\" data-e-type=\"widget\" data-widget_type=\"template.default\">\n\t\t\t\t<div class=\"elementor-widget-container\">\n\t\t\t\t\t\t\t<div class=\"elementor-template\">\n\t\t\t\t\t<div data-elementor-type=\"section\" data-elementor-id=\"131893\" class=\"elementor elementor-131893 elementor-918 elementor-918\" data-elementor-post-type=\"elementor_library\">\n\t\t\t\t\t<section class=\"elementor-section elementor-top-section elementor-element elementor-element-557f9a0b elementor-section-full_width elementor-section-height-default elementor-section-height-default\" data-id=\"557f9a0b\" data-element_type=\"section\" data-e-type=\"section\">\n\t\t\t\t\t\t<div class=\"elementor-container elementor-column-gap-default\">\n\t\t\t\t\t<div class=\"elementor-column elementor-col-100 elementor-top-column elementor-element elementor-element-53dc3970\" data-id=\"53dc3970\" data-element_type=\"column\" data-e-type=\"column\">\n\t\t\t<div class=\"elementor-widget-wrap elementor-element-populated\">\n\t\t\t\t\t\t<section class=\"elementor-section elementor-inner-section elementor-element elementor-element-5cc36d4b elementor-section-boxed elementor-section-height-default elementor-section-height-default\" data-id=\"5cc36d4b\" data-element_type=\"section\" data-e-type=\"section\">\n\t\t\t\t\t\t<div class=\"elementor-container elementor-column-gap-default\">\n\t\t\t\t\t<div class=\"elementor-column elementor-col-100 elementor-inner-column elementor-element elementor-element-169e9379\" data-id=\"169e9379\" data-element_type=\"column\" data-e-type=\"column\">\n\t\t\t<div class=\"elementor-widget-wrap elementor-element-populated\">\n\t\t\t\t\t\t<div data-dce-text-color=\"#FFFFFF\" class=\"elementor-element elementor-element-35becd01 elementor-align-right custom-breadcrumb elementor-widget elementor-widget-breadcrumbs\" data-id=\"35becd01\" data-element_type=\"widget\" data-e-type=\"widget\" data-widget_type=\"breadcrumbs.default\">\n\t\t\t\t<div class=\"elementor-widget-container\">\n\t\t\t\t\t<p id=\"breadcrumbs\"><span><span><a href=\"https:\/\/oktamam.com\/en\/\">Home<\/a><\/span><\/span><\/p>\t\t\t\t<\/div>\n\t\t\t\t<\/div>\n\t\t\t\t\t<\/div>\n\t\t<\/div>\n\t\t\t\t\t<\/div>\n\t\t<\/section>\n\t\t\t\t\t<\/div>\n\t\t<\/div>\n\t\t\t\t\t<\/div>\n\t\t<\/section>\n\t\t\t\t<\/div>\n\t\t\t\t<\/div>\n\t\t\t\t\t\t<\/div>\n\t\t\t\t<\/div>\n\t\t\t\t\t<\/div>\n\t\t<\/div>\n\t\t\t\t\t<\/div>\n\t\t<\/section>\n\t\t\t\t<section class=\"elementor-section elementor-top-section elementor-element elementor-element-4adff27 elementor-reverse-mobile elementor-section-boxed elementor-section-height-default elementor-section-height-default\" data-id=\"4adff27\" data-element_type=\"section\" data-e-type=\"section\">\n\t\t\t\t\t\t<div class=\"elementor-container elementor-column-gap-default\">\n\t\t\t\t\t<div data-dce-background-color=\"#FFFFFF00\" class=\"elementor-column elementor-col-50 elementor-top-column elementor-element elementor-element-5842f0e6\" data-id=\"5842f0e6\" data-element_type=\"column\" data-e-type=\"column\" data-settings=\"{&quot;background_background&quot;:&quot;gradient&quot;}\">\n\t\t\t<div class=\"elementor-widget-wrap elementor-element-populated\">\n\t\t\t\t\t\t<div class=\"elementor-element elementor-element-6edd423b UniInCountry-featured-img elementor-widget elementor-widget-theme-post-featured-image elementor-widget-image\" data-id=\"6edd423b\" data-element_type=\"widget\" data-e-type=\"widget\" data-widget_type=\"theme-post-featured-image.default\">\n\t\t\t\t<div class=\"elementor-widget-container\">\n\t\t\t\t\t\t\t\t\t\t\t\t\t\t\t<img fetchpriority=\"high\" decoding=\"async\" width=\"600\" height=\"432\" src=\"https:\/\/oktamam.com\/wp-content\/uploads\/2023\/05\/flag-600x432-1.webp\" class=\"attachment-medium_large size-medium_large wp-image-130653\" alt=\"Saudi Arabia flag\" srcset=\"https:\/\/oktamam.com\/wp-content\/uploads\/2023\/05\/flag-600x432-1.webp 600w, https:\/\/oktamam.com\/wp-content\/uploads\/2023\/05\/flag-600x432-1-300x216.webp 300w\" sizes=\"(max-width: 600px) 100vw, 600px\" \/>\t\t\t\t\t\t\t\t\t\t\t\t\t\t\t<\/div>\n\t\t\t\t<\/div>\n\t\t\t\t\t<\/div>\n\t\t<\/div>\n\t\t\t\t<div class=\"elementor-column elementor-col-50 elementor-top-column elementor-element elementor-element-768465f1 UniInCountry-text-block\" data-id=\"768465f1\" data-element_type=\"column\" data-e-type=\"column\">\n\t\t\t<div class=\"elementor-widget-wrap elementor-element-populated\">\n\t\t\t\t\t\t<div class=\"elementor-element elementor-element-390fcd9b header-border elementor-widget elementor-widget-heading\" data-id=\"390fcd9b\" data-element_type=\"widget\" data-e-type=\"widget\" data-widget_type=\"heading.default\">\n\t\t\t\t<div class=\"elementor-widget-container\">\n\t\t\t\t\t<h1 class=\"elementor-heading-title elementor-size-default\">Turkish Universities Recognized in Saudi Arabia<\/h1>\t\t\t\t<\/div>\n\t\t\t\t<\/div>\n\t\t\t\t<div class=\"elementor-element elementor-element-262712f3 elementor-widget elementor-widget-text-editor\" data-id=\"262712f3\" data-element_type=\"widget\" data-e-type=\"widget\" data-widget_type=\"text-editor.default\">\n\t\t\t\t<div class=\"elementor-widget-container\">\n\t\t\t\t\t\t\t\t\t<p dir=\"ltr\" style=\"text-align: left;\">Studying in Turkey is a dream for many Saudi students, who want to benefit from the recent advances in higher education that Turkey has achieved. Interest in education and scientific research is among the priorities of both the Turkish government and its people. Many Saudi students prefer studying in Turkey for its Islamic cultural background and atmosphere conducive to Arabs and Muslims, and they appreciate the friendly welcome from the Turkish people. Additionally, Turkish universities offer many specialties desired by Saudi students at the bachelor&#8217;s, master&#8217;s, and doctoral levels.<\/p><p dir=\"ltr\">\u00a0<\/p><p>Below is a list of Turkish universities recognized in Saudi Arabia, so students in the Kingdom of Saudi Arabia can choose the most suitable university for them. OK TAMAM helps students around the world achieve their dream of studying in Turkey by securing a spot in the desired specialty and providing educational consulting to students during their study period in Turkey. Students can learn about the services and <a href=\"https:\/\/oktamam.com\/en\/packages\/\">packages<\/a> offered by OK TAMAM for students.<\/p>\t\t\t\t\t\t\t\t<\/div>\n\t\t\t\t<\/div>\n\t\t\t\t\t<\/div>\n\t\t<\/div>\n\t\t\t\t\t<\/div>\n\t\t<\/section>\n\t\t\t\t<section class=\"elementor-section elementor-top-section elementor-element elementor-element-690e6065 elementor-section-boxed elementor-section-height-default elementor-section-height-default\" data-id=\"690e6065\" data-element_type=\"section\" data-e-type=\"section\">\n\t\t\t\t\t\t<div class=\"elementor-container elementor-column-gap-default\">\n\t\t\t\t\t<div class=\"elementor-column elementor-col-100 elementor-top-column elementor-element elementor-element-3fc40692 text-editor-items other-pages-content\" data-id=\"3fc40692\" data-element_type=\"column\" data-e-type=\"column\">\n\t\t\t<div class=\"elementor-widget-wrap elementor-element-populated\">\n\t\t\t\t\t\t<div class=\"elementor-element elementor-element-36cdf52 elementor-widget elementor-widget-heading\" data-id=\"36cdf52\" data-element_type=\"widget\" data-e-type=\"widget\" data-widget_type=\"heading.default\">\n\t\t\t\t<div class=\"elementor-widget-container\">\n\t\t\t\t\t<h2 class=\"elementor-heading-title elementor-size-default\">Turkish Universities Recognized in Saudi Arabia<\/h2>\t\t\t\t<\/div>\n\t\t\t\t<\/div>\n\t\t\t\t<div class=\"elementor-element elementor-element-2b92a16c english-text elementor-widget elementor-widget-text-editor\" data-id=\"2b92a16c\" data-element_type=\"widget\" data-e-type=\"widget\" data-widget_type=\"text-editor.default\">\n\t\t\t\t<div class=\"elementor-widget-container\">\n\t\t\t\t\t\t\t\t\t<ul><li><a href=\"https:\/\/oktamam.com\/en\/bahcesehir-university\/\">Bahcesehir University<\/a><\/li><li><a href=\"https:\/\/oktamam.com\/en\/ankara-medipol-university\/\">Ankara Medipol university<\/a><\/li><li><a href=\"https:\/\/oktamam.com\/en\/altinbas-university\/\">Altinbas university\u00a0<\/a><\/li><li><a href=\"https:\/\/oktamam.com\/en\/atilim-university\/\">Atilim University<\/a><\/li><li><a href=\"https:\/\/oktamam.com\/en\/baskent-university\/\">Baskent University<\/a><\/li><li><span style=\"color: #3366ff;\"><a style=\"color: #3366ff;\" href=\"https:\/\/oktamam.com\/en\/istanbul-university\/\">Istanbul University<\/a><\/span><\/li><li>\u0130stanbul 29 May\u0131s University<\/li><li>Ankara Science University<\/li><li>Yildiz Technical University\u00a0<\/li><li>Ankara Y\u0131ld\u0131r\u0131m Beyaz\u0131t University<\/li><li>ankara hac\u0131 bayram veli University<\/li><li>Anadolu university<\/li><li>Ankara University<\/li><li>Ataturk University\u00a0<\/li><\/ul>\t\t\t\t\t\t\t\t<\/div>\n\t\t\t\t<\/div>\n\t\t\t\t\t<\/div>\n\t\t<\/div>\n\t\t\t\t\t<\/div>\n\t\t<\/section>\n\t\t\t\t<\/div>\n\t\t","protected":false},"excerpt":{"rendered":"<p>Studying in Turkey is a dream for many Saudi students, who want to benefit from the recent advances in higher education that Turkey has achieved. [&hellip;]<\/p>\n","protected":false},"author":24,"featured_media":130653,"parent":0,"menu_order":0,"comment_status":"open","ping_status":"closed","template":"","meta":{"_acf_changed":false,"footnotes":""},"class_list":["post-167959","page","type-page","status-publish","has-post-thumbnail","hentry"],"acf":[],"yoast_head":"<!-- This site is optimized with the Yoast SEO Premium plugin v27.1 (Yoast SEO v27.1.1) - https:\/\/yoast.com\/product\/yoast-seo-premium-wordpress\/ -->\n<title>Turkish Universities Recognized in Saudi Arabia<\/title>\n<meta name=\"description\" content=\"\u0627\u0648\u0643\u064a \u062a\u0645\u0627\u0645\" \/>\n<meta name=\"robots\" content=\"index, follow, max-snippet:-1, max-image-preview:large, max-video-preview:-1\" \/>\n<link rel=\"canonical\" href=\"https:\/\/oktamam.com\/en\/turkish-universities-recognized-in-saudi-arabia\/\" \/>\n<meta property=\"og:locale\" content=\"en_US\" \/>\n<meta property=\"og:type\" content=\"article\" \/>\n<meta property=\"og:title\" content=\"Turkish Universities Recognized in Saudi Arabia\" \/>\n<meta property=\"og:description\" content=\"\u0627\u0648\u0643\u064a \u062a\u0645\u0627\u0645\" \/>\n<meta property=\"og:url\" content=\"https:\/\/oktamam.com\/en\/turkish-universities-recognized-in-saudi-arabia\/\" \/>\n<meta property=\"og:site_name\" content=\"\u0627\u0648\u0643\u064a \u062a\u0645\u0627\u0645\" \/>\n<meta property=\"article:publisher\" content=\"https:\/\/www.facebook.com\/oktamamcom\" \/>\n<meta property=\"article:modified_time\" content=\"2024-09-04T14:48:49+00:00\" \/>\n<meta property=\"og:image\" content=\"https:\/\/oktamam.com\/wp-content\/uploads\/2023\/05\/flag-600x432-1.webp\" \/>\n\t<meta property=\"og:image:width\" content=\"600\" \/>\n\t<meta property=\"og:image:height\" content=\"432\" \/>\n\t<meta property=\"og:image:type\" content=\"image\/webp\" \/>\n<meta name=\"twitter:card\" content=\"summary_large_image\" \/>\n<meta name=\"twitter:site\" content=\"@ok_tamam\" \/>\n<script type=\"application\/ld+json\" class=\"yoast-schema-graph\">{\"@context\":\"https:\/\/schema.org\",\"@graph\":[{\"@type\":\"WebPage\",\"@id\":\"https:\/\/oktamam.com\/en\/turkish-universities-recognized-in-saudi-arabia\/\",\"url\":\"https:\/\/oktamam.com\/en\/turkish-universities-recognized-in-saudi-arabia\/\",\"name\":\"Turkish Universities Recognized in Saudi Arabia\",\"isPartOf\":{\"@id\":\"https:\/\/oktamam.com\/en\/#website\"},\"primaryImageOfPage\":{\"@id\":\"https:\/\/oktamam.com\/en\/turkish-universities-recognized-in-saudi-arabia\/#primaryimage\"},\"image\":{\"@id\":\"https:\/\/oktamam.com\/en\/turkish-universities-recognized-in-saudi-arabia\/#primaryimage\"},\"thumbnailUrl\":\"https:\/\/oktamam.com\/wp-content\/uploads\/2023\/05\/flag-600x432-1.webp\",\"datePublished\":\"2023-05-28T11:41:49+00:00\",\"dateModified\":\"2024-09-04T14:48:49+00:00\",\"description\":\"\u0627\u0648\u0643\u064a \u062a\u0645\u0627\u0645\",\"breadcrumb\":{\"@id\":\"https:\/\/oktamam.com\/en\/turkish-universities-recognized-in-saudi-arabia\/#breadcrumb\"},\"inLanguage\":\"en-US\",\"potentialAction\":[{\"@type\":\"ReadAction\",\"target\":[\"https:\/\/oktamam.com\/en\/turkish-universities-recognized-in-saudi-arabia\/\"]}]},{\"@type\":\"ImageObject\",\"inLanguage\":\"en-US\",\"@id\":\"https:\/\/oktamam.com\/en\/turkish-universities-recognized-in-saudi-arabia\/#primaryimage\",\"url\":\"https:\/\/oktamam.com\/wp-content\/uploads\/2023\/05\/flag-600x432-1.webp\",\"contentUrl\":\"https:\/\/oktamam.com\/wp-content\/uploads\/2023\/05\/flag-600x432-1.webp\",\"width\":600,\"height\":432,\"caption\":\"Saudi Arabia flag\"},{\"@type\":\"BreadcrumbList\",\"@id\":\"https:\/\/oktamam.com\/en\/turkish-universities-recognized-in-saudi-arabia\/#breadcrumb\",\"itemListElement\":[{\"@type\":\"ListItem\",\"position\":1,\"name\":\"Home\",\"item\":\"https:\/\/oktamam.com\/en\/\"},{\"@type\":\"ListItem\",\"position\":2,\"name\":\"Turkish Universities Recognized in Saudi Arabia\"}]},{\"@type\":\"WebSite\",\"@id\":\"https:\/\/oktamam.com\/en\/#website\",\"url\":\"https:\/\/oktamam.com\/en\/\",\"name\":\"\u0627\u0648\u0643\u064a \u062a\u0645\u0627\u0645\",\"description\":\"\u0627\u0644\u062f\u0631\u0627\u0633\u0629 \u0641\u064a \u0627\u0644\u062e\u0627\u0631\u062c\",\"publisher\":{\"@id\":\"https:\/\/oktamam.com\/en\/#organization\"},\"potentialAction\":[{\"@type\":\"SearchAction\",\"target\":{\"@type\":\"EntryPoint\",\"urlTemplate\":\"https:\/\/oktamam.com\/en\/?s={search_term_string}\"},\"query-input\":{\"@type\":\"PropertyValueSpecification\",\"valueRequired\":true,\"valueName\":\"search_term_string\"}}],\"inLanguage\":\"en-US\"},{\"@type\":\"Organization\",\"@id\":\"https:\/\/oktamam.com\/en\/#organization\",\"name\":\"\u0627\u0648\u0643\u064a \u062a\u0645\u0627\u0645\",\"url\":\"https:\/\/oktamam.com\/en\/\",\"logo\":{\"@type\":\"ImageObject\",\"inLanguage\":\"en-US\",\"@id\":\"https:\/\/oktamam.com\/en\/#\/schema\/logo\/image\/\",\"url\":\"https:\/\/oktamam.com\/wp-content\/uploads\/2023\/04\/oktamam_logo_v-01.png\",\"contentUrl\":\"https:\/\/oktamam.com\/wp-content\/uploads\/2023\/04\/oktamam_logo_v-01.png\",\"width\":1030,\"height\":1030,\"caption\":\"\u0627\u0648\u0643\u064a \u062a\u0645\u0627\u0645\"},\"image\":{\"@id\":\"https:\/\/oktamam.com\/en\/#\/schema\/logo\/image\/\"},\"sameAs\":[\"https:\/\/www.facebook.com\/oktamamcom\",\"https:\/\/x.com\/ok_tamam\",\"https:\/\/instagram.com\/oktamam\",\"https:\/\/www.linkedin.com\/company\/ok-tamam\",\"https:\/\/www.youtube.com\/ok-tamam-group\"]}]}<\/script>\n<!-- \/ Yoast SEO Premium plugin. -->","yoast_head_json":{"title":"Turkish Universities Recognized in Saudi Arabia","description":"\u0627\u0648\u0643\u064a \u062a\u0645\u0627\u0645","robots":{"index":"index","follow":"follow","max-snippet":"max-snippet:-1","max-image-preview":"max-image-preview:large","max-video-preview":"max-video-preview:-1"},"canonical":"https:\/\/oktamam.com\/en\/turkish-universities-recognized-in-saudi-arabia\/","og_locale":"en_US","og_type":"article","og_title":"Turkish Universities Recognized in Saudi Arabia","og_description":"\u0627\u0648\u0643\u064a \u062a\u0645\u0627\u0645","og_url":"https:\/\/oktamam.com\/en\/turkish-universities-recognized-in-saudi-arabia\/","og_site_name":"\u0627\u0648\u0643\u064a \u062a\u0645\u0627\u0645","article_publisher":"https:\/\/www.facebook.com\/oktamamcom","article_modified_time":"2024-09-04T14:48:49+00:00","og_image":[{"width":600,"height":432,"url":"https:\/\/oktamam.com\/wp-content\/uploads\/2023\/05\/flag-600x432-1.webp","type":"image\/webp"}],"twitter_card":"summary_large_image","twitter_site":"@ok_tamam","schema":{"@context":"https:\/\/schema.org","@graph":[{"@type":"WebPage","@id":"https:\/\/oktamam.com\/en\/turkish-universities-recognized-in-saudi-arabia\/","url":"https:\/\/oktamam.com\/en\/turkish-universities-recognized-in-saudi-arabia\/","name":"Turkish Universities Recognized in Saudi Arabia","isPartOf":{"@id":"https:\/\/oktamam.com\/en\/#website"},"primaryImageOfPage":{"@id":"https:\/\/oktamam.com\/en\/turkish-universities-recognized-in-saudi-arabia\/#primaryimage"},"image":{"@id":"https:\/\/oktamam.com\/en\/turkish-universities-recognized-in-saudi-arabia\/#primaryimage"},"thumbnailUrl":"https:\/\/oktamam.com\/wp-content\/uploads\/2023\/05\/flag-600x432-1.webp","datePublished":"2023-05-28T11:41:49+00:00","dateModified":"2024-09-04T14:48:49+00:00","description":"\u0627\u0648\u0643\u064a \u062a\u0645\u0627\u0645","breadcrumb":{"@id":"https:\/\/oktamam.com\/en\/turkish-universities-recognized-in-saudi-arabia\/#breadcrumb"},"inLanguage":"en-US","potentialAction":[{"@type":"ReadAction","target":["https:\/\/oktamam.com\/en\/turkish-universities-recognized-in-saudi-arabia\/"]}]},{"@type":"ImageObject","inLanguage":"en-US","@id":"https:\/\/oktamam.com\/en\/turkish-universities-recognized-in-saudi-arabia\/#primaryimage","url":"https:\/\/oktamam.com\/wp-content\/uploads\/2023\/05\/flag-600x432-1.webp","contentUrl":"https:\/\/oktamam.com\/wp-content\/uploads\/2023\/05\/flag-600x432-1.webp","width":600,"height":432,"caption":"Saudi Arabia flag"},{"@type":"BreadcrumbList","@id":"https:\/\/oktamam.com\/en\/turkish-universities-recognized-in-saudi-arabia\/#breadcrumb","itemListElement":[{"@type":"ListItem","position":1,"name":"Home","item":"https:\/\/oktamam.com\/en\/"},{"@type":"ListItem","position":2,"name":"Turkish Universities Recognized in Saudi Arabia"}]},{"@type":"WebSite","@id":"https:\/\/oktamam.com\/en\/#website","url":"https:\/\/oktamam.com\/en\/","name":"\u0627\u0648\u0643\u064a \u062a\u0645\u0627\u0645","description":"\u0627\u0644\u062f\u0631\u0627\u0633\u0629 \u0641\u064a \u0627\u0644\u062e\u0627\u0631\u062c","publisher":{"@id":"https:\/\/oktamam.com\/en\/#organization"},"potentialAction":[{"@type":"SearchAction","target":{"@type":"EntryPoint","urlTemplate":"https:\/\/oktamam.com\/en\/?s={search_term_string}"},"query-input":{"@type":"PropertyValueSpecification","valueRequired":true,"valueName":"search_term_string"}}],"inLanguage":"en-US"},{"@type":"Organization","@id":"https:\/\/oktamam.com\/en\/#organization","name":"\u0627\u0648\u0643\u064a \u062a\u0645\u0627\u0645","url":"https:\/\/oktamam.com\/en\/","logo":{"@type":"ImageObject","inLanguage":"en-US","@id":"https:\/\/oktamam.com\/en\/#\/schema\/logo\/image\/","url":"https:\/\/oktamam.com\/wp-content\/uploads\/2023\/04\/oktamam_logo_v-01.png","contentUrl":"https:\/\/oktamam.com\/wp-content\/uploads\/2023\/04\/oktamam_logo_v-01.png","width":1030,"height":1030,"caption":"\u0627\u0648\u0643\u064a \u062a\u0645\u0627\u0645"},"image":{"@id":"https:\/\/oktamam.com\/en\/#\/schema\/logo\/image\/"},"sameAs":["https:\/\/www.facebook.com\/oktamamcom","https:\/\/x.com\/ok_tamam","https:\/\/instagram.com\/oktamam","https:\/\/www.linkedin.com\/company\/ok-tamam","https:\/\/www.youtube.com\/ok-tamam-group"]}]}},"_links":{"self":[{"href":"https:\/\/oktamam.com\/en\/wp-json\/wp\/v2\/pages\/167959","targetHints":{"allow":["GET"]}}],"collection":[{"href":"https:\/\/oktamam.com\/en\/wp-json\/wp\/v2\/pages"}],"about":[{"href":"https:\/\/oktamam.com\/en\/wp-json\/wp\/v2\/types\/page"}],"author":[{"embeddable":true,"href":"https:\/\/oktamam.com\/en\/wp-json\/wp\/v2\/users\/24"}],"replies":[{"embeddable":true,"href":"https:\/\/oktamam.com\/en\/wp-json\/wp\/v2\/comments?post=167959"}],"version-history":[{"count":31,"href":"https:\/\/oktamam.com\/en\/wp-json\/wp\/v2\/pages\/167959\/revisions"}],"predecessor-version":[{"id":176697,"href":"https:\/\/oktamam.com\/en\/wp-json\/wp\/v2\/pages\/167959\/revisions\/176697"}],"wp:featuredmedia":[{"embeddable":true,"href":"https:\/\/oktamam.com\/en\/wp-json\/wp\/v2\/media\/130653"}],"wp:attachment":[{"href":"https:\/\/oktamam.com\/en\/wp-json\/wp\/v2\/media?parent=167959"}],"curies":[{"name":"wp","href":"https:\/\/api.w.org\/{rel}","templated":true}]}}