{"id":156182,"date":"2023-05-29T14:57:17","date_gmt":"2023-05-29T11:57:17","guid":{"rendered":"https:\/\/oktamam.com\/%d9%83%d9%8a%d9%81%d9%8a%d8%a9-%d9%81%d8%aa%d8%ad-%d8%ad%d8%b3%d8%a7%d8%a8-%d8%a8%d9%86%d9%83%d9%8a-%d9%81%d9%8a-%d8%aa%d8%b1%d9%83%d9%8a%d8%a7\/"},"modified":"2024-03-10T14:54:30","modified_gmt":"2024-03-10T11:54:30","slug":"how-to-open-bank-account-in-turkey","status":"publish","type":"page","link":"https:\/\/oktamam.com\/en\/how-to-open-bank-account-in-tukey\/","title":{"rendered":"How to Open a Bank Account in Turkey"},"content":{"rendered":"\t\t<div data-elementor-type=\"wp-page\" data-elementor-id=\"156182\" class=\"elementor elementor-156182 elementor-132054\" data-elementor-post-type=\"page\">\n\t\t\t\t\t\t<section class=\"elementor-section elementor-top-section elementor-element elementor-element-6df1bae9 elementor-section-full_width elementor-section-height-default elementor-section-height-default\" data-id=\"6df1bae9\" data-element_type=\"section\" data-e-type=\"section\">\n\t\t\t\t\t\t<div class=\"elementor-container elementor-column-gap-default\">\n\t\t\t\t\t<div class=\"elementor-column elementor-col-100 elementor-top-column elementor-element elementor-element-117f7903\" data-id=\"117f7903\" data-element_type=\"column\" data-e-type=\"column\">\n\t\t\t<div class=\"elementor-widget-wrap elementor-element-populated\">\n\t\t\t\t\t\t<section class=\"elementor-section elementor-inner-section elementor-element elementor-element-3dbd1cba elementor-section-boxed elementor-section-height-default elementor-section-height-default\" data-id=\"3dbd1cba\" data-element_type=\"section\" data-e-type=\"section\">\n\t\t\t\t\t\t<div class=\"elementor-container elementor-column-gap-default\">\n\t\t\t\t\t<div class=\"elementor-column elementor-col-100 elementor-inner-column elementor-element elementor-element-2a722a5b\" data-id=\"2a722a5b\" data-element_type=\"column\" data-e-type=\"column\">\n\t\t\t<div class=\"elementor-widget-wrap elementor-element-populated\">\n\t\t\t\t\t\t<div data-dce-text-color=\"#FFFFFF\" class=\"elementor-element elementor-element-37132c95 elementor-align-right custom-breadcrumb elementor-widget elementor-widget-breadcrumbs\" data-id=\"37132c95\" data-element_type=\"widget\" data-e-type=\"widget\" data-widget_type=\"breadcrumbs.default\">\n\t\t\t\t<div class=\"elementor-widget-container\">\n\t\t\t\t\t<p id=\"breadcrumbs\"><span><span><a href=\"https:\/\/oktamam.com\/en\/\">Home<\/a><\/span><\/span><\/p>\t\t\t\t<\/div>\n\t\t\t\t<\/div>\n\t\t\t\t\t<\/div>\n\t\t<\/div>\n\t\t\t\t\t<\/div>\n\t\t<\/section>\n\t\t\t\t\t<\/div>\n\t\t<\/div>\n\t\t\t\t\t<\/div>\n\t\t<\/section>\n\t\t\t\t<section class=\"elementor-section elementor-top-section elementor-element elementor-element-5471a9fc elementor-section-boxed elementor-section-height-default elementor-section-height-default\" data-id=\"5471a9fc\" data-element_type=\"section\" data-e-type=\"section\">\n\t\t\t\t\t\t<div class=\"elementor-container elementor-column-gap-default\">\n\t\t\t\t\t<div class=\"elementor-column elementor-col-100 elementor-top-column elementor-element elementor-element-1deb87d6\" data-id=\"1deb87d6\" data-element_type=\"column\" data-e-type=\"column\">\n\t\t\t<div class=\"elementor-widget-wrap elementor-element-populated\">\n\t\t\t\t\t\t<div class=\"elementor-element elementor-element-2b904102 other_pages-featured-img dce_masking-none elementor-widget elementor-widget-image\" data-id=\"2b904102\" data-element_type=\"widget\" data-e-type=\"widget\" data-widget_type=\"image.default\">\n\t\t\t\t<div class=\"elementor-widget-container\">\n\t\t\t\t\t\t\t\t\t\t\t\t\t\t\t<img fetchpriority=\"high\" decoding=\"async\" width=\"475\" height=\"294\" src=\"https:\/\/oktamam.com\/wp-content\/uploads\/2023\/05\/mastercard_visa.gi_.top_.jpg\" class=\"attachment-full size-full wp-image-132057\" alt=\"\" srcset=\"https:\/\/oktamam.com\/wp-content\/uploads\/2023\/05\/mastercard_visa.gi_.top_.jpg 475w, https:\/\/oktamam.com\/wp-content\/uploads\/2023\/05\/mastercard_visa.gi_.top_-300x186.jpg 300w\" sizes=\"(max-width: 475px) 100vw, 475px\" \/>\t\t\t\t\t\t\t\t\t\t\t\t\t\t\t<\/div>\n\t\t\t\t<\/div>\n\t\t\t\t\t<\/div>\n\t\t<\/div>\n\t\t\t\t\t<\/div>\n\t\t<\/section>\n\t\t\t\t<section class=\"elementor-section elementor-top-section elementor-element elementor-element-4335687f elementor-section-boxed elementor-section-height-default elementor-section-height-default\" data-id=\"4335687f\" data-element_type=\"section\" data-e-type=\"section\">\n\t\t\t\t\t\t<div class=\"elementor-container elementor-column-gap-default\">\n\t\t\t\t\t<div class=\"elementor-column elementor-col-100 elementor-top-column elementor-element elementor-element-59c92ffb other-pages-titles\" data-id=\"59c92ffb\" data-element_type=\"column\" data-e-type=\"column\">\n\t\t\t<div class=\"elementor-widget-wrap elementor-element-populated\">\n\t\t\t\t\t\t<div class=\"elementor-element elementor-element-6b4b7974 elementor-widget elementor-widget-heading\" data-id=\"6b4b7974\" data-element_type=\"widget\" data-e-type=\"widget\" data-widget_type=\"heading.default\">\n\t\t\t\t<div class=\"elementor-widget-container\">\n\t\t\t\t\t<h1 class=\"elementor-heading-title elementor-size-default\">How to Open a Bank Account in Turkey<\/h1>\t\t\t\t<\/div>\n\t\t\t\t<\/div>\n\t\t\t\t<div class=\"elementor-element elementor-element-23ebd639 exam-titles elementor-widget elementor-widget-text-editor\" data-id=\"23ebd639\" data-element_type=\"widget\" data-e-type=\"widget\" data-widget_type=\"text-editor.default\">\n\t\t\t\t<div class=\"elementor-widget-container\">\n\t\t\t\t\t\t\t\t\t<p><span style=\"font-weight: 400;\">First of all, it should be known that there are several types of bank accounts. The explanation will include how to open a personal account and also a commercial account for Syrians, Iraqis, Palestinians, foreigners, and Arab citizens in general for the years 2014, 2015, and 2016.<\/span><\/p>\t\t\t\t\t\t\t\t<\/div>\n\t\t\t\t<\/div>\n\t\t\t\t\t<\/div>\n\t\t<\/div>\n\t\t\t\t\t<\/div>\n\t\t<\/section>\n\t\t\t\t<section class=\"elementor-section elementor-top-section elementor-element elementor-element-4a70b013 elementor-section-boxed elementor-section-height-default elementor-section-height-default\" data-id=\"4a70b013\" data-element_type=\"section\" data-e-type=\"section\" data-settings=\"{&quot;background_background&quot;:&quot;classic&quot;}\">\n\t\t\t\t\t\t<div class=\"elementor-container elementor-column-gap-default\">\n\t\t\t\t\t<div class=\"elementor-column elementor-col-100 elementor-top-column elementor-element elementor-element-405473c4 other-pages-content\" data-id=\"405473c4\" data-element_type=\"column\" data-e-type=\"column\" data-settings=\"{&quot;background_background&quot;:&quot;classic&quot;}\">\n\t\t\t<div class=\"elementor-widget-wrap elementor-element-populated\">\n\t\t\t\t\t\t<div class=\"elementor-element elementor-element-4feaa49 elementor-widget elementor-widget-heading\" data-id=\"4feaa49\" data-element_type=\"widget\" data-e-type=\"widget\" data-widget_type=\"heading.default\">\n\t\t\t\t<div class=\"elementor-widget-container\">\n\t\t\t\t\t<h2 class=\"elementor-heading-title elementor-size-default\"><h3 class=\"fusion-responsive-typography-calculated\" dir=\"ltr\" data-fontsize=\"23.8\" data-lineheight=\"35.7px\"><strong>Opening a Personal Bank Account in Turkey<\/strong><\/h3><\/h2>\t\t\t\t<\/div>\n\t\t\t\t<\/div>\n\t\t\t\t<div class=\"elementor-element elementor-element-7f02812 elementor-widget elementor-widget-text-editor\" data-id=\"7f02812\" data-element_type=\"widget\" data-e-type=\"widget\" data-widget_type=\"text-editor.default\">\n\t\t\t\t<div class=\"elementor-widget-container\">\n\t\t\t\t\t\t\t\t\t<p dir=\"ltr\" style=\"text-align: left;\"><span style=\"font-weight: 400;\">First, every foreigner in Turkey who wishes to open a bank account in Turkey or a banking account must go to the Tax Office to obtain a personal tax number called &#8220;Vergi Dairesi&#8221;.<\/span><\/p><p dir=\"ltr\" style=\"text-align: left;\"><strong>Note:<\/strong><\/p><p dir=\"ltr\" style=\"text-align: left;\"><span style=\"font-weight: 400;\">The person must have an official address, either their residential address or the hotel address, clearly and correctly. They should take a picture of the first page of their passport and attach it to the application for the tax number, which they will obtain immediately.<\/span><\/p><p dir=\"ltr\" style=\"text-align: left;\"><span style=\"font-weight: 400;\">If they do not have an address, they can take the address of any hotel in the area where the relevant Tax Office is located and list it as their address.<\/span><\/p><p dir=\"ltr\" style=\"text-align: left;\"><span style=\"font-weight: 400;\">If they do not have residency in Turkey, they must translate their passport or identification card into Turkish and ensure that their personal address in the country they are applying from is included in the translation to open a bank account.<\/span><\/p><p dir=\"ltr\" style=\"text-align: left;\"><span style=\"font-weight: 400;\">Note:<\/span><\/p><p dir=\"ltr\" style=\"text-align: left;\"><span style=\"font-weight: 400;\">The translation does not need to be notarized.<\/span><\/p><p dir=\"ltr\" style=\"text-align: left;\"><span style=\"font-weight: 400;\">They go to the bank of their choice, and the easiest in general for foreigners are:<\/span><\/p><p dir=\"ltr\" style=\"text-align: left;\"><span style=\"font-weight: 400;\">Kuveyt T\u00fcrk<\/span><\/p><p dir=\"ltr\" style=\"text-align: left;\"><span style=\"font-weight: 400;\">Albaraka T\u00fcrk<\/span><\/p><p dir=\"ltr\" style=\"text-align: left;\"><span style=\"font-weight: 400;\">Ziraat Bankas\u0131<\/span><\/p><p dir=\"ltr\" style=\"text-align: left;\"><span style=\"font-weight: 400;\">Note:<\/span><\/p><p dir=\"ltr\" style=\"text-align: left;\"><span style=\"font-weight: 400;\">Most private banks in Turkey do not accept opening a personal account for a foreigner who does not have residency in Turkey. For example, they must present a residency statement from the Population Department if they have tourist residency.<\/span><\/p><p dir=\"ltr\" style=\"text-align: left;\"><span style=\"font-weight: 400;\">They will take a number from &#8220;Gi\u015fe \u0130\u015flemler,&#8221; not &#8220;Bireysel \u0130\u015flemler&#8221;.<\/span><\/p><p dir=\"ltr\" style=\"text-align: left;\"><span style=\"font-weight: 400;\">They will provide the tax number and passport translation containing the address and residence if available, to the employee and request to open a personal account.<\/span><\/p><p dir=\"ltr\" style=\"text-align: left;\"><span style=\"font-weight: 400;\">Note:<\/span><\/p><p dir=\"ltr\" style=\"text-align: left;\"><span style=\"font-weight: 400;\">Syrian citizens holding an ID card or temporary identity card can open an account in the mentioned banks above, most likely according to each branch and the flexibility of its employees.<\/span><\/p>\t\t\t\t\t\t\t\t<\/div>\n\t\t\t\t<\/div>\n\t\t\t\t\t<\/div>\n\t\t<\/div>\n\t\t\t\t\t<\/div>\n\t\t<\/section>\n\t\t\t\t<section class=\"elementor-section elementor-top-section elementor-element elementor-element-9de3e34 elementor-section-boxed elementor-section-height-default elementor-section-height-default\" data-id=\"9de3e34\" data-element_type=\"section\" data-e-type=\"section\">\n\t\t\t\t\t\t<div class=\"elementor-container elementor-column-gap-default\">\n\t\t\t\t\t<div class=\"elementor-column elementor-col-100 elementor-top-column elementor-element elementor-element-9b20385 other-pages-titles\" data-id=\"9b20385\" data-element_type=\"column\" data-e-type=\"column\">\n\t\t\t<div class=\"elementor-widget-wrap elementor-element-populated\">\n\t\t\t\t\t\t<div class=\"elementor-element elementor-element-456622b exam-titles elementor-widget elementor-widget-text-editor\" data-id=\"456622b\" data-element_type=\"widget\" data-e-type=\"widget\" data-widget_type=\"text-editor.default\">\n\t\t\t\t<div class=\"elementor-widget-container\">\n\t\t\t\t\t\t\t\t\t<p><span style=\"font-weight: 400;\">How to Open a Bank Account in Turkey<\/span><\/p><p><span style=\"font-weight: 400;\">First of all, it should be known that there are several types of bank accounts. The explanation will include how to open a personal account and also a commercial account for Syrians, Iraqis, Palestinians, foreigners, and Arab citizens in general for the years 2014, 2015, and 2016.<\/span><\/p>\t\t\t\t\t\t\t\t<\/div>\n\t\t\t\t<\/div>\n\t\t\t\t\t<\/div>\n\t\t<\/div>\n\t\t\t\t\t<\/div>\n\t\t<\/section>\n\t\t\t\t<\/div>\n\t\t","protected":false},"excerpt":{"rendered":"<p>First of all, it should be known that there are several types of bank accounts. The explanation will include how to open a personal account [&hellip;]<\/p>\n","protected":false},"author":24,"featured_media":132057,"parent":0,"menu_order":0,"comment_status":"open","ping_status":"closed","template":"","meta":{"_acf_changed":false,"footnotes":""},"class_list":["post-156182","page","type-page","status-publish","has-post-thumbnail","hentry"],"acf":[],"yoast_head":"<!-- This site is optimized with the Yoast SEO Premium plugin v27.1 (Yoast SEO v27.1.1) - https:\/\/yoast.com\/product\/yoast-seo-premium-wordpress\/ -->\n<title>How to Open a Bank Account in Turkey<\/title>\n<meta name=\"description\" content=\"\u0643\u064a\u0641\u064a\u0629 \u0641\u062a\u062d \u062d\u0633\u0627\u0628 \u0628\u0646\u0643\u064a \u0641\u064a \u062a\u0631\u0643\u064a\u0627-\u0641\u062a\u062d \u062d\u0633\u0627\u0628 \u0634\u062e\u0635\u064a \u0648\u0623\u064a\u0636\u0627 \u062d\u0633\u0627\u0628 \u062a\u062c\u0627\u0631\u064a \u0644\u0644\u0633\u0648\u0631\u064a\u064a\u0646 \u2013 \u0644\u0644\u0639\u0631\u0627\u0642\u064a\u064a\u0646 \u2013 \u0644\u0644\u0641\u0644\u0633\u0637\u064a\u0646\u064a\u064a\u0646 \u2013 \u0644\u0644\u0627\u062c\u0646\u0628\u064a \u2013 \u0644\u0644\u0645\u0648\u0627\u0637\u0646 \u0627\u0644\u0639\u0631\u0628\u064a \u0628\u0634\u0643\u0644 \u0639\u0627\u0645 2014 \u2013 2015 \u2013 2016\" \/>\n<meta name=\"robots\" content=\"index, follow, max-snippet:-1, max-image-preview:large, max-video-preview:-1\" \/>\n<link rel=\"canonical\" href=\"https:\/\/oktamam.com\/en\/how-to-open-bank-account-in-tukey\/\" \/>\n<meta property=\"og:locale\" content=\"en_US\" \/>\n<meta property=\"og:type\" content=\"article\" \/>\n<meta property=\"og:title\" content=\"How to Open a Bank Account in Turkey\" \/>\n<meta property=\"og:description\" content=\"\u0643\u064a\u0641\u064a\u0629 \u0641\u062a\u062d \u062d\u0633\u0627\u0628 \u0628\u0646\u0643\u064a \u0641\u064a \u062a\u0631\u0643\u064a\u0627-\u0641\u062a\u062d \u062d\u0633\u0627\u0628 \u0634\u062e\u0635\u064a \u0648\u0623\u064a\u0636\u0627 \u062d\u0633\u0627\u0628 \u062a\u062c\u0627\u0631\u064a \u0644\u0644\u0633\u0648\u0631\u064a\u064a\u0646 \u2013 \u0644\u0644\u0639\u0631\u0627\u0642\u064a\u064a\u0646 \u2013 \u0644\u0644\u0641\u0644\u0633\u0637\u064a\u0646\u064a\u064a\u0646 \u2013 \u0644\u0644\u0627\u062c\u0646\u0628\u064a \u2013 \u0644\u0644\u0645\u0648\u0627\u0637\u0646 \u0627\u0644\u0639\u0631\u0628\u064a \u0628\u0634\u0643\u0644 \u0639\u0627\u0645 2014 \u2013 2015 \u2013 2016\" \/>\n<meta property=\"og:url\" content=\"https:\/\/oktamam.com\/en\/how-to-open-bank-account-in-tukey\/\" \/>\n<meta property=\"og:site_name\" content=\"\u0627\u0648\u0643\u064a \u062a\u0645\u0627\u0645\" \/>\n<meta property=\"article:publisher\" content=\"https:\/\/www.facebook.com\/oktamamcom\" \/>\n<meta property=\"article:modified_time\" content=\"2024-03-10T11:54:30+00:00\" \/>\n<meta property=\"og:image\" content=\"https:\/\/oktamam.com\/wp-content\/uploads\/2023\/05\/mastercard_visa.gi_.top_.jpg\" \/>\n\t<meta property=\"og:image:width\" content=\"475\" \/>\n\t<meta property=\"og:image:height\" content=\"294\" \/>\n\t<meta property=\"og:image:type\" content=\"image\/jpeg\" \/>\n<meta name=\"twitter:card\" content=\"summary_large_image\" \/>\n<meta name=\"twitter:site\" content=\"@ok_tamam\" \/>\n<script type=\"application\/ld+json\" class=\"yoast-schema-graph\">{\"@context\":\"https:\/\/schema.org\",\"@graph\":[{\"@type\":\"WebPage\",\"@id\":\"https:\/\/oktamam.com\/en\/how-to-open-bank-account-in-tukey\/\",\"url\":\"https:\/\/oktamam.com\/en\/how-to-open-bank-account-in-tukey\/\",\"name\":\"How to Open a Bank Account in Turkey\",\"isPartOf\":{\"@id\":\"https:\/\/oktamam.com\/en\/#website\"},\"primaryImageOfPage\":{\"@id\":\"https:\/\/oktamam.com\/en\/how-to-open-bank-account-in-tukey\/#primaryimage\"},\"image\":{\"@id\":\"https:\/\/oktamam.com\/en\/how-to-open-bank-account-in-tukey\/#primaryimage\"},\"thumbnailUrl\":\"https:\/\/oktamam.com\/wp-content\/uploads\/2023\/05\/mastercard_visa.gi_.top_.jpg\",\"datePublished\":\"2023-05-29T11:57:17+00:00\",\"dateModified\":\"2024-03-10T11:54:30+00:00\",\"description\":\"\u0643\u064a\u0641\u064a\u0629 \u0641\u062a\u062d \u062d\u0633\u0627\u0628 \u0628\u0646\u0643\u064a \u0641\u064a \u062a\u0631\u0643\u064a\u0627-\u0641\u062a\u062d \u062d\u0633\u0627\u0628 \u0634\u062e\u0635\u064a \u0648\u0623\u064a\u0636\u0627 \u062d\u0633\u0627\u0628 \u062a\u062c\u0627\u0631\u064a \u0644\u0644\u0633\u0648\u0631\u064a\u064a\u0646 \u2013 \u0644\u0644\u0639\u0631\u0627\u0642\u064a\u064a\u0646 \u2013 \u0644\u0644\u0641\u0644\u0633\u0637\u064a\u0646\u064a\u064a\u0646 \u2013 \u0644\u0644\u0627\u062c\u0646\u0628\u064a \u2013 \u0644\u0644\u0645\u0648\u0627\u0637\u0646 \u0627\u0644\u0639\u0631\u0628\u064a \u0628\u0634\u0643\u0644 \u0639\u0627\u0645 2014 \u2013 2015 \u2013 2016\",\"breadcrumb\":{\"@id\":\"https:\/\/oktamam.com\/en\/how-to-open-bank-account-in-tukey\/#breadcrumb\"},\"inLanguage\":\"en-US\",\"potentialAction\":[{\"@type\":\"ReadAction\",\"target\":[\"https:\/\/oktamam.com\/en\/how-to-open-bank-account-in-tukey\/\"]}]},{\"@type\":\"ImageObject\",\"inLanguage\":\"en-US\",\"@id\":\"https:\/\/oktamam.com\/en\/how-to-open-bank-account-in-tukey\/#primaryimage\",\"url\":\"https:\/\/oktamam.com\/wp-content\/uploads\/2023\/05\/mastercard_visa.gi_.top_.jpg\",\"contentUrl\":\"https:\/\/oktamam.com\/wp-content\/uploads\/2023\/05\/mastercard_visa.gi_.top_.jpg\",\"width\":475,\"height\":294},{\"@type\":\"BreadcrumbList\",\"@id\":\"https:\/\/oktamam.com\/en\/how-to-open-bank-account-in-tukey\/#breadcrumb\",\"itemListElement\":[{\"@type\":\"ListItem\",\"position\":1,\"name\":\"Home\",\"item\":\"https:\/\/oktamam.com\/en\/\"},{\"@type\":\"ListItem\",\"position\":2,\"name\":\"How to Open a Bank Account in Turkey\"}]},{\"@type\":\"WebSite\",\"@id\":\"https:\/\/oktamam.com\/en\/#website\",\"url\":\"https:\/\/oktamam.com\/en\/\",\"name\":\"\u0627\u0648\u0643\u064a \u062a\u0645\u0627\u0645\",\"description\":\"\u0627\u0644\u062f\u0631\u0627\u0633\u0629 \u0641\u064a \u0627\u0644\u062e\u0627\u0631\u062c\",\"publisher\":{\"@id\":\"https:\/\/oktamam.com\/en\/#organization\"},\"potentialAction\":[{\"@type\":\"SearchAction\",\"target\":{\"@type\":\"EntryPoint\",\"urlTemplate\":\"https:\/\/oktamam.com\/en\/?s={search_term_string}\"},\"query-input\":{\"@type\":\"PropertyValueSpecification\",\"valueRequired\":true,\"valueName\":\"search_term_string\"}}],\"inLanguage\":\"en-US\"},{\"@type\":\"Organization\",\"@id\":\"https:\/\/oktamam.com\/en\/#organization\",\"name\":\"\u0627\u0648\u0643\u064a \u062a\u0645\u0627\u0645\",\"url\":\"https:\/\/oktamam.com\/en\/\",\"logo\":{\"@type\":\"ImageObject\",\"inLanguage\":\"en-US\",\"@id\":\"https:\/\/oktamam.com\/en\/#\/schema\/logo\/image\/\",\"url\":\"https:\/\/oktamam.com\/wp-content\/uploads\/2023\/04\/oktamam_logo_v-01.png\",\"contentUrl\":\"https:\/\/oktamam.com\/wp-content\/uploads\/2023\/04\/oktamam_logo_v-01.png\",\"width\":1030,\"height\":1030,\"caption\":\"\u0627\u0648\u0643\u064a \u062a\u0645\u0627\u0645\"},\"image\":{\"@id\":\"https:\/\/oktamam.com\/en\/#\/schema\/logo\/image\/\"},\"sameAs\":[\"https:\/\/www.facebook.com\/oktamamcom\",\"https:\/\/x.com\/ok_tamam\",\"https:\/\/instagram.com\/oktamam\",\"https:\/\/www.linkedin.com\/company\/ok-tamam\",\"https:\/\/www.youtube.com\/ok-tamam-group\"]}]}<\/script>\n<!-- \/ Yoast SEO Premium plugin. -->","yoast_head_json":{"title":"How to Open a Bank Account in Turkey","description":"\u0643\u064a\u0641\u064a\u0629 \u0641\u062a\u062d \u062d\u0633\u0627\u0628 \u0628\u0646\u0643\u064a \u0641\u064a \u062a\u0631\u0643\u064a\u0627-\u0641\u062a\u062d \u062d\u0633\u0627\u0628 \u0634\u062e\u0635\u064a \u0648\u0623\u064a\u0636\u0627 \u062d\u0633\u0627\u0628 \u062a\u062c\u0627\u0631\u064a \u0644\u0644\u0633\u0648\u0631\u064a\u064a\u0646 \u2013 \u0644\u0644\u0639\u0631\u0627\u0642\u064a\u064a\u0646 \u2013 \u0644\u0644\u0641\u0644\u0633\u0637\u064a\u0646\u064a\u064a\u0646 \u2013 \u0644\u0644\u0627\u062c\u0646\u0628\u064a \u2013 \u0644\u0644\u0645\u0648\u0627\u0637\u0646 \u0627\u0644\u0639\u0631\u0628\u064a \u0628\u0634\u0643\u0644 \u0639\u0627\u0645 2014 \u2013 2015 \u2013 2016","robots":{"index":"index","follow":"follow","max-snippet":"max-snippet:-1","max-image-preview":"max-image-preview:large","max-video-preview":"max-video-preview:-1"},"canonical":"https:\/\/oktamam.com\/en\/how-to-open-bank-account-in-tukey\/","og_locale":"en_US","og_type":"article","og_title":"How to Open a Bank Account in Turkey","og_description":"\u0643\u064a\u0641\u064a\u0629 \u0641\u062a\u062d \u062d\u0633\u0627\u0628 \u0628\u0646\u0643\u064a \u0641\u064a \u062a\u0631\u0643\u064a\u0627-\u0641\u062a\u062d \u062d\u0633\u0627\u0628 \u0634\u062e\u0635\u064a \u0648\u0623\u064a\u0636\u0627 \u062d\u0633\u0627\u0628 \u062a\u062c\u0627\u0631\u064a \u0644\u0644\u0633\u0648\u0631\u064a\u064a\u0646 \u2013 \u0644\u0644\u0639\u0631\u0627\u0642\u064a\u064a\u0646 \u2013 \u0644\u0644\u0641\u0644\u0633\u0637\u064a\u0646\u064a\u064a\u0646 \u2013 \u0644\u0644\u0627\u062c\u0646\u0628\u064a \u2013 \u0644\u0644\u0645\u0648\u0627\u0637\u0646 \u0627\u0644\u0639\u0631\u0628\u064a \u0628\u0634\u0643\u0644 \u0639\u0627\u0645 2014 \u2013 2015 \u2013 2016","og_url":"https:\/\/oktamam.com\/en\/how-to-open-bank-account-in-tukey\/","og_site_name":"\u0627\u0648\u0643\u064a \u062a\u0645\u0627\u0645","article_publisher":"https:\/\/www.facebook.com\/oktamamcom","article_modified_time":"2024-03-10T11:54:30+00:00","og_image":[{"width":475,"height":294,"url":"https:\/\/oktamam.com\/wp-content\/uploads\/2023\/05\/mastercard_visa.gi_.top_.jpg","type":"image\/jpeg"}],"twitter_card":"summary_large_image","twitter_site":"@ok_tamam","schema":{"@context":"https:\/\/schema.org","@graph":[{"@type":"WebPage","@id":"https:\/\/oktamam.com\/en\/how-to-open-bank-account-in-tukey\/","url":"https:\/\/oktamam.com\/en\/how-to-open-bank-account-in-tukey\/","name":"How to Open a Bank Account in Turkey","isPartOf":{"@id":"https:\/\/oktamam.com\/en\/#website"},"primaryImageOfPage":{"@id":"https:\/\/oktamam.com\/en\/how-to-open-bank-account-in-tukey\/#primaryimage"},"image":{"@id":"https:\/\/oktamam.com\/en\/how-to-open-bank-account-in-tukey\/#primaryimage"},"thumbnailUrl":"https:\/\/oktamam.com\/wp-content\/uploads\/2023\/05\/mastercard_visa.gi_.top_.jpg","datePublished":"2023-05-29T11:57:17+00:00","dateModified":"2024-03-10T11:54:30+00:00","description":"\u0643\u064a\u0641\u064a\u0629 \u0641\u062a\u062d \u062d\u0633\u0627\u0628 \u0628\u0646\u0643\u064a \u0641\u064a \u062a\u0631\u0643\u064a\u0627-\u0641\u062a\u062d \u062d\u0633\u0627\u0628 \u0634\u062e\u0635\u064a \u0648\u0623\u064a\u0636\u0627 \u062d\u0633\u0627\u0628 \u062a\u062c\u0627\u0631\u064a \u0644\u0644\u0633\u0648\u0631\u064a\u064a\u0646 \u2013 \u0644\u0644\u0639\u0631\u0627\u0642\u064a\u064a\u0646 \u2013 \u0644\u0644\u0641\u0644\u0633\u0637\u064a\u0646\u064a\u064a\u0646 \u2013 \u0644\u0644\u0627\u062c\u0646\u0628\u064a \u2013 \u0644\u0644\u0645\u0648\u0627\u0637\u0646 \u0627\u0644\u0639\u0631\u0628\u064a \u0628\u0634\u0643\u0644 \u0639\u0627\u0645 2014 \u2013 2015 \u2013 2016","breadcrumb":{"@id":"https:\/\/oktamam.com\/en\/how-to-open-bank-account-in-tukey\/#breadcrumb"},"inLanguage":"en-US","potentialAction":[{"@type":"ReadAction","target":["https:\/\/oktamam.com\/en\/how-to-open-bank-account-in-tukey\/"]}]},{"@type":"ImageObject","inLanguage":"en-US","@id":"https:\/\/oktamam.com\/en\/how-to-open-bank-account-in-tukey\/#primaryimage","url":"https:\/\/oktamam.com\/wp-content\/uploads\/2023\/05\/mastercard_visa.gi_.top_.jpg","contentUrl":"https:\/\/oktamam.com\/wp-content\/uploads\/2023\/05\/mastercard_visa.gi_.top_.jpg","width":475,"height":294},{"@type":"BreadcrumbList","@id":"https:\/\/oktamam.com\/en\/how-to-open-bank-account-in-tukey\/#breadcrumb","itemListElement":[{"@type":"ListItem","position":1,"name":"Home","item":"https:\/\/oktamam.com\/en\/"},{"@type":"ListItem","position":2,"name":"How to Open a Bank Account in Turkey"}]},{"@type":"WebSite","@id":"https:\/\/oktamam.com\/en\/#website","url":"https:\/\/oktamam.com\/en\/","name":"\u0627\u0648\u0643\u064a \u062a\u0645\u0627\u0645","description":"\u0627\u0644\u062f\u0631\u0627\u0633\u0629 \u0641\u064a \u0627\u0644\u062e\u0627\u0631\u062c","publisher":{"@id":"https:\/\/oktamam.com\/en\/#organization"},"potentialAction":[{"@type":"SearchAction","target":{"@type":"EntryPoint","urlTemplate":"https:\/\/oktamam.com\/en\/?s={search_term_string}"},"query-input":{"@type":"PropertyValueSpecification","valueRequired":true,"valueName":"search_term_string"}}],"inLanguage":"en-US"},{"@type":"Organization","@id":"https:\/\/oktamam.com\/en\/#organization","name":"\u0627\u0648\u0643\u064a \u062a\u0645\u0627\u0645","url":"https:\/\/oktamam.com\/en\/","logo":{"@type":"ImageObject","inLanguage":"en-US","@id":"https:\/\/oktamam.com\/en\/#\/schema\/logo\/image\/","url":"https:\/\/oktamam.com\/wp-content\/uploads\/2023\/04\/oktamam_logo_v-01.png","contentUrl":"https:\/\/oktamam.com\/wp-content\/uploads\/2023\/04\/oktamam_logo_v-01.png","width":1030,"height":1030,"caption":"\u0627\u0648\u0643\u064a \u062a\u0645\u0627\u0645"},"image":{"@id":"https:\/\/oktamam.com\/en\/#\/schema\/logo\/image\/"},"sameAs":["https:\/\/www.facebook.com\/oktamamcom","https:\/\/x.com\/ok_tamam","https:\/\/instagram.com\/oktamam","https:\/\/www.linkedin.com\/company\/ok-tamam","https:\/\/www.youtube.com\/ok-tamam-group"]}]}},"_links":{"self":[{"href":"https:\/\/oktamam.com\/en\/wp-json\/wp\/v2\/pages\/156182","targetHints":{"allow":["GET"]}}],"collection":[{"href":"https:\/\/oktamam.com\/en\/wp-json\/wp\/v2\/pages"}],"about":[{"href":"https:\/\/oktamam.com\/en\/wp-json\/wp\/v2\/types\/page"}],"author":[{"embeddable":true,"href":"https:\/\/oktamam.com\/en\/wp-json\/wp\/v2\/users\/24"}],"replies":[{"embeddable":true,"href":"https:\/\/oktamam.com\/en\/wp-json\/wp\/v2\/comments?post=156182"}],"version-history":[{"count":9,"href":"https:\/\/oktamam.com\/en\/wp-json\/wp\/v2\/pages\/156182\/revisions"}],"predecessor-version":[{"id":156352,"href":"https:\/\/oktamam.com\/en\/wp-json\/wp\/v2\/pages\/156182\/revisions\/156352"}],"wp:featuredmedia":[{"embeddable":true,"href":"https:\/\/oktamam.com\/en\/wp-json\/wp\/v2\/media\/132057"}],"wp:attachment":[{"href":"https:\/\/oktamam.com\/en\/wp-json\/wp\/v2\/media?parent=156182"}],"curies":[{"name":"wp","href":"https:\/\/api.w.org\/{rel}","templated":true}]}}