{"id":156141,"date":"2023-05-28T10:08:53","date_gmt":"2023-05-28T07:08:53","guid":{"rendered":"https:\/\/oktamam.com\/%d9%86%d8%b8%d8%a7%d9%85-%d8%a7%d9%84%d8%aa%d8%b9%d9%84%d9%8a%d9%85-%d9%81%d9%8a-%d8%aa%d8%b1%d9%83%d9%8a%d8%a7\/"},"modified":"2024-04-23T11:44:18","modified_gmt":"2024-04-23T08:44:18","slug":"education-system-in-turkey","status":"publish","type":"page","link":"https:\/\/oktamam.com\/en\/education-system-in-turkey\/","title":{"rendered":"Education System in Turkey"},"content":{"rendered":"\t\t<div data-elementor-type=\"wp-page\" data-elementor-id=\"156141\" class=\"elementor elementor-156141 elementor-129894\" data-elementor-post-type=\"page\">\n\t\t\t\t\t\t<section class=\"elementor-section elementor-top-section elementor-element elementor-element-9b5b4f9 elementor-section-boxed elementor-section-height-default elementor-section-height-default\" data-id=\"9b5b4f9\" data-element_type=\"section\" data-e-type=\"section\">\n\t\t\t\t\t\t<div class=\"elementor-container elementor-column-gap-default\">\n\t\t\t\t\t<div class=\"elementor-column elementor-col-100 elementor-top-column elementor-element elementor-element-730ff0e\" data-id=\"730ff0e\" data-element_type=\"column\" data-e-type=\"column\">\n\t\t\t<div class=\"elementor-widget-wrap elementor-element-populated\">\n\t\t\t\t\t\t<div class=\"elementor-element elementor-element-2f4e2b8 elementor-widget elementor-widget-template\" data-id=\"2f4e2b8\" data-element_type=\"widget\" data-e-type=\"widget\" data-widget_type=\"template.default\">\n\t\t\t\t<div class=\"elementor-widget-container\">\n\t\t\t\t\t\t\t<div class=\"elementor-template\">\n\t\t\t\t\t<div data-elementor-type=\"section\" data-elementor-id=\"131893\" class=\"elementor elementor-131893 elementor-918 elementor-918\" data-elementor-post-type=\"elementor_library\">\n\t\t\t\t\t<section class=\"elementor-section elementor-top-section elementor-element elementor-element-557f9a0b elementor-section-full_width elementor-section-height-default elementor-section-height-default\" data-id=\"557f9a0b\" data-element_type=\"section\" data-e-type=\"section\">\n\t\t\t\t\t\t<div class=\"elementor-container elementor-column-gap-default\">\n\t\t\t\t\t<div class=\"elementor-column elementor-col-100 elementor-top-column elementor-element elementor-element-53dc3970\" data-id=\"53dc3970\" data-element_type=\"column\" data-e-type=\"column\">\n\t\t\t<div class=\"elementor-widget-wrap elementor-element-populated\">\n\t\t\t\t\t\t<section class=\"elementor-section elementor-inner-section elementor-element elementor-element-5cc36d4b elementor-section-boxed elementor-section-height-default elementor-section-height-default\" data-id=\"5cc36d4b\" data-element_type=\"section\" data-e-type=\"section\">\n\t\t\t\t\t\t<div class=\"elementor-container elementor-column-gap-default\">\n\t\t\t\t\t<div class=\"elementor-column elementor-col-100 elementor-inner-column elementor-element elementor-element-169e9379\" data-id=\"169e9379\" data-element_type=\"column\" data-e-type=\"column\">\n\t\t\t<div class=\"elementor-widget-wrap elementor-element-populated\">\n\t\t\t\t\t\t<div data-dce-text-color=\"#FFFFFF\" class=\"elementor-element elementor-element-35becd01 elementor-align-right custom-breadcrumb elementor-widget elementor-widget-breadcrumbs\" data-id=\"35becd01\" data-element_type=\"widget\" data-e-type=\"widget\" data-widget_type=\"breadcrumbs.default\">\n\t\t\t\t<div class=\"elementor-widget-container\">\n\t\t\t\t\t<p id=\"breadcrumbs\"><span><span><a href=\"https:\/\/oktamam.com\/en\/\">Home<\/a><\/span><\/span><\/p>\t\t\t\t<\/div>\n\t\t\t\t<\/div>\n\t\t\t\t\t<\/div>\n\t\t<\/div>\n\t\t\t\t\t<\/div>\n\t\t<\/section>\n\t\t\t\t\t<\/div>\n\t\t<\/div>\n\t\t\t\t\t<\/div>\n\t\t<\/section>\n\t\t\t\t<\/div>\n\t\t\t\t<\/div>\n\t\t\t\t\t\t<\/div>\n\t\t\t\t<\/div>\n\t\t\t\t\t<\/div>\n\t\t<\/div>\n\t\t\t\t\t<\/div>\n\t\t<\/section>\n\t\t\t\t<section class=\"elementor-section elementor-top-section elementor-element elementor-element-5344d8d5 elementor-section-boxed elementor-section-height-default elementor-section-height-default\" data-id=\"5344d8d5\" data-element_type=\"section\" data-e-type=\"section\">\n\t\t\t\t\t\t<div class=\"elementor-container elementor-column-gap-default\">\n\t\t\t\t\t<div class=\"elementor-column elementor-col-100 elementor-top-column elementor-element elementor-element-4a08133c\" data-id=\"4a08133c\" data-element_type=\"column\" data-e-type=\"column\">\n\t\t\t<div class=\"elementor-widget-wrap elementor-element-populated\">\n\t\t\t\t\t\t<div class=\"elementor-element elementor-element-750b7516 other_pages-featured-img dce_masking-none elementor-widget elementor-widget-image\" data-id=\"750b7516\" data-element_type=\"widget\" data-e-type=\"widget\" data-widget_type=\"image.default\">\n\t\t\t\t<div class=\"elementor-widget-container\">\n\t\t\t\t\t\t\t\t\t\t\t\t\t\t\t<img fetchpriority=\"high\" decoding=\"async\" width=\"600\" height=\"300\" src=\"https:\/\/oktamam.com\/wp-content\/uploads\/2023\/05\/headline.jpg\" class=\"attachment-full size-full wp-image-129899\" alt=\"\" srcset=\"https:\/\/oktamam.com\/wp-content\/uploads\/2023\/05\/headline.jpg 600w, https:\/\/oktamam.com\/wp-content\/uploads\/2023\/05\/headline-300x150.jpg 300w\" sizes=\"(max-width: 600px) 100vw, 600px\" \/>\t\t\t\t\t\t\t\t\t\t\t\t\t\t\t<\/div>\n\t\t\t\t<\/div>\n\t\t\t\t\t<\/div>\n\t\t<\/div>\n\t\t\t\t\t<\/div>\n\t\t<\/section>\n\t\t\t\t<section class=\"elementor-section elementor-top-section elementor-element elementor-element-76a6e2d3 elementor-section-boxed elementor-section-height-default elementor-section-height-default\" data-id=\"76a6e2d3\" data-element_type=\"section\" data-e-type=\"section\">\n\t\t\t\t\t\t<div class=\"elementor-container elementor-column-gap-default\">\n\t\t\t\t\t<div class=\"elementor-column elementor-col-100 elementor-top-column elementor-element elementor-element-5bbdf23c other-pages-titles\" data-id=\"5bbdf23c\" data-element_type=\"column\" data-e-type=\"column\">\n\t\t\t<div class=\"elementor-widget-wrap elementor-element-populated\">\n\t\t\t\t\t\t<div class=\"elementor-element elementor-element-d379d14 elementor-widget elementor-widget-heading\" data-id=\"d379d14\" data-element_type=\"widget\" data-e-type=\"widget\" data-widget_type=\"heading.default\">\n\t\t\t\t<div class=\"elementor-widget-container\">\n\t\t\t\t\t<h1 class=\"elementor-heading-title elementor-size-default\">Education System in Turkey<\/h1>\t\t\t\t<\/div>\n\t\t\t\t<\/div>\n\t\t\t\t<div class=\"elementor-element elementor-element-660220a3 exam-titles elementor-widget elementor-widget-text-editor\" data-id=\"660220a3\" data-element_type=\"widget\" data-e-type=\"widget\" data-widget_type=\"text-editor.default\">\n\t\t\t\t<div class=\"elementor-widget-container\">\n\t\t\t\t\t\t\t\t\t<p dir=\"ltr\"><span style=\"font-weight: 400;\">Education System in Turkey \u2013 Primary Education System in Turkey \u2013 Education System in Turkey \u2013 What is the Education System in Turkey &#8211; Education System in Turkey \u2013 Educational System in Turkey \u2013 Higher Education System in Turkey Pre-university education for Syrians in Turkey \u2013 Secondary Education System in Turkey<\/span><\/p>\t\t\t\t\t\t\t\t<\/div>\n\t\t\t\t<\/div>\n\t\t\t\t<div class=\"elementor-element elementor-element-7e92a6f5 elementor-widget elementor-widget-text-editor\" data-id=\"7e92a6f5\" data-element_type=\"widget\" data-e-type=\"widget\" data-widget_type=\"text-editor.default\">\n\t\t\t\t<div class=\"elementor-widget-container\">\n\t\t\t\t\t\t\t\t\t<p dir=\"ltr\"><span style=\"font-weight: 400;\">The public education system in Turkey includes kindergarten (pre-school stage), primary, secondary, and higher education from 2014 to 2016.<\/span><\/p><p><span style=\"font-weight: 400;\">Nursery &#8211; Elementary &#8211; Middle &#8211; Secondary &#8211; Vocational &#8211; University<\/span><\/p><p><span style=\"font-weight: 400;\">Education system in Turkey &#8211; Elementary education system in Turkey &#8211; Education system in Turkey<\/span><\/p><p><span style=\"font-weight: 400;\">Education system in Turkey &#8211; What is the education system in Turkey? Education system in Turkey &#8211; Education system in Turkey &#8211; Higher education system in Turkey Pre-university education for Syrians in Turkey &#8211; Secondary education system in Turkey<\/span><\/p>\t\t\t\t\t\t\t\t<\/div>\n\t\t\t\t<\/div>\n\t\t\t\t\t<\/div>\n\t\t<\/div>\n\t\t\t\t\t<\/div>\n\t\t<\/section>\n\t\t\t\t<section class=\"elementor-section elementor-top-section elementor-element elementor-element-1e9d8371 elementor-section-boxed elementor-section-height-default elementor-section-height-default\" data-id=\"1e9d8371\" data-element_type=\"section\" data-e-type=\"section\" data-settings=\"{&quot;background_background&quot;:&quot;classic&quot;}\">\n\t\t\t\t\t\t<div class=\"elementor-container elementor-column-gap-default\">\n\t\t\t\t\t<div class=\"elementor-column elementor-col-100 elementor-top-column elementor-element elementor-element-756ffc80 other-pages-content\" data-id=\"756ffc80\" data-element_type=\"column\" data-e-type=\"column\" data-settings=\"{&quot;background_background&quot;:&quot;classic&quot;}\">\n\t\t\t<div class=\"elementor-widget-wrap elementor-element-populated\">\n\t\t\t\t\t\t<div class=\"elementor-element elementor-element-514d7f7f elementor-widget elementor-widget-text-editor\" data-id=\"514d7f7f\" data-element_type=\"widget\" data-e-type=\"widget\" data-widget_type=\"text-editor.default\">\n\t\t\t\t<div class=\"elementor-widget-container\">\n\t\t\t\t\t\t\t\t\t<p dir=\"ltr\" style=\"text-align: left;\"><span style=\"font-weight: 400;\">The education system in Turkey &#8211; Primary education System in Turkey, aims to provide equal rights and obligations to all Turkish citizens and foreign residents in the Republic of Turkey.<\/span><\/p><h3 style=\"text-align: left;\"><strong>Kindergarten (Preschool Stage):<\/strong><\/h3><p dir=\"ltr\" style=\"text-align: left;\"><span style=\"font-weight: 400;\">This stage is non-compulsory and includes children aged between 3-5 years old. It focuses on raising children who have yet to reach the compulsory primary education stage.<\/span><\/p><h3 dir=\"ltr\" style=\"text-align: left;\"><strong>Primary and Secondary Education :<\/strong><\/h3><p dir=\"ltr\" style=\"text-align: left;\"><span style=\"font-weight: 400;\">Primary education covers children aged between 6-14 years old. Primary education in Turkey is mandatory for all citizens without any discrimination. Additionally, the compulsory duration of primary education is eight years and is provided free of charge to all citizens studying in government schools. At the end of primary education, students are provided with information about studying in public, vocational, and technical schools and their chosen profession.<\/span><\/p><h3 style=\"text-align: left;\"><strong>Middle School \u2013 High School :<\/strong><\/h3><p dir=\"ltr\" style=\"text-align: left;\"><span style=\"font-weight: 400;\">This is the stage following primary education, whether general, vocational, or technical. The duration of study in middle school is four years.<\/span><\/p><p dir=\"ltr\" style=\"text-align: left;\"><strong>High Schools:<\/strong><\/p><ul dir=\"ltr\" style=\"text-align: left;\"><li><span style=\"font-weight: 400;\">Anadol High Schools &#8211; Anadolu Liseleri<\/span><\/li><li><span style=\"font-weight: 400;\">Science High Schools &#8211; Fen Liseleri<\/span><\/li><li><span style=\"font-weight: 400;\">Anadol High Schools for Teachers &#8211; Anadolu \u00d6\u011fretmen Liseleri<\/span><\/li><li><span style=\"font-weight: 400;\">Anadol Fine Arts High Schools &#8211; Anadolu G\u00fczel Sanatlar Liseleri<\/span><\/li><li><span style=\"font-weight: 400;\">Anadol Social Sciences High Schools &#8211; Sosyal Bilimler Liseleri<\/span><\/li><li>Sports High Schools &#8211; Spor Liseleri<\/li><\/ul><p dir=\"ltr\" style=\"text-align: left;\"><strong>Vocational and Technical Schools\u00a0<\/strong><\/p><ul dir=\"ltr\"><li style=\"text-align: left;\"><span style=\"font-weight: 400;\">Male Technical Education Schools &#8211; Erkek Teknik \u00d6\u011fretim Okullar\u0131<\/span><\/li><li style=\"text-align: left;\"><span style=\"font-weight: 400;\">Female Technical Education Schools &#8211; K\u0131z Teknik \u00d6\u011fretim Okullar\u0131<\/span><\/li><li style=\"text-align: left;\"><span style=\"font-weight: 400;\">Commerce and Tourism Education Schools &#8211; Ticaret ve Turizm \u00d6\u011fretimi Okullar\u0131<\/span><\/li><li style=\"text-align: left;\"><span style=\"font-weight: 400;\">Religious Education Schools &#8211; Din \u00d6\u011fretimi Okullar\u0131<\/span><\/li><li style=\"text-align: left;\"><span style=\"font-weight: 400;\">Special Education Schools &#8211; \u00d6zel E\u011fitim Okullar\u0131<\/span><\/li><li style=\"text-align: left;\"><span style=\"font-weight: 400;\">Health Vocational High Schools &#8211; Sa\u011fl\u0131k Meslek Liseleri<\/span><\/li><li style=\"text-align: left;\"><span style=\"font-weight: 400;\">Agricultural Vocational High Schools &#8211; Tar\u0131m Meslek Liseleri<\/span><\/li><li style=\"text-align: left;\"><span style=\"font-weight: 400;\">Justice Vocational High Schools &#8211; Adalet Meslek Liseleri<\/span><\/li><li style=\"text-align: left;\"><span style=\"font-weight: 400;\">Land Registry and Cadastre Vocational High Schools &#8211; Tapu ve Kadastro Meslek Liseleri<\/span><\/li><li style=\"text-align: left;\"><span style=\"font-weight: 400;\">Anatolian Meteorology Vocational High Schools &#8211; Anadolu Meteoroloji Meslek Liseleri<\/span><\/li><\/ul>\t\t\t\t\t\t\t\t<\/div>\n\t\t\t\t<\/div>\n\t\t\t\t\t<\/div>\n\t\t<\/div>\n\t\t\t\t\t<\/div>\n\t\t<\/section>\n\t\t\t\t<\/div>\n\t\t","protected":false},"excerpt":{"rendered":"<p>Education System in Turkey \u2013 Primary Education System in Turkey \u2013 Education System in Turkey \u2013 What is the Education System in Turkey &#8211; Education [&hellip;]<\/p>\n","protected":false},"author":24,"featured_media":129899,"parent":0,"menu_order":0,"comment_status":"open","ping_status":"closed","template":"","meta":{"_acf_changed":false,"footnotes":""},"class_list":["post-156141","page","type-page","status-publish","has-post-thumbnail","hentry"],"acf":[],"yoast_head":"<!-- This site is optimized with the Yoast SEO Premium plugin v27.1 (Yoast SEO v27.1.1) - https:\/\/yoast.com\/product\/yoast-seo-premium-wordpress\/ -->\n<title>Education System in Turkey<\/title>\n<meta name=\"description\" content=\"\u0646\u0638\u0627\u0645 \u0627\u0644\u062a\u0639\u0644\u064a\u0645 \u0641\u064a \u062a\u0631\u0643\u064a\u0627\" \/>\n<meta name=\"robots\" content=\"index, follow, max-snippet:-1, max-image-preview:large, max-video-preview:-1\" \/>\n<link rel=\"canonical\" href=\"https:\/\/oktamam.com\/en\/education-system-in-turkey\/\" \/>\n<meta property=\"og:locale\" content=\"en_US\" \/>\n<meta property=\"og:type\" content=\"article\" \/>\n<meta property=\"og:title\" content=\"Education System in Turkey\" \/>\n<meta property=\"og:description\" content=\"\u0646\u0638\u0627\u0645 \u0627\u0644\u062a\u0639\u0644\u064a\u0645 \u0641\u064a \u062a\u0631\u0643\u064a\u0627\" \/>\n<meta property=\"og:url\" content=\"https:\/\/oktamam.com\/en\/education-system-in-turkey\/\" \/>\n<meta property=\"og:site_name\" content=\"\u0627\u0648\u0643\u064a \u062a\u0645\u0627\u0645\" \/>\n<meta property=\"article:publisher\" content=\"https:\/\/www.facebook.com\/oktamamcom\" \/>\n<meta property=\"article:modified_time\" content=\"2024-04-23T08:44:18+00:00\" \/>\n<meta property=\"og:image\" content=\"https:\/\/oktamam.com\/wp-content\/uploads\/2023\/05\/headline.jpg\" \/>\n\t<meta property=\"og:image:width\" content=\"600\" \/>\n\t<meta property=\"og:image:height\" content=\"300\" \/>\n\t<meta property=\"og:image:type\" content=\"image\/jpeg\" \/>\n<meta name=\"twitter:card\" content=\"summary_large_image\" \/>\n<meta name=\"twitter:site\" content=\"@ok_tamam\" \/>\n<script type=\"application\/ld+json\" class=\"yoast-schema-graph\">{\"@context\":\"https:\/\/schema.org\",\"@graph\":[{\"@type\":\"WebPage\",\"@id\":\"https:\/\/oktamam.com\/en\/education-system-in-turkey\/\",\"url\":\"https:\/\/oktamam.com\/en\/education-system-in-turkey\/\",\"name\":\"Education System in Turkey\",\"isPartOf\":{\"@id\":\"https:\/\/oktamam.com\/en\/#website\"},\"primaryImageOfPage\":{\"@id\":\"https:\/\/oktamam.com\/en\/education-system-in-turkey\/#primaryimage\"},\"image\":{\"@id\":\"https:\/\/oktamam.com\/en\/education-system-in-turkey\/#primaryimage\"},\"thumbnailUrl\":\"https:\/\/oktamam.com\/wp-content\/uploads\/2023\/05\/headline.jpg\",\"datePublished\":\"2023-05-28T07:08:53+00:00\",\"dateModified\":\"2024-04-23T08:44:18+00:00\",\"description\":\"\u0646\u0638\u0627\u0645 \u0627\u0644\u062a\u0639\u0644\u064a\u0645 \u0641\u064a \u062a\u0631\u0643\u064a\u0627\",\"breadcrumb\":{\"@id\":\"https:\/\/oktamam.com\/en\/education-system-in-turkey\/#breadcrumb\"},\"inLanguage\":\"en-US\",\"potentialAction\":[{\"@type\":\"ReadAction\",\"target\":[\"https:\/\/oktamam.com\/en\/education-system-in-turkey\/\"]}]},{\"@type\":\"ImageObject\",\"inLanguage\":\"en-US\",\"@id\":\"https:\/\/oktamam.com\/en\/education-system-in-turkey\/#primaryimage\",\"url\":\"https:\/\/oktamam.com\/wp-content\/uploads\/2023\/05\/headline.jpg\",\"contentUrl\":\"https:\/\/oktamam.com\/wp-content\/uploads\/2023\/05\/headline.jpg\",\"width\":600,\"height\":300},{\"@type\":\"BreadcrumbList\",\"@id\":\"https:\/\/oktamam.com\/en\/education-system-in-turkey\/#breadcrumb\",\"itemListElement\":[{\"@type\":\"ListItem\",\"position\":1,\"name\":\"Home\",\"item\":\"https:\/\/oktamam.com\/en\/\"},{\"@type\":\"ListItem\",\"position\":2,\"name\":\"Education System in Turkey\"}]},{\"@type\":\"WebSite\",\"@id\":\"https:\/\/oktamam.com\/en\/#website\",\"url\":\"https:\/\/oktamam.com\/en\/\",\"name\":\"\u0627\u0648\u0643\u064a \u062a\u0645\u0627\u0645\",\"description\":\"\u0627\u0644\u062f\u0631\u0627\u0633\u0629 \u0641\u064a \u0627\u0644\u062e\u0627\u0631\u062c\",\"publisher\":{\"@id\":\"https:\/\/oktamam.com\/en\/#organization\"},\"potentialAction\":[{\"@type\":\"SearchAction\",\"target\":{\"@type\":\"EntryPoint\",\"urlTemplate\":\"https:\/\/oktamam.com\/en\/?s={search_term_string}\"},\"query-input\":{\"@type\":\"PropertyValueSpecification\",\"valueRequired\":true,\"valueName\":\"search_term_string\"}}],\"inLanguage\":\"en-US\"},{\"@type\":\"Organization\",\"@id\":\"https:\/\/oktamam.com\/en\/#organization\",\"name\":\"\u0627\u0648\u0643\u064a \u062a\u0645\u0627\u0645\",\"url\":\"https:\/\/oktamam.com\/en\/\",\"logo\":{\"@type\":\"ImageObject\",\"inLanguage\":\"en-US\",\"@id\":\"https:\/\/oktamam.com\/en\/#\/schema\/logo\/image\/\",\"url\":\"https:\/\/oktamam.com\/wp-content\/uploads\/2023\/04\/oktamam_logo_v-01.png\",\"contentUrl\":\"https:\/\/oktamam.com\/wp-content\/uploads\/2023\/04\/oktamam_logo_v-01.png\",\"width\":1030,\"height\":1030,\"caption\":\"\u0627\u0648\u0643\u064a \u062a\u0645\u0627\u0645\"},\"image\":{\"@id\":\"https:\/\/oktamam.com\/en\/#\/schema\/logo\/image\/\"},\"sameAs\":[\"https:\/\/www.facebook.com\/oktamamcom\",\"https:\/\/x.com\/ok_tamam\",\"https:\/\/instagram.com\/oktamam\",\"https:\/\/www.linkedin.com\/company\/ok-tamam\",\"https:\/\/www.youtube.com\/ok-tamam-group\"]}]}<\/script>\n<!-- \/ Yoast SEO Premium plugin. -->","yoast_head_json":{"title":"Education System in Turkey","description":"\u0646\u0638\u0627\u0645 \u0627\u0644\u062a\u0639\u0644\u064a\u0645 \u0641\u064a \u062a\u0631\u0643\u064a\u0627","robots":{"index":"index","follow":"follow","max-snippet":"max-snippet:-1","max-image-preview":"max-image-preview:large","max-video-preview":"max-video-preview:-1"},"canonical":"https:\/\/oktamam.com\/en\/education-system-in-turkey\/","og_locale":"en_US","og_type":"article","og_title":"Education System in Turkey","og_description":"\u0646\u0638\u0627\u0645 \u0627\u0644\u062a\u0639\u0644\u064a\u0645 \u0641\u064a \u062a\u0631\u0643\u064a\u0627","og_url":"https:\/\/oktamam.com\/en\/education-system-in-turkey\/","og_site_name":"\u0627\u0648\u0643\u064a \u062a\u0645\u0627\u0645","article_publisher":"https:\/\/www.facebook.com\/oktamamcom","article_modified_time":"2024-04-23T08:44:18+00:00","og_image":[{"width":600,"height":300,"url":"https:\/\/oktamam.com\/wp-content\/uploads\/2023\/05\/headline.jpg","type":"image\/jpeg"}],"twitter_card":"summary_large_image","twitter_site":"@ok_tamam","schema":{"@context":"https:\/\/schema.org","@graph":[{"@type":"WebPage","@id":"https:\/\/oktamam.com\/en\/education-system-in-turkey\/","url":"https:\/\/oktamam.com\/en\/education-system-in-turkey\/","name":"Education System in Turkey","isPartOf":{"@id":"https:\/\/oktamam.com\/en\/#website"},"primaryImageOfPage":{"@id":"https:\/\/oktamam.com\/en\/education-system-in-turkey\/#primaryimage"},"image":{"@id":"https:\/\/oktamam.com\/en\/education-system-in-turkey\/#primaryimage"},"thumbnailUrl":"https:\/\/oktamam.com\/wp-content\/uploads\/2023\/05\/headline.jpg","datePublished":"2023-05-28T07:08:53+00:00","dateModified":"2024-04-23T08:44:18+00:00","description":"\u0646\u0638\u0627\u0645 \u0627\u0644\u062a\u0639\u0644\u064a\u0645 \u0641\u064a \u062a\u0631\u0643\u064a\u0627","breadcrumb":{"@id":"https:\/\/oktamam.com\/en\/education-system-in-turkey\/#breadcrumb"},"inLanguage":"en-US","potentialAction":[{"@type":"ReadAction","target":["https:\/\/oktamam.com\/en\/education-system-in-turkey\/"]}]},{"@type":"ImageObject","inLanguage":"en-US","@id":"https:\/\/oktamam.com\/en\/education-system-in-turkey\/#primaryimage","url":"https:\/\/oktamam.com\/wp-content\/uploads\/2023\/05\/headline.jpg","contentUrl":"https:\/\/oktamam.com\/wp-content\/uploads\/2023\/05\/headline.jpg","width":600,"height":300},{"@type":"BreadcrumbList","@id":"https:\/\/oktamam.com\/en\/education-system-in-turkey\/#breadcrumb","itemListElement":[{"@type":"ListItem","position":1,"name":"Home","item":"https:\/\/oktamam.com\/en\/"},{"@type":"ListItem","position":2,"name":"Education System in Turkey"}]},{"@type":"WebSite","@id":"https:\/\/oktamam.com\/en\/#website","url":"https:\/\/oktamam.com\/en\/","name":"\u0627\u0648\u0643\u064a \u062a\u0645\u0627\u0645","description":"\u0627\u0644\u062f\u0631\u0627\u0633\u0629 \u0641\u064a \u0627\u0644\u062e\u0627\u0631\u062c","publisher":{"@id":"https:\/\/oktamam.com\/en\/#organization"},"potentialAction":[{"@type":"SearchAction","target":{"@type":"EntryPoint","urlTemplate":"https:\/\/oktamam.com\/en\/?s={search_term_string}"},"query-input":{"@type":"PropertyValueSpecification","valueRequired":true,"valueName":"search_term_string"}}],"inLanguage":"en-US"},{"@type":"Organization","@id":"https:\/\/oktamam.com\/en\/#organization","name":"\u0627\u0648\u0643\u064a \u062a\u0645\u0627\u0645","url":"https:\/\/oktamam.com\/en\/","logo":{"@type":"ImageObject","inLanguage":"en-US","@id":"https:\/\/oktamam.com\/en\/#\/schema\/logo\/image\/","url":"https:\/\/oktamam.com\/wp-content\/uploads\/2023\/04\/oktamam_logo_v-01.png","contentUrl":"https:\/\/oktamam.com\/wp-content\/uploads\/2023\/04\/oktamam_logo_v-01.png","width":1030,"height":1030,"caption":"\u0627\u0648\u0643\u064a \u062a\u0645\u0627\u0645"},"image":{"@id":"https:\/\/oktamam.com\/en\/#\/schema\/logo\/image\/"},"sameAs":["https:\/\/www.facebook.com\/oktamamcom","https:\/\/x.com\/ok_tamam","https:\/\/instagram.com\/oktamam","https:\/\/www.linkedin.com\/company\/ok-tamam","https:\/\/www.youtube.com\/ok-tamam-group"]}]}},"_links":{"self":[{"href":"https:\/\/oktamam.com\/en\/wp-json\/wp\/v2\/pages\/156141","targetHints":{"allow":["GET"]}}],"collection":[{"href":"https:\/\/oktamam.com\/en\/wp-json\/wp\/v2\/pages"}],"about":[{"href":"https:\/\/oktamam.com\/en\/wp-json\/wp\/v2\/types\/page"}],"author":[{"embeddable":true,"href":"https:\/\/oktamam.com\/en\/wp-json\/wp\/v2\/users\/24"}],"replies":[{"embeddable":true,"href":"https:\/\/oktamam.com\/en\/wp-json\/wp\/v2\/comments?post=156141"}],"version-history":[{"count":15,"href":"https:\/\/oktamam.com\/en\/wp-json\/wp\/v2\/pages\/156141\/revisions"}],"predecessor-version":[{"id":172366,"href":"https:\/\/oktamam.com\/en\/wp-json\/wp\/v2\/pages\/156141\/revisions\/172366"}],"wp:featuredmedia":[{"embeddable":true,"href":"https:\/\/oktamam.com\/en\/wp-json\/wp\/v2\/media\/129899"}],"wp:attachment":[{"href":"https:\/\/oktamam.com\/en\/wp-json\/wp\/v2\/media?parent=156141"}],"curies":[{"name":"wp","href":"https:\/\/api.w.org\/{rel}","templated":true}]}}